{"id":11857,"date":"2023-12-02T11:08:52","date_gmt":"2023-12-02T10:08:52","guid":{"rendered":"https:\/\/electro-tot-menage.es\/?post_type=product&#038;p=11857"},"modified":"2025-05-28T04:09:15","modified_gmt":"2025-05-28T02:09:15","slug":"refrigerateur-1-porte-california-crf242p1w-11","status":"publish","type":"product","link":"https:\/\/electro-tot-menage.es\/index.php\/produit\/refrigerateur-1-porte-california-crf242p1w-11\/","title":{"rendered":"Refrigerador de una puerta California CRF242P1W-11"},"content":{"rendered":"<p>CARACTER\u00cdSTICAS<br \/>\nNORMAS EUROPEAS (marzo de 2021)<br \/>\nTipo de construcci\u00f3n Independiente<br \/>\nIEEE 100<br \/>\nVolumen total (L) 242<br \/>\nClase de eficiencia energ\u00e9tica E<br \/>\nNivel de sonido (dB) 40<br \/>\nClase C de emisi\u00f3n de ruido ac\u00fastico a\u00e9reo<br \/>\nConso. energ\u00eda anual (kWh\/a\u00f1o) 104<br \/>\nClase clim\u00e1tica N-ST. Este dispositivo est\u00e1 dise\u00f1ado para utilizarse a una temperatura ambiente entre 16 \u00b0C y 38 \u00b0C.<br \/>\nConfiguraci\u00f3n de invierno No<br \/>\nVolumen del refrigerador (L) 242<br \/>\nTemperatura recomendada para el almacenamiento optimizado de alimentos frescos (\u00b0C) 4<br \/>\nManual del modo de descongelaci\u00f3n del refrigerador<br \/>\nVolumen del congelador (L) 0<br \/>\nGENERAL<br \/>\nRefrigerador tipo 1 puerta<br \/>\nTipo de refrigerador Refrigerador de una puerta<br \/>\nClase energ\u00e9tica E<br \/>\nVolumen (L) 242<br \/>\nN\u00famero de puerta(s) 1<br \/>\nTodo \u00fatil S\u00ed<br \/>\nRegulaci\u00f3n mec\u00e1nica de la temperatura<br \/>\nNo conectado<br \/>\nColor blanco<br \/>\nREFRIGERADOR<br \/>\nTipo de descongelaci\u00f3n Manual<br \/>\nRefrigerador est\u00e1tico fr\u00edo<br \/>\nTipo de estante(s) Vidrio<br \/>\nN\u00famero total de estantes: 4<br \/>\nN\u00famero de balcones de puerta 4<br \/>\nCONGELADOR<br \/>\nPosici\u00f3n del congelador Sin congelador<br \/>\nEQUIPO<br \/>\nPuerta reversible S\u00ed<br \/>\nTipo de manija(s) Integrada<br \/>\nEquipamiento frigor\u00edfico Caj\u00f3n para verduras<br \/>\nPANTALLA Y PANTALLA<br \/>\nPantalla No<br \/>\nDIMENSIONES Y PESO<br \/>\nAltura (cm) 142,6<br \/>\nAncho (cm) 54,4<br \/>\nProfundidad (cm) 55,6<br \/>\nPeso (kg) 38<br \/>\nREPUESTOS Y REPARACIONES<br \/>\nDisponibilidad de repuestos (a\u00f1o) 005<br \/>\nFecha de entrada en vigor de la compra del consumidor<\/p>\n","protected":false},"excerpt":{"rendered":"<p>\u2705 Env\u00edo gratuito: de 5 a 7 d\u00edas<br \/>\n\u2705 Env\u00edo expr\u00e9s (9\u202f\u20ac): de 2 a 3 d\u00edas<br \/>\n\u2705 Pago seguro<br \/>\n\u2705 Devoluci\u00f3n en 30 d\u00edas<\/p>\n","protected":false},"featured_media":13502,"comment_status":"closed","ping_status":"closed","template":"","meta":[],"product_cat":[103,118,115],"product_tag":[],"class_list":["post-11857","product","type-product","status-publish","has-post-thumbnail","hentry","product_cat-electrodomesticos-gordos","product_cat-frigorifico-con-1-puerta","product_cat-refrigerador"],"_links":{"self":[{"href":"https:\/\/electro-tot-menage.es\/index.php\/wp-json\/wp\/v2\/product\/11857"}],"collection":[{"href":"https:\/\/electro-tot-menage.es\/index.php\/wp-json\/wp\/v2\/product"}],"about":[{"href":"https:\/\/electro-tot-menage.es\/index.php\/wp-json\/wp\/v2\/types\/product"}],"replies":[{"embeddable":true,"href":"https:\/\/electro-tot-menage.es\/index.php\/wp-json\/wp\/v2\/comments?post=11857"}],"version-history":[{"count":4,"href":"https:\/\/electro-tot-menage.es\/index.php\/wp-json\/wp\/v2\/product\/11857\/revisions"}],"predecessor-version":[{"id":14604,"href":"https:\/\/electro-tot-menage.es\/index.php\/wp-json\/wp\/v2\/product\/11857\/revisions\/14604"}],"wp:featuredmedia":[{"embeddable":true,"href":"https:\/\/electro-tot-menage.es\/index.php\/wp-json\/wp\/v2\/media\/13502"}],"wp:attachment":[{"href":"https:\/\/electro-tot-menage.es\/index.php\/wp-json\/wp\/v2\/media?parent=11857"}],"wp:term":[{"taxonomy":"product_cat","embeddable":true,"href":"https:\/\/electro-tot-menage.es\/index.php\/wp-json\/wp\/v2\/product_cat?post=11857"},{"taxonomy":"product_tag","embeddable":true,"href":"https:\/\/electro-tot-menage.es\/index.php\/wp-json\/wp\/v2\/product_tag?post=11857"}],"curies":[{"name":"wp","href":"https:\/\/api.w.org\/{rel}","templated":true}]}}