{"id":11756,"date":"2023-12-02T11:08:08","date_gmt":"2023-12-02T10:08:08","guid":{"rendered":"https:\/\/electro-tot-menage.es\/?post_type=product&#038;p=11756"},"modified":"2025-05-28T04:11:27","modified_gmt":"2025-05-28T02:11:27","slug":"combine-inverse-samsung-rb34t602eb1","status":"publish","type":"product","link":"https:\/\/electro-tot-menage.es\/index.php\/produit\/combine-inverse-samsung-rb34t602eb1\/","title":{"rendered":"Combinaci\u00f3n inversa SAMSUNG RB34T602EB1"},"content":{"rendered":"<p>CARACTER\u00cdSTICAS<br \/>\nNORMAS EUROPEAS (marzo de 2021)<br \/>\nTipo de construcci\u00f3n Independiente<br \/>\nIEEE 100<br \/>\nVolumen total (L) 344<br \/>\nClase de eficiencia energ\u00e9tica E<br \/>\nNivel de sonido (dB) 35<br \/>\nEmisi\u00f3n de ruido ac\u00fastico a\u00e9reo clase B<br \/>\nConso. energ\u00eda anual (kWh\/a\u00f1o) 254<br \/>\nClase clim\u00e1tica SN-T. Este dispositivo est\u00e1 dise\u00f1ado para utilizarse a una temperatura ambiente entre 10 \u00b0C y 43 \u00b0C.<br \/>\nConfiguraci\u00f3n de invierno No<br \/>\nVolumen del refrigerador (L) 230<br \/>\nTemperatura recomendada para el almacenamiento optimizado de alimentos frescos (\u00b0C) 3<br \/>\nModo de descongelaci\u00f3n autom\u00e1tica del refrigerador<br \/>\nVolumen del congelador (L) 114<br \/>\nTemperatura recomendada para el almacenamiento optimizado de alimentos en el compartimento de 4 estrellas (\u00b0C) -19<br \/>\nModo de descongelaci\u00f3n autom\u00e1tica del congelador<br \/>\nPoder de congelaci\u00f3n espec\u00edfico (kg\/24h) 8<br \/>\nDispositivo de congelaci\u00f3n r\u00e1pida S\u00ed<br \/>\nTipo de fuente de luz LED<br \/>\nFuente de luz de clase de eficiencia energ\u00e9tica G<br \/>\nGENERAL<br \/>\nTipo combinado inverso<br \/>\nTipo de refrigerador Refrigerador &#8211; Congelador inferior<br \/>\nClase energ\u00e9tica E<br \/>\nVolumen (L) 344<br \/>\nAutonom\u00eda (h) 9<br \/>\nN\u00famero de puerta(s) 2<br \/>\nRegulaci\u00f3n electr\u00f3nica de la temperatura<br \/>\nNo conectado<br \/>\nDistribuidor de 3 funciones No<br \/>\nBarra empotrada (Home Bar) No<br \/>\nTecnolog\u00eda miscel\u00e1nea Space Max<br \/>\nColor negro<br \/>\nREFRIGERADOR<br \/>\nTipo de descongelaci\u00f3n Autom\u00e1tico<br \/>\nRefrigerador ventilado fr\u00edo<br \/>\nN\u00famero total de estantes: 4<br \/>\nN\u00famero de estantes para botellas: 1<br \/>\nN\u00famero de balcones de puerta 3<br \/>\nTipo de iluminaci\u00f3n LED<br \/>\nCONGELADOR<br \/>\nN\u00famero de estrellas: 4<br \/>\nPosici\u00f3n del congelador inferior<br \/>\nDescongelaci\u00f3n autom\u00e1tica del congelador<br \/>\nCongelador ventilado fr\u00edo<br \/>\nN\u00famero de caj\u00f3n(es) 3<br \/>\nIluminaci\u00f3n del congelador No<br \/>\nEQUIPO<br \/>\nPuerta reversible S\u00ed<br \/>\nTipo de manija(s) Integrada<br \/>\nDispensador de agua No<br \/>\nEquipamiento frigor\u00edfico 1 caj\u00f3n para frutas y verduras, 1 bandeja para huevos<br \/>\nEquipo de congelaci\u00f3n Bandeja de cubitos de hielo<br \/>\nTipo de compresor Inverter digital<br \/>\nFUNCIONES<br \/>\nRefrigeraci\u00f3n R\u00e1pida o S\u00faper Refrigeraci\u00f3n S\u00ed<br \/>\nCongelador. Congelaci\u00f3n r\u00e1pida o s\u00faper congelaci\u00f3n S\u00ed<br \/>\nAlarma de puerta abierta S\u00ed<br \/>\nAlarma de puerta abierta tipo Audible<br \/>\nPANTALLA Y PANTALLA<br \/>\nPantalla No<br \/>\nDIMENSIONES Y PESO<br \/>\nAltura (cm) 185,3<br \/>\nAncho (cm) 59,5<br \/>\nProfundidad (cm) 65,8<br \/>\nPeso (kg) 66<br \/>\nREPUESTOS Y REPARACIONES<br \/>\nFecha efectiva de compra del consumidor.<br \/>\nDisponibilidad de repuestos (a\u00f1o) 010<\/p>\n","protected":false},"excerpt":{"rendered":"<p>\u2705 Env\u00edo gratuito: de 5 a 7 d\u00edas<br \/>\n\u2705 Env\u00edo expr\u00e9s (9\u202f\u20ac): de 2 a 3 d\u00edas<br \/>\n\u2705 Pago seguro<br \/>\n\u2705 Devoluci\u00f3n en 30 d\u00edas<\/p>\n","protected":false},"featured_media":13392,"comment_status":"closed","ping_status":"closed","template":"","meta":[],"product_cat":[103,117,115],"product_tag":[],"class_list":["post-11756","product","type-product","status-publish","has-post-thumbnail","hentry","product_cat-electrodomesticos-gordos","product_cat-frigorifico-congelador-debajo","product_cat-refrigerador"],"_links":{"self":[{"href":"https:\/\/electro-tot-menage.es\/index.php\/wp-json\/wp\/v2\/product\/11756"}],"collection":[{"href":"https:\/\/electro-tot-menage.es\/index.php\/wp-json\/wp\/v2\/product"}],"about":[{"href":"https:\/\/electro-tot-menage.es\/index.php\/wp-json\/wp\/v2\/types\/product"}],"replies":[{"embeddable":true,"href":"https:\/\/electro-tot-menage.es\/index.php\/wp-json\/wp\/v2\/comments?post=11756"}],"version-history":[{"count":4,"href":"https:\/\/electro-tot-menage.es\/index.php\/wp-json\/wp\/v2\/product\/11756\/revisions"}],"predecessor-version":[{"id":14612,"href":"https:\/\/electro-tot-menage.es\/index.php\/wp-json\/wp\/v2\/product\/11756\/revisions\/14612"}],"wp:featuredmedia":[{"embeddable":true,"href":"https:\/\/electro-tot-menage.es\/index.php\/wp-json\/wp\/v2\/media\/13392"}],"wp:attachment":[{"href":"https:\/\/electro-tot-menage.es\/index.php\/wp-json\/wp\/v2\/media?parent=11756"}],"wp:term":[{"taxonomy":"product_cat","embeddable":true,"href":"https:\/\/electro-tot-menage.es\/index.php\/wp-json\/wp\/v2\/product_cat?post=11756"},{"taxonomy":"product_tag","embeddable":true,"href":"https:\/\/electro-tot-menage.es\/index.php\/wp-json\/wp\/v2\/product_tag?post=11756"}],"curies":[{"name":"wp","href":"https:\/\/api.w.org\/{rel}","templated":true}]}}