{"id":11653,"date":"2023-12-02T11:07:25","date_gmt":"2023-12-02T10:07:25","guid":{"rendered":"https:\/\/electro-tot-menage.es\/?post_type=product&#038;p=11653"},"modified":"2025-05-28T04:12:52","modified_gmt":"2025-05-28T02:12:52","slug":"refrigerador-combinado-invertido-hisense-rb440n4bce","status":"publish","type":"product","link":"https:\/\/electro-tot-menage.es\/index.php\/produit\/refrigerador-combinado-invertido-hisense-rb440n4bce\/","title":{"rendered":"Refrigerador combinado invertido HISENSE RB440N4BCE"},"content":{"rendered":"<p>CARACTER\u00cdSTICAS<br \/>\nNORMAS EUROPEAS (marzo de 2021)<br \/>\nTipo de construcci\u00f3n Independiente<br \/>\nIEEE 100<br \/>\nVolumen total (L) 336<br \/>\nClase de eficiencia energ\u00e9tica E<br \/>\nNivel de sonido (dB) 39<br \/>\nClase C de emisi\u00f3n de ruido ac\u00fastico a\u00e9reo<br \/>\nConso. energ\u00eda anual (kWh\/a\u00f1o) 247<br \/>\nClase clim\u00e1tica SN-ST. Este dispositivo est\u00e1 dise\u00f1ado para utilizarse a una temperatura ambiente entre 10 \u00b0C y 38 \u00b0C.<br \/>\nConfiguraci\u00f3n de invierno No<br \/>\nVolumen del refrigerador (L) 238<br \/>\nTemperatura recomendada para el almacenamiento optimizado de alimentos frescos (\u00b0C) 4<br \/>\nModo de descongelaci\u00f3n autom\u00e1tica del refrigerador<br \/>\nVolumen del congelador (L) 98<br \/>\nTemperatura recomendada para el almacenamiento optimizado de alimentos en el compartimento de 4 estrellas (\u00b0C) -18<br \/>\nModo de descongelaci\u00f3n autom\u00e1tica del congelador<br \/>\nPoder de congelaci\u00f3n espec\u00edfico (kg\/24h) 6<br \/>\nDispositivo de congelaci\u00f3n r\u00e1pida S\u00ed<br \/>\nTipo de fuente de luz LED<br \/>\nFuente de luz de clase de eficiencia energ\u00e9tica G<br \/>\nGENERAL<br \/>\nRefrigerador combinado tipo inverso<br \/>\nTipo de refrigerador Refrigerador &#8211; Congelador inferior<br \/>\nClase energ\u00e9tica E<br \/>\nVolumen (L) 336<br \/>\nAutonom\u00eda (h) 10<br \/>\nN\u00famero de puerta(s) 2<br \/>\nRegulaci\u00f3n electr\u00f3nica de la temperatura<br \/>\nNo conectado<br \/>\nVarios Apertura de 90\u00b0 sin voladizo<br \/>\nColor acero inoxidable<br \/>\nREFRIGERADOR<br \/>\nTipo de descongelaci\u00f3n Autom\u00e1tico<br \/>\nRefrigerador ventilado fr\u00edo<br \/>\nTecnolog\u00eda de fr\u00edo de refrigerador No Frost<br \/>\nTipo de estante(s) Vidrio de seguridad<br \/>\nN\u00famero total de estantes: 3<br \/>\nN\u00famero de estantes para botellas: 1<br \/>\nN\u00famero de balcones de puerta 4<br \/>\nIluminaci\u00f3n LED tipo iluminaci\u00f3n progresiva<br \/>\nCONGELADOR<br \/>\nPosici\u00f3n del congelador inferior<br \/>\nDescongelaci\u00f3n autom\u00e1tica del congelador<br \/>\nCongelador ventilado fr\u00edo<br \/>\nTecnolog\u00eda de fr\u00edo del congelador No Frost<br \/>\nN\u00famero de caj\u00f3n(es) 3<br \/>\nEQUIPO<br \/>\nPuerta reversible S\u00ed<br \/>\nTipo de manija(s) Integrada<br \/>\nDispensador de agua No<br \/>\nEquipamiento frigor\u00edfico Compartimento para frutas y verduras x2 (control de humedad), Bandejas para huevos x2<br \/>\nEquipo de congelaci\u00f3n Bandeja de cubitos de hielo<br \/>\nFUNCIONES<br \/>\nCongelador. Congelaci\u00f3n r\u00e1pida o s\u00faper congelaci\u00f3n S\u00ed<br \/>\nOtras funciones Alarma<br \/>\nPANTALLA Y PANTALLA<br \/>\nPantalla S\u00ed<br \/>\nTipo de pantalla digital para interiores<br \/>\nDIMENSIONES Y PESO<br \/>\nAltura (cm) 200,4<br \/>\nAncho (cm) 59,5<br \/>\nProfundidad (cm) 59<br \/>\nPeso (kg) 64<br \/>\nREPUESTOS Y REPARACIONES<br \/>\nFecha de entrada en vigor No comunicada<br \/>\nDisponibilidad de repuestos (a\u00f1o) No comunicado<\/p>\n","protected":false},"excerpt":{"rendered":"<p>\u2705 Env\u00edo gratuito: de 5 a 7 d\u00edas<br \/>\n\u2705 Env\u00edo expr\u00e9s (9\u202f\u20ac): de 2 a 3 d\u00edas<br \/>\n\u2705 Pago seguro<br \/>\n\u2705 Devoluci\u00f3n en 30 d\u00edas<\/p>\n","protected":false},"featured_media":13633,"comment_status":"closed","ping_status":"closed","template":"","meta":[],"product_cat":[103,117,115],"product_tag":[],"class_list":["post-11653","product","type-product","status-publish","has-post-thumbnail","hentry","product_cat-electrodomesticos-gordos","product_cat-frigorifico-congelador-debajo","product_cat-refrigerador"],"_links":{"self":[{"href":"https:\/\/electro-tot-menage.es\/index.php\/wp-json\/wp\/v2\/product\/11653"}],"collection":[{"href":"https:\/\/electro-tot-menage.es\/index.php\/wp-json\/wp\/v2\/product"}],"about":[{"href":"https:\/\/electro-tot-menage.es\/index.php\/wp-json\/wp\/v2\/types\/product"}],"replies":[{"embeddable":true,"href":"https:\/\/electro-tot-menage.es\/index.php\/wp-json\/wp\/v2\/comments?post=11653"}],"version-history":[{"count":4,"href":"https:\/\/electro-tot-menage.es\/index.php\/wp-json\/wp\/v2\/product\/11653\/revisions"}],"predecessor-version":[{"id":14616,"href":"https:\/\/electro-tot-menage.es\/index.php\/wp-json\/wp\/v2\/product\/11653\/revisions\/14616"}],"wp:featuredmedia":[{"embeddable":true,"href":"https:\/\/electro-tot-menage.es\/index.php\/wp-json\/wp\/v2\/media\/13633"}],"wp:attachment":[{"href":"https:\/\/electro-tot-menage.es\/index.php\/wp-json\/wp\/v2\/media?parent=11653"}],"wp:term":[{"taxonomy":"product_cat","embeddable":true,"href":"https:\/\/electro-tot-menage.es\/index.php\/wp-json\/wp\/v2\/product_cat?post=11653"},{"taxonomy":"product_tag","embeddable":true,"href":"https:\/\/electro-tot-menage.es\/index.php\/wp-json\/wp\/v2\/product_tag?post=11653"}],"curies":[{"name":"wp","href":"https:\/\/api.w.org\/{rel}","templated":true}]}}