{"id":11591,"date":"2023-12-02T11:06:51","date_gmt":"2023-12-02T10:06:51","guid":{"rendered":"https:\/\/electro-tot-menage.es\/?post_type=product&#038;p=11591"},"modified":"2025-04-19T14:02:51","modified_gmt":"2025-04-19T12:02:51","slug":"frigorifico-combinado-inverso-beko-rcsa270k40wn","status":"publish","type":"product","link":"https:\/\/electro-tot-menage.es\/index.php\/produit\/frigorifico-combinado-inverso-beko-rcsa270k40wn\/","title":{"rendered":"Frigor\u00edfico combinado inverso BEKO RCSA270K40WN"},"content":{"rendered":"<p>CARACTER\u00cdSTICAS<br \/>\nNORMAS EUROPEAS (marzo de 2021)<br \/>\nTipo de construcci\u00f3n Independiente<br \/>\nIEEE 100<br \/>\nVolumen total (L) 262<br \/>\nClase de eficiencia energ\u00e9tica E<br \/>\nNivel de sonido (dB) 38<br \/>\nClase C de emisi\u00f3n de ruido ac\u00fastico a\u00e9reo<br \/>\nConso. energ\u00eda anual (kWh\/a\u00f1o) 220<br \/>\nClase clim\u00e1tica SN-ST. Este dispositivo est\u00e1 dise\u00f1ado para utilizarse a una temperatura ambiente entre 10 \u00b0C y 38 \u00b0C.<br \/>\nConfiguraci\u00f3n de invierno No<br \/>\nVolumen del refrigerador (L) 175<br \/>\nTemperatura recomendada para el almacenamiento optimizado de alimentos frescos (\u00b0C) 4<br \/>\nModo de descongelaci\u00f3n autom\u00e1tica del refrigerador<br \/>\nVolumen del congelador (L) 87<br \/>\nTemperatura recomendada para el almacenamiento optimizado de alimentos en el compartimento de 4 estrellas (\u00b0C) -18<br \/>\nModo de descongelaci\u00f3n del congelador Manual<br \/>\nDispositivo de congelaci\u00f3n r\u00e1pida No<br \/>\nTipo de fuente de luz LED<br \/>\nFuente de luz de clase de eficiencia energ\u00e9tica G<br \/>\nGENERAL<br \/>\nRefrigerador combinado tipo inverso<br \/>\nTipo de refrigerador Refrigerador &#8211; Congelador inferior<br \/>\nClase energ\u00e9tica E<br \/>\nVolumen (L) 262<br \/>\nAutonom\u00eda (h) 13<br \/>\nN\u00famero de puerta(s) 2<br \/>\nNo conectado<br \/>\nColor blanco<br \/>\nREFRIGERADOR<br \/>\nTipo de descongelaci\u00f3n Autom\u00e1tico<br \/>\nRefrigerador est\u00e1tico fr\u00edo<br \/>\nTipo de estante(s) Vidrio<br \/>\nN\u00famero total de estantes: 4<br \/>\nN\u00famero de estantes ajustables 3<br \/>\nN\u00famero de balcones de puerta 3<br \/>\nTipo de iluminaci\u00f3n LED<br \/>\nCONGELADOR<br \/>\nPosici\u00f3n del congelador inferior<br \/>\nDescongelaci\u00f3n manual del congelador<br \/>\nCongelador est\u00e1tico con f\u00e1cil descongelaci\u00f3n<br \/>\nTecnolog\u00eda de fr\u00edo del congelador MinFrost<br \/>\nN\u00famero de caj\u00f3n(es) 3<br \/>\nEQUIPO<br \/>\nPuerta reversible S\u00ed<br \/>\nDispensador de agua No<br \/>\nEquipamiento frigor\u00edfico Caj\u00f3n para verduras, Huevera<br \/>\nEquipo de congelaci\u00f3n Bandeja de cubitos de hielo<br \/>\nPANTALLA Y PANTALLA<br \/>\nPantalla No<br \/>\nDIMENSIONES Y PESO<br \/>\nAltura (cm) 170,8<br \/>\nAncho (cm) 54<br \/>\nProfundidad (cm) 57,4<br \/>\nPeso (kg) 53<br \/>\nREPUESTOS Y REPARACIONES<br \/>\nFecha efectiva de compra del consumidor.<br \/>\nDisponibilidad de repuestos (a\u00f1o) 012<\/p>\n","protected":false},"excerpt":{"rendered":"<p>CARACTER\u00cdSTICAS NORMAS EUROPEAS (marzo de 2021) Tipo de construcci\u00f3n Independiente IEEE 100 Volumen total (L) 262 Clase de eficiencia energ\u00e9tica<\/p>\n","protected":false},"featured_media":13605,"comment_status":"closed","ping_status":"closed","template":"","meta":[],"product_cat":[103,117,115],"product_tag":[],"class_list":["post-11591","product","type-product","status-publish","has-post-thumbnail","hentry","product_cat-electrodomesticos-gordos","product_cat-frigorifico-congelador-debajo","product_cat-refrigerador"],"_links":{"self":[{"href":"https:\/\/electro-tot-menage.es\/index.php\/wp-json\/wp\/v2\/product\/11591"}],"collection":[{"href":"https:\/\/electro-tot-menage.es\/index.php\/wp-json\/wp\/v2\/product"}],"about":[{"href":"https:\/\/electro-tot-menage.es\/index.php\/wp-json\/wp\/v2\/types\/product"}],"replies":[{"embeddable":true,"href":"https:\/\/electro-tot-menage.es\/index.php\/wp-json\/wp\/v2\/comments?post=11591"}],"version-history":[{"count":3,"href":"https:\/\/electro-tot-menage.es\/index.php\/wp-json\/wp\/v2\/product\/11591\/revisions"}],"predecessor-version":[{"id":13606,"href":"https:\/\/electro-tot-menage.es\/index.php\/wp-json\/wp\/v2\/product\/11591\/revisions\/13606"}],"wp:featuredmedia":[{"embeddable":true,"href":"https:\/\/electro-tot-menage.es\/index.php\/wp-json\/wp\/v2\/media\/13605"}],"wp:attachment":[{"href":"https:\/\/electro-tot-menage.es\/index.php\/wp-json\/wp\/v2\/media?parent=11591"}],"wp:term":[{"taxonomy":"product_cat","embeddable":true,"href":"https:\/\/electro-tot-menage.es\/index.php\/wp-json\/wp\/v2\/product_cat?post=11591"},{"taxonomy":"product_tag","embeddable":true,"href":"https:\/\/electro-tot-menage.es\/index.php\/wp-json\/wp\/v2\/product_tag?post=11591"}],"curies":[{"name":"wp","href":"https:\/\/api.w.org\/{rel}","templated":true}]}}