{"id":11586,"date":"2023-12-02T11:06:51","date_gmt":"2023-12-02T10:06:51","guid":{"rendered":"https:\/\/electro-tot-menage.es\/?post_type=product&#038;p=11586"},"modified":"2025-05-28T04:14:53","modified_gmt":"2025-05-28T02:14:53","slug":"refrigerador-combinado-invertido-whirlpool-wfnf81eox1","status":"publish","type":"product","link":"https:\/\/electro-tot-menage.es\/index.php\/produit\/refrigerador-combinado-invertido-whirlpool-wfnf81eox1\/","title":{"rendered":"Refrigerador combinado invertido WHIRLPOOL WFNF81EOX1"},"content":{"rendered":"<p>CARACTER\u00cdSTICAS<br \/>\nNORMAS EUROPEAS (marzo de 2021)<br \/>\nTipo de construcci\u00f3n Independiente<br \/>\nIEEE 125<br \/>\nVolumen total (L) 320<br \/>\nClase de eficiencia energ\u00e9tica F<br \/>\nNivel de sonido (dB) 42<br \/>\nClase D de emisi\u00f3n de ruido ac\u00fastico a\u00e9reo<br \/>\nConso. energ\u00eda anual (kWh\/a\u00f1o) 308<br \/>\nClase clim\u00e1tica SN-T. Este dispositivo est\u00e1 dise\u00f1ado para utilizarse a una temperatura ambiente entre 10 \u00b0C y 43 \u00b0C.<br \/>\nConfiguraci\u00f3n de invierno No<br \/>\nVolumen del refrigerador (L) 223<br \/>\nTemperatura recomendada para el almacenamiento optimizado de alimentos frescos (\u00b0C) 4<br \/>\nModo de descongelaci\u00f3n autom\u00e1tica del refrigerador<br \/>\nVolumen del congelador (L) 97<br \/>\nTemperatura recomendada para el almacenamiento optimizado de alimentos en el compartimento de 4 estrellas (\u00b0C) -18<br \/>\nModo de descongelaci\u00f3n autom\u00e1tica del congelador<br \/>\nPoder de congelaci\u00f3n espec\u00edfico (kg\/24h) 9<br \/>\nTipo de fuente de luz LED<br \/>\nClase de eficiencia energ\u00e9tica de la fuente de luz A<br \/>\nGENERAL<br \/>\nRefrigerador combinado tipo inverso<br \/>\nTipo de refrigerador Refrigerador &#8211; Congelador inferior<br \/>\nClase energ\u00e9tica F<br \/>\nVolumen (L) 320<br \/>\nAutonom\u00eda (h) 16<br \/>\nN\u00famero de puerta(s) 2<br \/>\nCualquier No \u00fatil<br \/>\nRegulaci\u00f3n electr\u00f3nica de la temperatura<br \/>\nNo conectado<br \/>\nDistribuidor de 3 funciones No<br \/>\nBarra empotrada (Home Bar) No<br \/>\nColor acero inoxidable<br \/>\nREFRIGERADOR<br \/>\nTipo de descongelaci\u00f3n Autom\u00e1tico<br \/>\nRefrigerador ventilado fr\u00edo<br \/>\nTipo de estante(s) Vidrio<br \/>\nN\u00famero total de estantes: 4<br \/>\nN\u00famero de estantes ajustables 3<br \/>\nN\u00famero de estantes para botellas 0<br \/>\nTipo de iluminaci\u00f3n LED<br \/>\nCONGELADOR<br \/>\nN\u00famero de estrellas: 4<br \/>\nPosici\u00f3n del congelador inferior<br \/>\nDescongelaci\u00f3n autom\u00e1tica del congelador<br \/>\nCongelador ventilado fr\u00edo<br \/>\nN\u00famero de caj\u00f3n(es) 3<br \/>\nEQUIPO<br \/>\nPuerta reversible S\u00ed<br \/>\nTipo de manija(s) Integrada<br \/>\nDispensador de agua No<br \/>\nF\u00e1brica de helados S\u00ed<br \/>\nEquipamiento frigor\u00edfico Caj\u00f3n transparente para verduras, Caj\u00f3n para huevos<br \/>\nEquipo de congelaci\u00f3n Bandeja de cubitos de hielo<br \/>\nFUNCIONES<br \/>\nAlarma de puerta abierta S\u00ed<br \/>\nOtras funciones de la tecnolog\u00eda 6th Sense<br \/>\nPANTALLA Y PANTALLA<br \/>\nPantalla N\/C<br \/>\nDIMENSIONES Y PESO<br \/>\nAltura (cm) 188,8<br \/>\nAncho (cm) 59,5<br \/>\nProfundidad (cm) 65,5<br \/>\nPeso (kg) 67<br \/>\nREPUESTOS Y REPARACIONES<br \/>\nFecha efectiva de compra del consumidor.<br \/>\nDisponibilidad de repuestos (a\u00f1o) 010<\/p>\n","protected":false},"excerpt":{"rendered":"<p>\u2705 Env\u00edo gratuito: de 5 a 7 d\u00edas<br \/>\n\u2705 Env\u00edo expr\u00e9s (9\u202f\u20ac): de 2 a 3 d\u00edas<br \/>\n\u2705 Pago seguro<br \/>\n\u2705 Devoluci\u00f3n en 30 d\u00edas<\/p>\n","protected":false},"featured_media":13636,"comment_status":"closed","ping_status":"closed","template":"","meta":[],"product_cat":[103,117,115],"product_tag":[],"class_list":["post-11586","product","type-product","status-publish","has-post-thumbnail","hentry","product_cat-electrodomesticos-gordos","product_cat-frigorifico-congelador-debajo","product_cat-refrigerador"],"_links":{"self":[{"href":"https:\/\/electro-tot-menage.es\/index.php\/wp-json\/wp\/v2\/product\/11586"}],"collection":[{"href":"https:\/\/electro-tot-menage.es\/index.php\/wp-json\/wp\/v2\/product"}],"about":[{"href":"https:\/\/electro-tot-menage.es\/index.php\/wp-json\/wp\/v2\/types\/product"}],"replies":[{"embeddable":true,"href":"https:\/\/electro-tot-menage.es\/index.php\/wp-json\/wp\/v2\/comments?post=11586"}],"version-history":[{"count":4,"href":"https:\/\/electro-tot-menage.es\/index.php\/wp-json\/wp\/v2\/product\/11586\/revisions"}],"predecessor-version":[{"id":14623,"href":"https:\/\/electro-tot-menage.es\/index.php\/wp-json\/wp\/v2\/product\/11586\/revisions\/14623"}],"wp:featuredmedia":[{"embeddable":true,"href":"https:\/\/electro-tot-menage.es\/index.php\/wp-json\/wp\/v2\/media\/13636"}],"wp:attachment":[{"href":"https:\/\/electro-tot-menage.es\/index.php\/wp-json\/wp\/v2\/media?parent=11586"}],"wp:term":[{"taxonomy":"product_cat","embeddable":true,"href":"https:\/\/electro-tot-menage.es\/index.php\/wp-json\/wp\/v2\/product_cat?post=11586"},{"taxonomy":"product_tag","embeddable":true,"href":"https:\/\/electro-tot-menage.es\/index.php\/wp-json\/wp\/v2\/product_tag?post=11586"}],"curies":[{"name":"wp","href":"https:\/\/api.w.org\/{rel}","templated":true}]}}