{"id":11582,"date":"2023-12-02T11:06:51","date_gmt":"2023-12-02T10:06:51","guid":{"rendered":"https:\/\/electro-tot-menage.es\/?post_type=product&#038;p=11582"},"modified":"2025-05-28T04:13:35","modified_gmt":"2025-05-28T02:13:35","slug":"refrigerateur-2-portes-candy-ccds-5122-w","status":"publish","type":"product","link":"https:\/\/electro-tot-menage.es\/index.php\/produit\/refrigerateur-2-portes-candy-ccds-5122-w\/","title":{"rendered":"Refrigerador de 2 puertas CANDY CCDS 5122 W"},"content":{"rendered":"<p>CARACTER\u00cdSTICAS<br \/>\nNORMAS EUROPEAS (marzo de 2021)<br \/>\nTipo de construcci\u00f3n Independiente<br \/>\nIEEE 124<br \/>\nVolumen total (L) 151<br \/>\nClase de eficiencia energ\u00e9tica F<br \/>\nNivel de sonido (dB) 40<br \/>\nClase C de emisi\u00f3n de ruido ac\u00fastico a\u00e9reo<br \/>\nConso. energ\u00eda anual (kWh\/a\u00f1o) 222<br \/>\nClase clim\u00e1tica N. Este aparato est\u00e1 dise\u00f1ado para utilizarse a una temperatura ambiente entre 16 \u00b0C y 32 \u00b0C.<br \/>\nVolumen del refrigerador (L) 112<br \/>\nTemperatura recomendada para el almacenamiento optimizado de alimentos frescos (\u00b0C) 4<br \/>\nModo de descongelaci\u00f3n autom\u00e1tica del refrigerador<br \/>\nVolumen del congelador (L) 39<br \/>\nTemperatura recomendada para el almacenamiento optimizado de alimentos en el compartimento de 4 estrellas (\u00b0C) -18<br \/>\nModo de descongelaci\u00f3n del congelador Manual<br \/>\nPoder de congelaci\u00f3n espec\u00edfico (kg\/24h) 2,4<br \/>\nTipo de fuente de luz LED<br \/>\nFuente de luz de clase de eficiencia energ\u00e9tica G<br \/>\nGENERAL<br \/>\nRefrigerador tipo 2 puertas<br \/>\nTipo de refrigerador Refrigerador &#8211; Congelador superior<br \/>\nClase energ\u00e9tica F<br \/>\nVolumen (L) 151<br \/>\nN\u00famero de puerta(s) 2<br \/>\nCualquier No \u00fatil<br \/>\nRegulaci\u00f3n mec\u00e1nica de la temperatura<br \/>\nNo conectado<br \/>\nDistribuidor de 3 funciones No<br \/>\nBarra empotrada (Home Bar) No<br \/>\nColor blanco<br \/>\nREFRIGERADOR<br \/>\nTipo de descongelaci\u00f3n Autom\u00e1tico<br \/>\nRefrigerador est\u00e1tico fr\u00edo<br \/>\nZona 0\u00b0C \/ Compartimento de frescura n.\u00b0<br \/>\nTipo de estante(s) Vidrio<br \/>\nN\u00famero de estantes ajustables: 2<br \/>\nN\u00famero de estantes para botellas Ninguno<br \/>\nN\u00famero de balcones de puerta 3<br \/>\nTipo de iluminaci\u00f3n LED<br \/>\nCONGELADOR<br \/>\nN\u00famero de estrellas: 4<br \/>\nPosici\u00f3n del congelador Superior<br \/>\nDescongelaci\u00f3n manual del congelador<br \/>\nCongelador est\u00e1tico fr\u00edo<br \/>\nEQUIPO<br \/>\nPuerta reversible S\u00ed<br \/>\nTipo de manija(s) Integrada<br \/>\nDispensador de agua No<br \/>\nTratamiento antibacteriano No<br \/>\nEquipamiento frigor\u00edfico Caj\u00f3n para verduras, Juntas extra\u00edbles<br \/>\nEquipo de congelaci\u00f3n 1 rejilla de alambre<br \/>\nPANTALLA Y PANTALLA<br \/>\nPantalla No<br \/>\nDIMENSIONES Y PESO<br \/>\nAltura (cm) 122,5<br \/>\nAncho (cm) 50<br \/>\nProfundidad (cm) 58<br \/>\nPeso (kg) 33<br \/>\nREPUESTOS Y REPARACIONES<br \/>\nFecha efectiva de compra del consumidor.<br \/>\nDisponibilidad de repuestos (a\u00f1o) 011<\/p>\n","protected":false},"excerpt":{"rendered":"<p>\u2705 Env\u00edo gratuito: de 5 a 7 d\u00edas<br \/>\n\u2705 Env\u00edo expr\u00e9s (9\u202f\u20ac): de 2 a 3 d\u00edas<br \/>\n\u2705 Pago seguro<br \/>\n\u2705 Devoluci\u00f3n en 30 d\u00edas<\/p>\n","protected":false},"featured_media":13544,"comment_status":"closed","ping_status":"closed","template":"","meta":[],"product_cat":[103,116,115],"product_tag":[],"class_list":["post-11582","product","type-product","status-publish","has-post-thumbnail","hentry","product_cat-electrodomesticos-gordos","product_cat-frigorifico-congelador-en-la-parte-superior","product_cat-refrigerador"],"_links":{"self":[{"href":"https:\/\/electro-tot-menage.es\/index.php\/wp-json\/wp\/v2\/product\/11582"}],"collection":[{"href":"https:\/\/electro-tot-menage.es\/index.php\/wp-json\/wp\/v2\/product"}],"about":[{"href":"https:\/\/electro-tot-menage.es\/index.php\/wp-json\/wp\/v2\/types\/product"}],"replies":[{"embeddable":true,"href":"https:\/\/electro-tot-menage.es\/index.php\/wp-json\/wp\/v2\/comments?post=11582"}],"version-history":[{"count":4,"href":"https:\/\/electro-tot-menage.es\/index.php\/wp-json\/wp\/v2\/product\/11582\/revisions"}],"predecessor-version":[{"id":14620,"href":"https:\/\/electro-tot-menage.es\/index.php\/wp-json\/wp\/v2\/product\/11582\/revisions\/14620"}],"wp:featuredmedia":[{"embeddable":true,"href":"https:\/\/electro-tot-menage.es\/index.php\/wp-json\/wp\/v2\/media\/13544"}],"wp:attachment":[{"href":"https:\/\/electro-tot-menage.es\/index.php\/wp-json\/wp\/v2\/media?parent=11582"}],"wp:term":[{"taxonomy":"product_cat","embeddable":true,"href":"https:\/\/electro-tot-menage.es\/index.php\/wp-json\/wp\/v2\/product_cat?post=11582"},{"taxonomy":"product_tag","embeddable":true,"href":"https:\/\/electro-tot-menage.es\/index.php\/wp-json\/wp\/v2\/product_tag?post=11582"}],"curies":[{"name":"wp","href":"https:\/\/api.w.org\/{rel}","templated":true}]}}