{"id":11530,"date":"2023-12-02T11:06:29","date_gmt":"2023-12-02T10:06:29","guid":{"rendered":"https:\/\/electro-tot-menage.es\/?post_type=product&#038;p=11530"},"modified":"2025-05-28T04:16:43","modified_gmt":"2025-05-28T02:16:43","slug":"frigorifico-de-2-puertas-liebherr-ctpel-251-21","status":"publish","type":"product","link":"https:\/\/electro-tot-menage.es\/index.php\/produit\/frigorifico-de-2-puertas-liebherr-ctpel-251-21\/","title":{"rendered":"Frigor\u00edfico de 2 puertas LIEBHERR CTPEL 251-21"},"content":{"rendered":"<p>CARACTER\u00cdSTICAS<br \/>\nNORMAS EUROPEAS (marzo de 2021)<br \/>\nIEEE 125<br \/>\nVolumen total (L) 271<br \/>\nClase de eficiencia energ\u00e9tica F<br \/>\nNivel de sonido (dB) 37<br \/>\nClase C de emisi\u00f3n de ruido ac\u00fastico a\u00e9reo<br \/>\nConso. energ\u00eda anual (kWh\/a\u00f1o) 231<br \/>\nVolumen del refrigerador (L) 219<br \/>\nTemperatura recomendada para el almacenamiento optimizado de alimentos frescos (\u00b0C) 5<br \/>\nModo de descongelaci\u00f3n autom\u00e1tica del refrigerador<br \/>\nVolumen del congelador (L) 52<br \/>\nTemperatura recomendada para el almacenamiento optimizado de alimentos en el compartimento de 4 estrellas (\u00b0C) -18<br \/>\nModo de descongelaci\u00f3n del congelador Manual<br \/>\nPoder de congelaci\u00f3n espec\u00edfico (kg\/24h) 3,32<br \/>\nGENERAL<br \/>\nRefrigerador tipo 2 puertas<br \/>\nGama SmartFrost Comfort<br \/>\nTipo de refrigerador Refrigerador &#8211; Congelador superior<br \/>\nClase energ\u00e9tica F<br \/>\nVolumen (L) 271<br \/>\nConso. energ\u00eda en 24h (kWh) 0,551<br \/>\nN\u00famero de puerta(s) 2<br \/>\nCualquier No \u00fatil<br \/>\nRegulaci\u00f3n mec\u00e1nica de la temperatura<br \/>\nNo conectado<br \/>\nDistribuidor de 3 funciones No<br \/>\nBarra empotrada (Home Bar) No<br \/>\nCongelador SmartFrost miscel\u00e1neo<br \/>\nColor acero inoxidable<br \/>\nAcabado \/ Tono Lados plateados \/ Aspecto de acero inoxidable<br \/>\nREFRIGERADOR<br \/>\nTipo de descongelaci\u00f3n Autom\u00e1tico<br \/>\nRefrigerador est\u00e1tico fr\u00edo<br \/>\nZona 0\u00b0C \/ Compartimento de frescura n.\u00b0<br \/>\nTipo de estante(s) Vidrio<br \/>\nN\u00famero total de estantes: 4<br \/>\nN\u00famero de estantes para botellas 0<br \/>\nN\u00famero de balcones de puerta 4<br \/>\nTipo de iluminaci\u00f3n LED<br \/>\nCONGELADOR<br \/>\nN\u00famero de estrellas: 4<br \/>\nPosici\u00f3n del congelador Superior<br \/>\nDescongelaci\u00f3n manual del congelador<br \/>\nCongelador est\u00e1tico con f\u00e1cil descongelaci\u00f3n<br \/>\nEQUIPO<br \/>\nPuerta reversible S\u00ed<br \/>\nTipo de manija(s) Integrada<br \/>\nDispensador de agua No<br \/>\nEquipamiento frigor\u00edfico Caj\u00f3n para verduras, Caj\u00f3n para huevos<br \/>\nEquipamiento de congelador 1 estante de cristal, VarioSpace<br \/>\nFUNCIONES<br \/>\nCongelador. Congelaci\u00f3n r\u00e1pida o s\u00faper r\u00e1pida No<br \/>\nPANTALLA Y PANTALLA<br \/>\nPantalla No<br \/>\nDIMENSIONES Y PESO<br \/>\nAltura (cm) 157,1<br \/>\nAncho (cm) 55<br \/>\nProfundidad (cm) 63<br \/>\nPeso (kg) 61,5<br \/>\nREPUESTOS Y REPARACIONES<br \/>\nDisponibilidad de repuestos (a\u00f1o) 015<br \/>\nFecha efectiva de compra del consumidor.<\/p>\n","protected":false},"excerpt":{"rendered":"<p>\u2705 Env\u00edo gratuito: de 5 a 7 d\u00edas<br \/>\n\u2705 Env\u00edo expr\u00e9s (9\u202f\u20ac): de 2 a 3 d\u00edas<br \/>\n\u2705 Pago seguro<br \/>\n\u2705 Devoluci\u00f3n en 30 d\u00edas<\/p>\n","protected":false},"featured_media":13526,"comment_status":"closed","ping_status":"closed","template":"","meta":[],"product_cat":[103,116,115],"product_tag":[],"class_list":["post-11530","product","type-product","status-publish","has-post-thumbnail","hentry","product_cat-electrodomesticos-gordos","product_cat-frigorifico-congelador-en-la-parte-superior","product_cat-refrigerador"],"_links":{"self":[{"href":"https:\/\/electro-tot-menage.es\/index.php\/wp-json\/wp\/v2\/product\/11530"}],"collection":[{"href":"https:\/\/electro-tot-menage.es\/index.php\/wp-json\/wp\/v2\/product"}],"about":[{"href":"https:\/\/electro-tot-menage.es\/index.php\/wp-json\/wp\/v2\/types\/product"}],"replies":[{"embeddable":true,"href":"https:\/\/electro-tot-menage.es\/index.php\/wp-json\/wp\/v2\/comments?post=11530"}],"version-history":[{"count":4,"href":"https:\/\/electro-tot-menage.es\/index.php\/wp-json\/wp\/v2\/product\/11530\/revisions"}],"predecessor-version":[{"id":14628,"href":"https:\/\/electro-tot-menage.es\/index.php\/wp-json\/wp\/v2\/product\/11530\/revisions\/14628"}],"wp:featuredmedia":[{"embeddable":true,"href":"https:\/\/electro-tot-menage.es\/index.php\/wp-json\/wp\/v2\/media\/13526"}],"wp:attachment":[{"href":"https:\/\/electro-tot-menage.es\/index.php\/wp-json\/wp\/v2\/media?parent=11530"}],"wp:term":[{"taxonomy":"product_cat","embeddable":true,"href":"https:\/\/electro-tot-menage.es\/index.php\/wp-json\/wp\/v2\/product_cat?post=11530"},{"taxonomy":"product_tag","embeddable":true,"href":"https:\/\/electro-tot-menage.es\/index.php\/wp-json\/wp\/v2\/product_tag?post=11530"}],"curies":[{"name":"wp","href":"https:\/\/api.w.org\/{rel}","templated":true}]}}