{"id":11510,"date":"2023-12-02T11:06:07","date_gmt":"2023-12-02T10:06:07","guid":{"rendered":"https:\/\/electro-tot-menage.es\/?post_type=product&#038;p=11510"},"modified":"2025-05-28T04:17:56","modified_gmt":"2025-05-28T02:17:56","slug":"indesit-tiaa12vsi1-1-frigorifico-2-puertas","status":"publish","type":"product","link":"https:\/\/electro-tot-menage.es\/index.php\/produit\/indesit-tiaa12vsi1-1-frigorifico-2-puertas\/","title":{"rendered":"INDESIT TIAA12VSI1\/1 Frigor\u00edfico 2 puertas"},"content":{"rendered":"<p>CARACTER\u00cdSTICAS<br \/>\nNORMAS EUROPEAS (marzo de 2021)<br \/>\nTipo de construcci\u00f3n Independiente<br \/>\nIEEE 125<br \/>\nVolumen total (L) 318<br \/>\nClase de eficiencia energ\u00e9tica F<br \/>\nNivel de sonido (dB) 43<br \/>\nClase D de emisi\u00f3n de ruido ac\u00fastico a\u00e9reo<br \/>\nConso. energ\u00eda anual (kWh\/a\u00f1o) 268<br \/>\nClase clim\u00e1tica SN-T. Este dispositivo est\u00e1 dise\u00f1ado para utilizarse a una temperatura ambiente entre 10 \u00b0C y 43 \u00b0C.<br \/>\nConfiguraci\u00f3n de invierno No<br \/>\nVolumen del refrigerador (L) 243<br \/>\nTemperatura recomendada para el almacenamiento optimizado de alimentos frescos (\u00b0C) 4<br \/>\nModo de descongelaci\u00f3n autom\u00e1tica del refrigerador<br \/>\nVolumen del congelador (L) 75<br \/>\nTemperatura recomendada para el almacenamiento optimizado de alimentos en el compartimento de 4 estrellas (\u00b0C) -18<br \/>\nModo de descongelaci\u00f3n del congelador Manual<br \/>\nPoder de congelaci\u00f3n espec\u00edfico (kg\/24h) 5<br \/>\nGENERAL<br \/>\nRefrigerador tipo 2 puertas<br \/>\nTipo de refrigerador Refrigerador &#8211; Congelador superior<br \/>\nClase energ\u00e9tica F<br \/>\nVolumen (L) 318<br \/>\nN\u00famero de puerta(s) 2<br \/>\nCualquier No \u00fatil<br \/>\nRegulaci\u00f3n mec\u00e1nica de la temperatura<br \/>\nNo conectado<br \/>\nDistribuidor de 3 funciones No<br \/>\nBarra empotrada (Home Bar) No<br \/>\nColor acero inoxidable<br \/>\nREFRIGERADOR<br \/>\nTipo de descongelaci\u00f3n Autom\u00e1tico<br \/>\nRefrigerador fr\u00edo con ventilador<br \/>\nTipo de estante(s) Vidrio perfilado<br \/>\nN\u00famero total de estantes: 5<br \/>\nCONGELADOR<br \/>\nPosici\u00f3n del congelador Superior<br \/>\nDescongelaci\u00f3n manual del congelador<br \/>\nCongelador est\u00e1tico fr\u00edo<br \/>\nEQUIPO<br \/>\nDispensador de agua No<br \/>\nEquipamiento frigor\u00edfico Caj\u00f3n para verduras<br \/>\nPANTALLA Y PANTALLA<br \/>\nPantalla No<br \/>\nDIMENSIONES Y PESO<br \/>\nAltura (cm) 175<br \/>\nAncho (cm) 60<br \/>\nProfundidad (cm) 66<br \/>\nPeso (kg) 62<br \/>\nREPUESTOS Y REPARACIONES<br \/>\nDisponibilidad de repuestos (a\u00f1o) 010<br \/>\nFecha efectiva de compra del consumidor.<\/p>\n","protected":false},"excerpt":{"rendered":"<p>\u2705 Env\u00edo gratuito: de 5 a 7 d\u00edas<br \/>\n\u2705 Env\u00edo expr\u00e9s (9\u202f\u20ac): de 2 a 3 d\u00edas<br \/>\n\u2705 Pago seguro<br \/>\n\u2705 Devoluci\u00f3n en 30 d\u00edas<\/p>\n","protected":false},"featured_media":13529,"comment_status":"closed","ping_status":"closed","template":"","meta":[],"product_cat":[103,116,115],"product_tag":[],"class_list":["post-11510","product","type-product","status-publish","has-post-thumbnail","hentry","product_cat-electrodomesticos-gordos","product_cat-frigorifico-congelador-en-la-parte-superior","product_cat-refrigerador"],"_links":{"self":[{"href":"https:\/\/electro-tot-menage.es\/index.php\/wp-json\/wp\/v2\/product\/11510"}],"collection":[{"href":"https:\/\/electro-tot-menage.es\/index.php\/wp-json\/wp\/v2\/product"}],"about":[{"href":"https:\/\/electro-tot-menage.es\/index.php\/wp-json\/wp\/v2\/types\/product"}],"replies":[{"embeddable":true,"href":"https:\/\/electro-tot-menage.es\/index.php\/wp-json\/wp\/v2\/comments?post=11510"}],"version-history":[{"count":4,"href":"https:\/\/electro-tot-menage.es\/index.php\/wp-json\/wp\/v2\/product\/11510\/revisions"}],"predecessor-version":[{"id":14630,"href":"https:\/\/electro-tot-menage.es\/index.php\/wp-json\/wp\/v2\/product\/11510\/revisions\/14630"}],"wp:featuredmedia":[{"embeddable":true,"href":"https:\/\/electro-tot-menage.es\/index.php\/wp-json\/wp\/v2\/media\/13529"}],"wp:attachment":[{"href":"https:\/\/electro-tot-menage.es\/index.php\/wp-json\/wp\/v2\/media?parent=11510"}],"wp:term":[{"taxonomy":"product_cat","embeddable":true,"href":"https:\/\/electro-tot-menage.es\/index.php\/wp-json\/wp\/v2\/product_cat?post=11510"},{"taxonomy":"product_tag","embeddable":true,"href":"https:\/\/electro-tot-menage.es\/index.php\/wp-json\/wp\/v2\/product_tag?post=11510"}],"curies":[{"name":"wp","href":"https:\/\/api.w.org\/{rel}","templated":true}]}}