{"id":11490,"date":"2023-12-02T11:05:35","date_gmt":"2023-12-02T10:05:35","guid":{"rendered":"https:\/\/electro-tot-menage.es\/?post_type=product&#038;p=11490"},"modified":"2025-05-28T04:17:56","modified_gmt":"2025-05-28T02:17:56","slug":"refrigerateur-2-portes-hisense-ftn320afd","status":"publish","type":"product","link":"https:\/\/electro-tot-menage.es\/index.php\/produit\/refrigerateur-2-portes-hisense-ftn320afd\/","title":{"rendered":"Refrigerador de 2 puertas HISENSE FTN320AFD"},"content":{"rendered":"<p>CARACTER\u00cdSTICAS<br \/>\nNORMAS EUROPEAS (marzo de 2021)<br \/>\nTipo de construcci\u00f3n Independiente<br \/>\nIEEE 124<br \/>\nVolumen total (L) 325<br \/>\nClase de eficiencia energ\u00e9tica F<br \/>\nNivel de sonido (dB) 42<br \/>\nClase D de emisi\u00f3n de ruido ac\u00fastico a\u00e9reo<br \/>\nConso. energ\u00eda anual (kWh\/a\u00f1o) 275<br \/>\nClase clim\u00e1tica SN-T. Este dispositivo est\u00e1 dise\u00f1ado para utilizarse a una temperatura ambiente entre 10 \u00b0C y 43 \u00b0C.<br \/>\nConfiguraci\u00f3n de invierno No<br \/>\nVolumen del refrigerador (L) 252<br \/>\nTemperatura recomendada para el almacenamiento optimizado de alimentos frescos (\u00b0C) 4<br \/>\nModo de descongelaci\u00f3n autom\u00e1tica del refrigerador<br \/>\nVolumen del congelador (L) 73<br \/>\nTemperatura recomendada para el almacenamiento optimizado de alimentos en el compartimento de 4 estrellas (\u00b0C) -18<br \/>\nModo de descongelaci\u00f3n autom\u00e1tica del congelador<br \/>\nPoder de congelaci\u00f3n espec\u00edfico (kg\/24h) 3,6<br \/>\nDispositivo de congelaci\u00f3n r\u00e1pida No<br \/>\nTipo de fuente de luz LED<br \/>\nGENERAL<br \/>\nRefrigerador tipo 2 puertas<br \/>\nTipo de refrigerador Refrigerador &#8211; Congelador superior<br \/>\nClase energ\u00e9tica F<br \/>\nVolumen (L) 325<br \/>\nAutonom\u00eda (h) 8<br \/>\nN\u00famero de puerta(s) 2<br \/>\nNo conectado<br \/>\nColor plata<br \/>\nREFRIGERADOR<br \/>\nTipo de descongelaci\u00f3n Autom\u00e1tico<br \/>\nRefrigerador ventilado fr\u00edo<br \/>\nTecnolog\u00eda de fr\u00edo de refrigerador Multi AirFlow<br \/>\nTipo de estante(s) Vidrio de seguridad<br \/>\nN\u00famero total de estantes: 2<br \/>\nN\u00famero de balcones de puerta 3<br \/>\nTipo de iluminaci\u00f3n LED<br \/>\nCONGELADOR<br \/>\nN\u00famero de estrellas: 4<br \/>\nPosici\u00f3n del congelador Superior<br \/>\nDescongelaci\u00f3n autom\u00e1tica del congelador<br \/>\nCongelador ventilado fr\u00edo<br \/>\nTecnolog\u00eda de fr\u00edo del congelador Multi AirFlow<br \/>\nEQUIPO<br \/>\nPuerta reversible S\u00ed<br \/>\nTipo de manija(s) Integrada<br \/>\nDispensador de agua No<br \/>\nEquipamiento frigor\u00edfico Compartimento para frutas y verduras, Bandejas para huevos x2<br \/>\nEquipo de congelaci\u00f3n Balconets x2<br \/>\nPANTALLA Y PANTALLA<br \/>\nPantalla No<br \/>\nDIMENSIONES Y PESO<br \/>\nAltura (cm) 169,6<br \/>\nAncho (cm) 59,5<br \/>\nProfundidad (cm) 65<br \/>\nPeso (kg) 56<br \/>\nREPUESTOS Y REPARACIONES<br \/>\nDisponibilidad de repuestos (a\u00f1o) No comunicado<br \/>\nFecha de entrada en vigor No comunicada<\/p>\n","protected":false},"excerpt":{"rendered":"<p>\u2705 Env\u00edo gratuito: de 5 a 7 d\u00edas<br \/>\n\u2705 Env\u00edo expr\u00e9s (9\u202f\u20ac): de 2 a 3 d\u00edas<br \/>\n\u2705 Pago seguro<br \/>\n\u2705 Devoluci\u00f3n en 30 d\u00edas<\/p>\n","protected":false},"featured_media":13532,"comment_status":"closed","ping_status":"closed","template":"","meta":[],"product_cat":[103,116,115],"product_tag":[],"class_list":["post-11490","product","type-product","status-publish","has-post-thumbnail","hentry","product_cat-electrodomesticos-gordos","product_cat-frigorifico-congelador-en-la-parte-superior","product_cat-refrigerador"],"_links":{"self":[{"href":"https:\/\/electro-tot-menage.es\/index.php\/wp-json\/wp\/v2\/product\/11490"}],"collection":[{"href":"https:\/\/electro-tot-menage.es\/index.php\/wp-json\/wp\/v2\/product"}],"about":[{"href":"https:\/\/electro-tot-menage.es\/index.php\/wp-json\/wp\/v2\/types\/product"}],"replies":[{"embeddable":true,"href":"https:\/\/electro-tot-menage.es\/index.php\/wp-json\/wp\/v2\/comments?post=11490"}],"version-history":[{"count":4,"href":"https:\/\/electro-tot-menage.es\/index.php\/wp-json\/wp\/v2\/product\/11490\/revisions"}],"predecessor-version":[{"id":14631,"href":"https:\/\/electro-tot-menage.es\/index.php\/wp-json\/wp\/v2\/product\/11490\/revisions\/14631"}],"wp:featuredmedia":[{"embeddable":true,"href":"https:\/\/electro-tot-menage.es\/index.php\/wp-json\/wp\/v2\/media\/13532"}],"wp:attachment":[{"href":"https:\/\/electro-tot-menage.es\/index.php\/wp-json\/wp\/v2\/media?parent=11490"}],"wp:term":[{"taxonomy":"product_cat","embeddable":true,"href":"https:\/\/electro-tot-menage.es\/index.php\/wp-json\/wp\/v2\/product_cat?post=11490"},{"taxonomy":"product_tag","embeddable":true,"href":"https:\/\/electro-tot-menage.es\/index.php\/wp-json\/wp\/v2\/product_tag?post=11490"}],"curies":[{"name":"wp","href":"https:\/\/api.w.org\/{rel}","templated":true}]}}