{"id":11478,"date":"2023-12-02T11:05:13","date_gmt":"2023-12-02T10:05:13","guid":{"rendered":"https:\/\/electro-tot-menage.es\/?post_type=product&#038;p=11478"},"modified":"2025-05-28T04:18:15","modified_gmt":"2025-05-28T02:18:15","slug":"refrigerateur-2-portes-sharp-sjtb03itxlf","status":"publish","type":"product","link":"https:\/\/electro-tot-menage.es\/index.php\/produit\/refrigerateur-2-portes-sharp-sjtb03itxlf\/","title":{"rendered":"Refrigerador de 2 puertas SHARP SJTB03ITXLF"},"content":{"rendered":"<p>CARACTER\u00cdSTICAS<br \/>\nNORMAS EUROPEAS (marzo de 2021)<br \/>\nTipo de construcci\u00f3n Independiente<br \/>\nIEEE 125<br \/>\nVolumen total (L) 242<br \/>\nClase de eficiencia energ\u00e9tica F<br \/>\nNivel de sonido (dB) 40<br \/>\nClase C de emisi\u00f3n de ruido ac\u00fastico a\u00e9reo<br \/>\nConso. energ\u00eda anual (kWh\/a\u00f1o) 223<br \/>\nClase clim\u00e1tica N. Este aparato est\u00e1 dise\u00f1ado para utilizarse a una temperatura ambiente entre 16 \u00b0C y 32 \u00b0C.<br \/>\nConfiguraci\u00f3n de invierno No<br \/>\nVolumen del refrigerador (L) 201<br \/>\nTemperatura recomendada para el almacenamiento optimizado de alimentos frescos (\u00b0C) 4<br \/>\nModo de descongelaci\u00f3n autom\u00e1tica del refrigerador<br \/>\nVolumen del congelador (L) 41,5<br \/>\nTemperatura recomendada para el almacenamiento optimizado de alimentos en el compartimento de 4 estrellas (\u00b0C) -18<br \/>\nModo de descongelaci\u00f3n del congelador Manual<br \/>\nPoder de congelaci\u00f3n espec\u00edfico (kg\/24h) 2,6<br \/>\nDispositivo de congelaci\u00f3n r\u00e1pida S\u00ed<br \/>\nTipo de fuente de luz LED<br \/>\nFuente de luz de clase de eficiencia energ\u00e9tica F<br \/>\nGENERAL<br \/>\nRefrigerador tipo 2 puertas<br \/>\nClase energ\u00e9tica F<br \/>\nVolumen (L) 243<br \/>\nN\u00famero de puerta(s) 2<br \/>\nCualquier No \u00fatil<br \/>\nRegulaci\u00f3n mec\u00e1nica de la temperatura<br \/>\nNo conectado<br \/>\nDistribuidor de 3 funciones No<br \/>\nBarra empotrada (Home Bar) No<br \/>\nColor acero inoxidable<br \/>\nREFRIGERADOR<br \/>\nTipo de descongelaci\u00f3n Autom\u00e1tico<br \/>\nRefrigerador est\u00e1tico fr\u00edo<br \/>\nTipo de estante(s) Vidrio<br \/>\nN\u00famero total de estantes: 3<br \/>\nN\u00famero de balcones de puerta 3<br \/>\nTipo de iluminaci\u00f3n LED<br \/>\nCONGELADOR<br \/>\nPosici\u00f3n del congelador inferior<br \/>\nDescongelaci\u00f3n manual del congelador<br \/>\nCongelador est\u00e1tico fr\u00edo<br \/>\nEQUIPO<br \/>\nPuerta reversible S\u00ed<br \/>\nDispensador de agua No<br \/>\nEquipo frigor\u00edfico SpaceSaverDoor<br \/>\nEquipo de congelaci\u00f3n Bandeja de cubitos de hielo<br \/>\nPANTALLA Y PANTALLA<br \/>\nPantalla No<br \/>\nDIMENSIONES Y PESO<br \/>\nAltura (cm) 160<br \/>\nAncho (cm) 54<br \/>\nProfundidad (cm) 57<br \/>\nPeso (kg) 40,5<br \/>\nREPUESTOS Y REPARACIONES<br \/>\nFecha de entrada en vigor de la compra del consumidor<br \/>\nDisponibilidad de repuestos (a\u00f1o) 006<\/p>\n","protected":false},"excerpt":{"rendered":"<p>\u2705 Env\u00edo gratuito: de 5 a 7 d\u00edas<br \/>\n\u2705 Env\u00edo expr\u00e9s (9\u202f\u20ac): de 2 a 3 d\u00edas<br \/>\n\u2705 Pago seguro<br \/>\n\u2705 Devoluci\u00f3n en 30 d\u00edas<\/p>\n","protected":false},"featured_media":13612,"comment_status":"closed","ping_status":"closed","template":"","meta":[],"product_cat":[103,116,115],"product_tag":[],"class_list":["post-11478","product","type-product","status-publish","has-post-thumbnail","hentry","product_cat-electrodomesticos-gordos","product_cat-frigorifico-congelador-en-la-parte-superior","product_cat-refrigerador"],"_links":{"self":[{"href":"https:\/\/electro-tot-menage.es\/index.php\/wp-json\/wp\/v2\/product\/11478"}],"collection":[{"href":"https:\/\/electro-tot-menage.es\/index.php\/wp-json\/wp\/v2\/product"}],"about":[{"href":"https:\/\/electro-tot-menage.es\/index.php\/wp-json\/wp\/v2\/types\/product"}],"replies":[{"embeddable":true,"href":"https:\/\/electro-tot-menage.es\/index.php\/wp-json\/wp\/v2\/comments?post=11478"}],"version-history":[{"count":4,"href":"https:\/\/electro-tot-menage.es\/index.php\/wp-json\/wp\/v2\/product\/11478\/revisions"}],"predecessor-version":[{"id":14633,"href":"https:\/\/electro-tot-menage.es\/index.php\/wp-json\/wp\/v2\/product\/11478\/revisions\/14633"}],"wp:featuredmedia":[{"embeddable":true,"href":"https:\/\/electro-tot-menage.es\/index.php\/wp-json\/wp\/v2\/media\/13612"}],"wp:attachment":[{"href":"https:\/\/electro-tot-menage.es\/index.php\/wp-json\/wp\/v2\/media?parent=11478"}],"wp:term":[{"taxonomy":"product_cat","embeddable":true,"href":"https:\/\/electro-tot-menage.es\/index.php\/wp-json\/wp\/v2\/product_cat?post=11478"},{"taxonomy":"product_tag","embeddable":true,"href":"https:\/\/electro-tot-menage.es\/index.php\/wp-json\/wp\/v2\/product_tag?post=11478"}],"curies":[{"name":"wp","href":"https:\/\/api.w.org\/{rel}","templated":true}]}}