{"id":11450,"date":"2023-12-02T11:04:47","date_gmt":"2023-12-02T10:04:47","guid":{"rendered":"https:\/\/electro-tot-menage.es\/?post_type=product&#038;p=11450"},"modified":"2025-07-26T01:08:07","modified_gmt":"2025-07-25T23:08:07","slug":"tondeuse-a-gazon-thermique-gc-pm-51-2-hw-e","status":"publish","type":"product","link":"https:\/\/electro-tot-menage.es\/index.php\/produit\/tondeuse-a-gazon-thermique-gc-pm-51-2-hw-e\/","title":{"rendered":"Cortac\u00e9sped de gasolina GC-PM 51\/2 HW-E"},"content":{"rendered":"","protected":false},"excerpt":{"rendered":"<p>\u2705 Env\u00edo gratuito: de 5 a 7 d\u00edas<br \/>\n\u2705 Env\u00edo expr\u00e9s (9\u202f\u20ac): de 2 a 3 d\u00edas<br \/>\n\u2705 Pago seguro<br \/>\n\u2705 Devoluci\u00f3n en 30 d\u00edas<\/p>\n<p>La cortac\u00e9sped de gasolina GC-PM 51\/2 S HW-E, una herramienta robusta y muy potente, es una ayuda indispensable para el jardinero aficionado ambicioso en el corte y mantenimiento de grandes superficies de c\u00e9sped. Su potente motor de 1 cilindro y 4 tiempos dispone de un alto par para cortar r\u00e1pidamente incluso la hierba alta y densa. Arranca f\u00e1cil y r\u00e1pidamente gracias a la funci\u00f3n de arranque el\u00e9ctrico. Esta cortac\u00e9sped con arranque el\u00e9ctrico cuenta con una bater\u00eda libre de mantenimiento, que se recarga durante el uso. La carcasa s\u00f3lida es de acero con pintura epoxi. Esta cortac\u00e9sped est\u00e1 recomendada para superficies de hasta 1.800 m\u00b2.<\/p>\n","protected":false},"featured_media":11612,"comment_status":"open","ping_status":"closed","template":"","meta":[],"product_cat":[75,83],"product_tag":[114],"class_list":["post-11450","product","type-product","status-publish","has-post-thumbnail","hentry","product_cat-casa-jardin","product_cat-termocortador","product_tag-jardin"],"_links":{"self":[{"href":"https:\/\/electro-tot-menage.es\/index.php\/wp-json\/wp\/v2\/product\/11450"}],"collection":[{"href":"https:\/\/electro-tot-menage.es\/index.php\/wp-json\/wp\/v2\/product"}],"about":[{"href":"https:\/\/electro-tot-menage.es\/index.php\/wp-json\/wp\/v2\/types\/product"}],"replies":[{"embeddable":true,"href":"https:\/\/electro-tot-menage.es\/index.php\/wp-json\/wp\/v2\/comments?post=11450"}],"version-history":[{"count":3,"href":"https:\/\/electro-tot-menage.es\/index.php\/wp-json\/wp\/v2\/product\/11450\/revisions"}],"predecessor-version":[{"id":14708,"href":"https:\/\/electro-tot-menage.es\/index.php\/wp-json\/wp\/v2\/product\/11450\/revisions\/14708"}],"wp:featuredmedia":[{"embeddable":true,"href":"https:\/\/electro-tot-menage.es\/index.php\/wp-json\/wp\/v2\/media\/11612"}],"wp:attachment":[{"href":"https:\/\/electro-tot-menage.es\/index.php\/wp-json\/wp\/v2\/media?parent=11450"}],"wp:term":[{"taxonomy":"product_cat","embeddable":true,"href":"https:\/\/electro-tot-menage.es\/index.php\/wp-json\/wp\/v2\/product_cat?post=11450"},{"taxonomy":"product_tag","embeddable":true,"href":"https:\/\/electro-tot-menage.es\/index.php\/wp-json\/wp\/v2\/product_tag?post=11450"}],"curies":[{"name":"wp","href":"https:\/\/api.w.org\/{rel}","templated":true}]}}