{"id":11449,"date":"2023-12-02T11:04:47","date_gmt":"2023-12-02T10:04:47","guid":{"rendered":"https:\/\/electro-tot-menage.es\/?post_type=product&#038;p=11449"},"modified":"2025-07-26T01:17:19","modified_gmt":"2025-07-25T23:17:19","slug":"tondeuse-a-gazon-sans-fil-37cm-batterie-lithium-ion-samsung-25ah-chargeur-voltr-autonomaxs-40v","status":"publish","type":"product","link":"https:\/\/electro-tot-menage.es\/index.php\/produit\/tondeuse-a-gazon-sans-fil-37cm-batterie-lithium-ion-samsung-25ah-chargeur-voltr-autonomaxs-40v\/","title":{"rendered":"Cortac\u00e9sped inal\u00e1mbrico 37\u202fcm con bater\u00eda de litio-ion Samsung 2,5\u202fAh + cargador \u2013 VOLTR AutonoMAX[S] 40\u202fV"},"content":{"rendered":"<p data-start=\"42\" data-end=\"204\"><strong data-start=\"42\" data-end=\"79\">Motor sin escobillas \u2018Brushless\u2019,<\/strong><br data-start=\"79\" data-end=\"82\" \/>Nueva gama AutonoMAX [S] 40V ultrapotente,<br data-start=\"124\" data-end=\"127\" \/>Empu\u00f1adura ajustable y plegable,<br data-start=\"159\" data-end=\"162\" \/>\u00a1Bater\u00eda 40V 2,5Ah y cargador incluidos!<\/p>\n<p data-start=\"206\" data-end=\"942\"><strong data-start=\"206\" data-end=\"236\">Caracter\u00edsticas detalladas<\/strong><br data-start=\"236\" data-end=\"239\" \/>Motor: 36V, brushless, 3800 rpm.<br data-start=\"271\" data-end=\"274\" \/>Ancho de corte: \u00d837 cm<br data-start=\"296\" data-end=\"299\" \/>Peso con bater\u00eda: 15,2 kg<br data-start=\"324\" data-end=\"327\" \/>Bater\u00eda: Litio-I\u00f3n 40V, 2500mAh (90Wh), con indicador LED, compatible con herramientas 40V VOLTR AutonoMAX [S]<br data-start=\"437\" data-end=\"440\" \/>Cargador: ~220-230V, 42V, 1000 mA, indicador LED de carga<br data-start=\"497\" data-end=\"500\" \/>Autonom\u00eda: aprox. 40 min a plena potencia<br data-start=\"541\" data-end=\"544\" \/>Tiempo de carga: 3 a 5 horas<br data-start=\"572\" data-end=\"575\" data-is-only-node=\"\" \/>Ajuste de altura de corte: 5 niveles, de 25 a 75 mm, \u00a1con una sola palanca!<br data-start=\"650\" data-end=\"653\" \/>Capacidad del recogedor: 40 L<br data-start=\"682\" data-end=\"685\" \/>Triple seguridad: bot\u00f3n de activaci\u00f3n + gatillo de potencia + llave de corte.<br data-start=\"762\" data-end=\"765\" \/>Chasis: en polipropileno inyectado termoformado<br data-start=\"812\" data-end=\"815\" \/>Cuchilla de corte: acero pintado en gris, desmontable y afilable.<br data-start=\"880\" data-end=\"883\" \/>4 ruedas<br data-start=\"891\" data-end=\"894\" \/>Superficie m\u00e1xima recomendada de corte: 500 m\u00b2<\/p>\n<p data-start=\"944\" data-end=\"1004\"><strong data-start=\"944\" data-end=\"954\">Normas<\/strong><br data-start=\"954\" data-end=\"957\" \/>Conforme a las normas CE vigentes<br data-start=\"990\" data-end=\"993\" \/>CE\/GS\/EMC<\/p>\n<p data-start=\"1006\" data-end=\"1478\"><strong data-start=\"1006\" data-end=\"1031\">Informaci\u00f3n adicional<\/strong><br data-start=\"1031\" data-end=\"1034\" \/>Es imprescindible realizar una primera carga completa de la bater\u00eda antes del primer uso.<br data-start=\"1123\" data-end=\"1126\" \/>Lea atentamente los consejos de uso e instrucciones antes de utilizar su m\u00e1quina.<br data-start=\"1207\" data-end=\"1210\" \/>Encontrar\u00e1 bater\u00edas adicionales y cargadores AutonoMAX [S] (r\u00e1pido o est\u00e1ndar) en nuestro cat\u00e1logo en l\u00ednea.<br data-start=\"1318\" data-end=\"1321\" \/>Atenci\u00f3n: los productos VOLTR AutonoMAX de la generaci\u00f3n anterior (bater\u00eda verde) no son compatibles con la nueva generaci\u00f3n AutonoMAX [S] (bater\u00eda negra).<\/p>\n<p data-start=\"1480\" data-end=\"1809\"><strong data-start=\"1480\" data-end=\"1500\">Tipo de energ\u00eda:<\/strong> Bater\u00eda<br data-start=\"1508\" data-end=\"1511\" \/><strong data-start=\"1511\" data-end=\"1524\">Material:<\/strong> Polipropileno<br data-start=\"1538\" data-end=\"1541\" \/><strong data-start=\"1541\" data-end=\"1555\">Seguridad:<\/strong> Triple seguridad: bot\u00f3n de activaci\u00f3n + gatillo de potencia + llave de corte<br data-start=\"1632\" data-end=\"1635\" \/><strong data-start=\"1635\" data-end=\"1644\">Tipo:<\/strong> Cortac\u00e9sped<br data-start=\"1656\" data-end=\"1659\" \/><strong data-start=\"1659\" data-end=\"1672\">Garant\u00eda:<\/strong> 2 a\u00f1os<br data-start=\"1679\" data-end=\"1682\" \/><strong data-start=\"1682\" data-end=\"1694\">Bater\u00eda:<\/strong> 40V Li-Ion (2 500mAh)<br data-start=\"1716\" data-end=\"1719\" data-is-only-node=\"\" \/><strong data-start=\"1719\" data-end=\"1739\">Tiempo de carga:<\/strong> 3 a 5 h<br data-start=\"1747\" data-end=\"1750\" \/><strong data-start=\"1750\" data-end=\"1764\">Autonom\u00eda:<\/strong> 40 min<br data-start=\"1771\" data-end=\"1774\" \/><strong data-start=\"1774\" data-end=\"1782\">Uso:<\/strong> uso dom\u00e9stico \u00fanicamente<\/p>\n<p data-start=\"1811\" data-end=\"2011\"><strong data-start=\"1811\" data-end=\"1836\">Cortac\u00e9sped completo:<\/strong> L129,5 x l44 x H99,5 cm (15 kg sin bater\u00eda)<br data-start=\"1880\" data-end=\"1883\" \/><strong data-start=\"1883\" data-end=\"1895\">Bater\u00eda:<\/strong> L13 x P7,9 x H8,2 cm (770 g)<br data-start=\"1924\" data-end=\"1927\" \/><strong data-start=\"1927\" data-end=\"1940\">Cargador:<\/strong> L13 x P10 x H5,3 cm (370 g), longitud del cable de alimentaci\u00f3n 2 m.<\/p>\n<p data-start=\"2013\" data-end=\"2072\"><strong data-start=\"2013\" data-end=\"2029\">Paquete 1\/1:<\/strong> 83,00 cm x 47,00 cm x 45,00 cm (18,0 kg)<\/p>\n<p data-start=\"2074\" data-end=\"2390\"><strong data-start=\"2074\" data-end=\"2084\">Marca:<\/strong> ALICE\u2019S GARDEN<br data-start=\"2099\" data-end=\"2102\" \/><strong data-start=\"2102\" data-end=\"2122\">Caracter\u00edsticas:<\/strong> Recogedor \/ Manillar plegable \/ Altura de corte regulable<br data-start=\"2180\" data-end=\"2183\" \/><strong data-start=\"2183\" data-end=\"2207\">Material del chasis:<\/strong> Acero<br data-start=\"2213\" data-end=\"2216\" \/><strong data-start=\"2216\" data-end=\"2229\">Tracci\u00f3n:<\/strong> Manual<br data-start=\"2236\" data-end=\"2239\" \/><strong data-start=\"2239\" data-end=\"2265\">Superficie del jard\u00edn:<\/strong> 500 m\u00b2<br data-start=\"2272\" data-end=\"2275\" \/><strong data-start=\"2275\" data-end=\"2295\">Altura de corte:<\/strong> 75 mm<br data-start=\"2301\" data-end=\"2304\" data-is-only-node=\"\" \/><strong data-start=\"2304\" data-end=\"2323\">Ancho de corte:<\/strong> 37 cm<br data-start=\"2329\" data-end=\"2332\" \/><strong data-start=\"2332\" data-end=\"2360\">Capacidad del recogedor:<\/strong> 40 L<br data-start=\"2365\" data-end=\"2368\" \/><strong data-start=\"2368\" data-end=\"2381\">Garant\u00eda:<\/strong> 2 a\u00f1os<\/p>\n","protected":false},"excerpt":{"rendered":"<div class=\"cms\">\n<div class=\"description_content\">\n<p data-start=\"35\" data-end=\"374\">\u2705 Env\u00edo gratuito: de 5 a 7 d\u00edas<br \/>\n\u2705 Env\u00edo expr\u00e9s (9\u202f\u20ac): de 2 a 3 d\u00edas<br \/>\n\u2705 Pago seguro<br \/>\n\u2705 Devoluci\u00f3n en 30 d\u00edas<\/p>\n<p data-start=\"35\" data-end=\"374\"><strong data-start=\"35\" data-end=\"55\">Tipo de energ\u00eda:<\/strong> Bater\u00eda<br data-start=\"63\" data-end=\"66\" \/><strong data-start=\"66\" data-end=\"79\">Material:<\/strong> Polipropileno<br data-start=\"93\" data-end=\"96\" data-is-only-node=\"\" \/><strong data-start=\"96\" data-end=\"110\">Seguridad:<\/strong> Triple seguridad: bot\u00f3n de enclavamiento + gatillo de potencia + llave de corte de corriente<br data-start=\"203\" data-end=\"206\" \/><strong data-start=\"206\" data-end=\"215\">Tipo:<\/strong> Cortac\u00e9sped<br data-start=\"227\" data-end=\"230\" \/><strong data-start=\"230\" data-end=\"243\">Garant\u00eda:<\/strong> 2 a\u00f1os<br data-start=\"250\" data-end=\"253\" \/><strong data-start=\"253\" data-end=\"265\">Bater\u00eda:<\/strong> 40V Li-Ion (2 500mAh)<br data-start=\"287\" data-end=\"290\" \/><strong data-start=\"290\" data-end=\"310\">Tiempo de carga:<\/strong> 3 a 5 h<br data-start=\"318\" data-end=\"321\" \/><strong data-start=\"321\" data-end=\"335\">Autonom\u00eda:<\/strong> 40 min<br data-start=\"342\" data-end=\"345\" \/><strong data-start=\"345\" data-end=\"353\">Uso:<\/strong> solo uso dom\u00e9stico<\/p>\n<p data-start=\"376\" data-end=\"576\"><strong data-start=\"376\" data-end=\"401\">Cortac\u00e9sped completo:<\/strong> L129,5 x l44 x H99,5 cm (15 kg sin bater\u00eda)<br data-start=\"445\" data-end=\"448\" \/><strong data-start=\"448\" data-end=\"460\">Bater\u00eda:<\/strong> L13 x P7,9 x H8,2 cm (770 g)<br data-start=\"489\" data-end=\"492\" data-is-only-node=\"\" \/><strong data-start=\"492\" data-end=\"505\">Cargador:<\/strong> L13 x P10 x H5,3 cm (370 g), longitud del cable de alimentaci\u00f3n 2 m.<\/p>\n<p data-start=\"578\" data-end=\"635\" data-is-last-node=\"\" data-is-only-node=\"\"><strong data-start=\"578\" data-end=\"594\">Paquete 1\/1:<\/strong> 83,00 cm x 47,00 cm x 45,00 cm (18,0 kg)<\/p>\n<\/div>\n<\/div>\n","protected":false},"featured_media":11606,"comment_status":"open","ping_status":"closed","template":"","meta":[],"product_cat":[75,83],"product_tag":[114],"class_list":["post-11449","product","type-product","status-publish","has-post-thumbnail","hentry","product_cat-casa-jardin","product_cat-termocortador","product_tag-jardin"],"_links":{"self":[{"href":"https:\/\/electro-tot-menage.es\/index.php\/wp-json\/wp\/v2\/product\/11449"}],"collection":[{"href":"https:\/\/electro-tot-menage.es\/index.php\/wp-json\/wp\/v2\/product"}],"about":[{"href":"https:\/\/electro-tot-menage.es\/index.php\/wp-json\/wp\/v2\/types\/product"}],"replies":[{"embeddable":true,"href":"https:\/\/electro-tot-menage.es\/index.php\/wp-json\/wp\/v2\/comments?post=11449"}],"version-history":[{"count":4,"href":"https:\/\/electro-tot-menage.es\/index.php\/wp-json\/wp\/v2\/product\/11449\/revisions"}],"predecessor-version":[{"id":14711,"href":"https:\/\/electro-tot-menage.es\/index.php\/wp-json\/wp\/v2\/product\/11449\/revisions\/14711"}],"wp:featuredmedia":[{"embeddable":true,"href":"https:\/\/electro-tot-menage.es\/index.php\/wp-json\/wp\/v2\/media\/11606"}],"wp:attachment":[{"href":"https:\/\/electro-tot-menage.es\/index.php\/wp-json\/wp\/v2\/media?parent=11449"}],"wp:term":[{"taxonomy":"product_cat","embeddable":true,"href":"https:\/\/electro-tot-menage.es\/index.php\/wp-json\/wp\/v2\/product_cat?post=11449"},{"taxonomy":"product_tag","embeddable":true,"href":"https:\/\/electro-tot-menage.es\/index.php\/wp-json\/wp\/v2\/product_tag?post=11449"}],"curies":[{"name":"wp","href":"https:\/\/api.w.org\/{rel}","templated":true}]}}