{"id":11447,"date":"2023-12-02T11:04:47","date_gmt":"2023-12-02T10:04:47","guid":{"rendered":"https:\/\/electro-tot-menage.es\/?post_type=product&#038;p=11447"},"modified":"2025-04-18T13:33:34","modified_gmt":"2025-04-18T11:33:34","slug":"cuve-de-stockage-deau-10-000-litres","status":"publish","type":"product","link":"https:\/\/electro-tot-menage.es\/index.php\/produit\/cuve-de-stockage-deau-10-000-litres\/","title":{"rendered":"Tanque de almacenamiento de agua de 10.000 litros"},"content":{"rendered":"<p>Tanque de almacenamiento de agua AQUA 10000l. Ideales para la recolecci\u00f3n de agua de lluvia, nuestros tanques de agua est\u00e1n tratados con rayos UV de alta definici\u00f3n y pueden colocarse al aire libre. Se suministra con: v\u00e1lvula \/ boquilla hembra de lat\u00f3n DN50 y tefl\u00f3n, accesorio de mamparo profesional instalado y boca de acceso.<\/p>\n<p>Caracter\u00edsticas :<\/p>\n<p>&#8211; Altura: 2,7 m<br \/>\n&#8211; Di\u00e1metro: 2,4 m<br \/>\n&#8211; Clave: A<br \/>\n&#8211; Capacidad: 10000 l<br \/>\n&#8211; Di\u00e1metro del pozo: 462 mm<br \/>\n&#8211; Estado: Nuevo<\/p>\n<p>Tanque con garant\u00eda de 10 a\u00f1os y piezas con garant\u00eda de 1 a\u00f1o.<br \/>\nHecho en Francia<\/p>\n","protected":false},"excerpt":{"rendered":"<p>Tanque de almacenamiento de agua AQUA 10000l. Ideales para la recolecci\u00f3n de agua de lluvia, nuestros tanques de agua est\u00e1n<\/p>\n","protected":false},"featured_media":11600,"comment_status":"closed","ping_status":"closed","template":"","meta":[],"product_cat":[75],"product_tag":[113],"class_list":["post-11447","product","type-product","status-publish","has-post-thumbnail","hentry","product_cat-casa-jardin","product_tag-cuve-a-eau"],"_links":{"self":[{"href":"https:\/\/electro-tot-menage.es\/index.php\/wp-json\/wp\/v2\/product\/11447"}],"collection":[{"href":"https:\/\/electro-tot-menage.es\/index.php\/wp-json\/wp\/v2\/product"}],"about":[{"href":"https:\/\/electro-tot-menage.es\/index.php\/wp-json\/wp\/v2\/types\/product"}],"replies":[{"embeddable":true,"href":"https:\/\/electro-tot-menage.es\/index.php\/wp-json\/wp\/v2\/comments?post=11447"}],"version-history":[{"count":3,"href":"https:\/\/electro-tot-menage.es\/index.php\/wp-json\/wp\/v2\/product\/11447\/revisions"}],"predecessor-version":[{"id":13417,"href":"https:\/\/electro-tot-menage.es\/index.php\/wp-json\/wp\/v2\/product\/11447\/revisions\/13417"}],"wp:featuredmedia":[{"embeddable":true,"href":"https:\/\/electro-tot-menage.es\/index.php\/wp-json\/wp\/v2\/media\/11600"}],"wp:attachment":[{"href":"https:\/\/electro-tot-menage.es\/index.php\/wp-json\/wp\/v2\/media?parent=11447"}],"wp:term":[{"taxonomy":"product_cat","embeddable":true,"href":"https:\/\/electro-tot-menage.es\/index.php\/wp-json\/wp\/v2\/product_cat?post=11447"},{"taxonomy":"product_tag","embeddable":true,"href":"https:\/\/electro-tot-menage.es\/index.php\/wp-json\/wp\/v2\/product_tag?post=11447"}],"curies":[{"name":"wp","href":"https:\/\/api.w.org\/{rel}","templated":true}]}}