{"id":11397,"date":"2023-12-02T11:04:25","date_gmt":"2023-12-02T10:04:25","guid":{"rendered":"https:\/\/electro-tot-menage.es\/?post_type=product&#038;p=11397"},"modified":"2025-05-28T03:57:47","modified_gmt":"2025-05-28T01:57:47","slug":"banera-plegable-bwave-con-cojin-integrado-de-0-a-3-anos","status":"publish","type":"product","link":"https:\/\/electro-tot-menage.es\/index.php\/produit\/banera-plegable-bwave-con-cojin-integrado-de-0-a-3-anos\/","title":{"rendered":"Ba\u00f1era plegable Bwave con coj\u00edn integrado de 0 a 3 a\u00f1os"},"content":{"rendered":"<p>El ba\u00f1o es una parte importante del cuidado de su hijo; Los beb\u00e9s disfrutan de este momento compartido.<\/p>\n<p>C\u00f3modo, seguro y pr\u00e1ctico.<\/p>\n<p>Nuestra ba\u00f1era BWAVE ser\u00e1 el compa\u00f1ero t\u00e9cnico ideal para un buen ba\u00f1o.\u00a0\u00a1Nada podr\u00e1 perturbar este momento de relax con tu hijo!<\/p>\n<p>La ba\u00f1era Bwave se pliega y se despliega en un abrir y cerrar de ojos.\u00a0Ultracompacto, se puede guardar en cualquier lugar gracias a sus 10 cm de grosor una vez plegado.<\/p>\n","protected":false},"excerpt":{"rendered":"<p>\u2705 Env\u00edo gratuito: de 5 a 7 d\u00edas<br \/>\n\u2705 Env\u00edo expr\u00e9s (9\u202f\u20ac): de 2 a 3 d\u00edas<br \/>\n\u2705 Pago seguro<br \/>\n\u2705 Devoluci\u00f3n en 30 d\u00edas<\/p>\n<p>Coj\u00edn reductor: uso desde el nacimiento<br \/>\n&#8211; Tap\u00f3n de drenaje simplificado<br \/>\n&#8211; Indicador de calor integrado<br \/>\n&#8211; 2 pies retr\u00e1ctiles antideslizantes<br \/>\n&#8211; Orificio para instalar el cabezal de duchaDimensiones: 84,5 x 50,5 x 24,5 cm<\/p>\n<p>Dimensiones plegadas: 84,5 x 50,5 x 10 cm<\/p>\n<p>Cumple con la norma NF EN 17072:2018m<\/p>\n","protected":false},"featured_media":11575,"comment_status":"closed","ping_status":"closed","template":"","meta":[],"product_cat":[110],"product_tag":[],"class_list":["post-11397","product","type-product","status-publish","has-post-thumbnail","hentry","product_cat-juguetes-ninos-bebes"],"_links":{"self":[{"href":"https:\/\/electro-tot-menage.es\/index.php\/wp-json\/wp\/v2\/product\/11397"}],"collection":[{"href":"https:\/\/electro-tot-menage.es\/index.php\/wp-json\/wp\/v2\/product"}],"about":[{"href":"https:\/\/electro-tot-menage.es\/index.php\/wp-json\/wp\/v2\/types\/product"}],"replies":[{"embeddable":true,"href":"https:\/\/electro-tot-menage.es\/index.php\/wp-json\/wp\/v2\/comments?post=11397"}],"version-history":[{"count":3,"href":"https:\/\/electro-tot-menage.es\/index.php\/wp-json\/wp\/v2\/product\/11397\/revisions"}],"predecessor-version":[{"id":14586,"href":"https:\/\/electro-tot-menage.es\/index.php\/wp-json\/wp\/v2\/product\/11397\/revisions\/14586"}],"wp:featuredmedia":[{"embeddable":true,"href":"https:\/\/electro-tot-menage.es\/index.php\/wp-json\/wp\/v2\/media\/11575"}],"wp:attachment":[{"href":"https:\/\/electro-tot-menage.es\/index.php\/wp-json\/wp\/v2\/media?parent=11397"}],"wp:term":[{"taxonomy":"product_cat","embeddable":true,"href":"https:\/\/electro-tot-menage.es\/index.php\/wp-json\/wp\/v2\/product_cat?post=11397"},{"taxonomy":"product_tag","embeddable":true,"href":"https:\/\/electro-tot-menage.es\/index.php\/wp-json\/wp\/v2\/product_tag?post=11397"}],"curies":[{"name":"wp","href":"https:\/\/api.w.org\/{rel}","templated":true}]}}