{"id":11396,"date":"2023-12-02T11:04:25","date_gmt":"2023-12-02T10:04:25","guid":{"rendered":"https:\/\/electro-tot-menage.es\/?post_type=product&#038;p=11396"},"modified":"2025-05-28T03:57:21","modified_gmt":"2025-05-28T01:57:21","slug":"louna","status":"publish","type":"product","link":"https:\/\/electro-tot-menage.es\/index.php\/produit\/louna\/","title":{"rendered":"LOUNA 4 en 1: Cuna, columpio el\u00e9ctrico, trona, hamaca"},"content":{"rendered":"<p>\u00bfQui\u00e9n no ha so\u00f1ado alguna vez con tener a mano un producto 4 en 1 seguro y c\u00f3modo para su beb\u00e9?<\/p>\n<p>Una cuna acogedora, un columpio de juego, una trona y una hamaca todo en uno, LOUNA es el producto multifuncional que a tu hijo le encantar\u00e1.<\/p>\n<p>Por supuesto, este producto le permitir\u00e1 ahorrar dinero en un presupuesto importante vinculado al nacimiento de su beb\u00e9, pero tambi\u00e9n ahorrar un valioso espacio en su hogar, pero eso no es todo&#8230;<\/p>\n<p>La practicidad del LOUNA es obviamente su principal activo.<\/p>\n<p>Nuestro producto es \u00fatil y eficaz. LOUNA se puede utilizar desde el nacimiento hasta los 9 kg en modo cuna, columpio o hamaca, y hasta los 15 kg en modo trona. \u00bfQui\u00e9n puede superar eso?<\/p>\n<p>C\u00f3modo, flexible y seguro, \u00a1puede hacerlo todo y lo hace bien!<br \/>\n\u00a1Ten cuidado, esta vez tu marido tendr\u00e1 todos los motivos para estar celoso!<\/p>\n","protected":false},"excerpt":{"rendered":"<p>\u2705 Env\u00edo gratuito: de 5 a 7 d\u00edas<br \/>\n\u2705 Env\u00edo expr\u00e9s (9\u202f\u20ac): de 2 a 3 d\u00edas<br \/>\n\u2705 Pago seguro<br \/>\n\u2705 Devoluci\u00f3n en 30 d\u00edas<\/p>\n<p>De vacaciones, de paseo, en casa de un amigo o en casa de los abuelos, gracias a su plegado ultracompacto y a su peso pluma de 6,8 kg, \u00a1la Louna se puede transportar a todas partes!<\/p>\n<p>&#8211; 6 velocidades de giro<br \/>\n&#8211; 3 alturas<br \/>\n&#8211; Modo vibraci\u00f3n<br \/>\n&#8211; 15 melod\u00edas<br \/>\n&#8211; Conector USB MP3<br \/>\n&#8211; Respaldo reclinable de 3 posiciones<br \/>\n&#8211; Arn\u00e9s de 5 puntos<br \/>\n&#8211; Arco con 3 peque\u00f1os juguetes de tela<br \/>\n&#8211; Temporizador de 10, 20, 30 minutos<br \/>\n&#8211; Remoto<br \/>\n&#8211; Funciona con el adaptador de CA (incluido)<br \/>\n&#8211; 2 Peluches (no 3 como en algunas fotos)<\/p>\n","protected":false},"featured_media":11569,"comment_status":"closed","ping_status":"closed","template":"","meta":[],"product_cat":[110],"product_tag":[],"class_list":["post-11396","product","type-product","status-publish","has-post-thumbnail","hentry","product_cat-juguetes-ninos-bebes"],"_links":{"self":[{"href":"https:\/\/electro-tot-menage.es\/index.php\/wp-json\/wp\/v2\/product\/11396"}],"collection":[{"href":"https:\/\/electro-tot-menage.es\/index.php\/wp-json\/wp\/v2\/product"}],"about":[{"href":"https:\/\/electro-tot-menage.es\/index.php\/wp-json\/wp\/v2\/types\/product"}],"replies":[{"embeddable":true,"href":"https:\/\/electro-tot-menage.es\/index.php\/wp-json\/wp\/v2\/comments?post=11396"}],"version-history":[{"count":4,"href":"https:\/\/electro-tot-menage.es\/index.php\/wp-json\/wp\/v2\/product\/11396\/revisions"}],"predecessor-version":[{"id":14585,"href":"https:\/\/electro-tot-menage.es\/index.php\/wp-json\/wp\/v2\/product\/11396\/revisions\/14585"}],"wp:featuredmedia":[{"embeddable":true,"href":"https:\/\/electro-tot-menage.es\/index.php\/wp-json\/wp\/v2\/media\/11569"}],"wp:attachment":[{"href":"https:\/\/electro-tot-menage.es\/index.php\/wp-json\/wp\/v2\/media?parent=11396"}],"wp:term":[{"taxonomy":"product_cat","embeddable":true,"href":"https:\/\/electro-tot-menage.es\/index.php\/wp-json\/wp\/v2\/product_cat?post=11396"},{"taxonomy":"product_tag","embeddable":true,"href":"https:\/\/electro-tot-menage.es\/index.php\/wp-json\/wp\/v2\/product_tag?post=11396"}],"curies":[{"name":"wp","href":"https:\/\/api.w.org\/{rel}","templated":true}]}}