{"id":11395,"date":"2023-12-02T11:04:25","date_gmt":"2023-12-02T10:04:25","guid":{"rendered":"https:\/\/electro-tot-menage.es\/?post_type=product&#038;p=11395"},"modified":"2025-05-28T03:56:48","modified_gmt":"2025-05-28T01:56:48","slug":"siege-auto-airtwist-360-pivotant-0-a-7-ans","status":"publish","type":"product","link":"https:\/\/electro-tot-menage.es\/index.php\/produit\/siege-auto-airtwist-360-pivotant-0-a-7-ans\/","title":{"rendered":"Silla de auto AirTwist 360\u00b0 giratoria (de 0 a 7 a\u00f1os)"},"content":{"rendered":"<h2>Evolutivo, confort, seguridad e innovaci\u00f3n, no hace ninguna concesi\u00f3n.<\/h2>\n<p data-start=\"116\" data-end=\"130\"><strong data-start=\"116\" data-end=\"130\">Evolutivo:<\/strong><\/p>\n<ul data-start=\"132\" data-end=\"443\">\n<li data-start=\"132\" data-end=\"215\">\n<p data-start=\"134\" data-end=\"215\">Grupo 0+, 1, 2: de 0 a 25 kg, es decir, desde el nacimiento hasta los 7\/8 a\u00f1os.<\/p>\n<\/li>\n<li data-start=\"216\" data-end=\"260\">\n<p data-start=\"218\" data-end=\"260\">Reposacabezas ajustable en 10 posiciones<\/p>\n<\/li>\n<li data-start=\"261\" data-end=\"346\">\n<p data-start=\"263\" data-end=\"346\">3 posiciones de reclinaci\u00f3n a contramarcha + 3 posiciones en sentido de la marcha<\/p>\n<\/li>\n<li data-start=\"348\" data-end=\"390\">\n<p data-start=\"350\" data-end=\"390\">Posici\u00f3n a contramarcha (de 0 a 18 kg)<\/p>\n<\/li>\n<li data-start=\"391\" data-end=\"443\">\n<p data-start=\"393\" data-end=\"443\">Posici\u00f3n en sentido de la marcha (de 9 kg a 25 kg)<\/p>\n<\/li>\n<\/ul>\n","protected":false},"excerpt":{"rendered":"<p>\u2705 Env\u00edo gratuito: de 5 a 7 d\u00edas<br \/>\n\u2705 Env\u00edo expr\u00e9s (9\u202f\u20ac): de 2 a 3 d\u00edas<br \/>\n\u2705 Pago seguro<br \/>\n\u2705 Devoluci\u00f3n en 30 d\u00edas<\/p>\n<p data-start=\"68\" data-end=\"166\"><strong data-start=\"68\" data-end=\"81\">Gira 360\u00b0<\/strong> para cambiar de la posici\u00f3n de espaldas a favor de la marcha sin da\u00f1ar la espalda.<\/p>\n<ul data-start=\"167\" data-end=\"711\">\n<li data-start=\"167\" data-end=\"240\">\n<p data-start=\"169\" data-end=\"240\"><strong data-start=\"169\" data-end=\"202\">Insertable para reci\u00e9n nacido<\/strong> en 3 partes, lavable y desmontable.<\/p>\n<\/li>\n<li data-start=\"241\" data-end=\"312\">\n<p data-start=\"243\" data-end=\"312\"><strong data-start=\"243\" data-end=\"257\">MoussePlus<\/strong> en los lados del reposacabezas para mayor comodidad.<\/p>\n<\/li>\n<li data-start=\"313\" data-end=\"395\">\n<p data-start=\"315\" data-end=\"395\"><strong data-start=\"315\" data-end=\"349\">Funda del asiento transpirable<\/strong> para limitar la proliferaci\u00f3n de bacterias.<\/p>\n<\/li>\n<li data-start=\"396\" data-end=\"476\">\n<p data-start=\"398\" data-end=\"476\"><strong data-start=\"398\" data-end=\"425\">Sistema desplegable DSP<\/strong>, protecci\u00f3n adicional contra impactos laterales.<\/p>\n<\/li>\n<li data-start=\"477\" data-end=\"516\">\n<p data-start=\"479\" data-end=\"516\"><strong data-start=\"479\" data-end=\"513\">Arn\u00e9s de seguridad de 5 puntos<\/strong>.<\/p>\n<\/li>\n<li data-start=\"517\" data-end=\"593\">\n<p data-start=\"519\" data-end=\"593\"><strong data-start=\"519\" data-end=\"543\">Normativa ECE R44\/04<\/strong> y sus pruebas de choque obligatorias aprobadas.<\/p>\n<\/li>\n<li data-start=\"594\" data-end=\"653\">\n<p data-start=\"596\" data-end=\"653\"><strong data-start=\"596\" data-end=\"624\">ISOFIX con pata de apoyo<\/strong> para una mejor protecci\u00f3n.<\/p>\n<\/li>\n<li data-start=\"654\" data-end=\"711\">\n<p data-start=\"656\" data-end=\"711\"><strong data-start=\"656\" data-end=\"680\">Indicadores de color<\/strong> para facilitar la instalaci\u00f3n.<\/p>\n<\/li>\n<\/ul>\n<hr data-start=\"713\" data-end=\"716\" \/>\n<p data-start=\"718\" data-end=\"728\"><strong data-start=\"718\" data-end=\"728\">Innova<\/strong><\/p>\n<ul data-start=\"730\" data-end=\"889\">\n<li data-start=\"730\" data-end=\"889\">\n<p data-start=\"732\" data-end=\"889\"><strong data-start=\"732\" data-end=\"743\">B-FRESH<\/strong>: conecta el sistema B-FRESH a un cargador USB (no incluido), el asiento se ventilar\u00e1 gracias a un sistema de ventilaci\u00f3n integrado en la carcasa.<\/p>\n<\/li>\n<\/ul>\n<hr data-start=\"891\" data-end=\"894\" \/>\n<p data-start=\"896\" data-end=\"1045\"><strong data-start=\"896\" data-end=\"911\">Dimensiones<\/strong><br data-start=\"911\" data-end=\"914\" \/>Profundidad: 60 cm<br data-start=\"932\" data-end=\"935\" \/>Altura: 55 cm<br data-start=\"948\" data-end=\"951\" \/>Anchura: 45 cm<br data-start=\"965\" data-end=\"968\" \/>Altura m\u00e1xima de la pata de apoyo: 55 cm<br data-start=\"1008\" data-end=\"1011\" \/>Base Isofix incluida<br data-start=\"1031\" data-end=\"1034\" \/>Peso: 15 kg<\/p>\n","protected":false},"featured_media":11564,"comment_status":"closed","ping_status":"closed","template":"","meta":[],"product_cat":[110],"product_tag":[],"class_list":["post-11395","product","type-product","status-publish","has-post-thumbnail","hentry","product_cat-juguetes-ninos-bebes"],"_links":{"self":[{"href":"https:\/\/electro-tot-menage.es\/index.php\/wp-json\/wp\/v2\/product\/11395"}],"collection":[{"href":"https:\/\/electro-tot-menage.es\/index.php\/wp-json\/wp\/v2\/product"}],"about":[{"href":"https:\/\/electro-tot-menage.es\/index.php\/wp-json\/wp\/v2\/types\/product"}],"replies":[{"embeddable":true,"href":"https:\/\/electro-tot-menage.es\/index.php\/wp-json\/wp\/v2\/comments?post=11395"}],"version-history":[{"count":3,"href":"https:\/\/electro-tot-menage.es\/index.php\/wp-json\/wp\/v2\/product\/11395\/revisions"}],"predecessor-version":[{"id":14584,"href":"https:\/\/electro-tot-menage.es\/index.php\/wp-json\/wp\/v2\/product\/11395\/revisions\/14584"}],"wp:featuredmedia":[{"embeddable":true,"href":"https:\/\/electro-tot-menage.es\/index.php\/wp-json\/wp\/v2\/media\/11564"}],"wp:attachment":[{"href":"https:\/\/electro-tot-menage.es\/index.php\/wp-json\/wp\/v2\/media?parent=11395"}],"wp:term":[{"taxonomy":"product_cat","embeddable":true,"href":"https:\/\/electro-tot-menage.es\/index.php\/wp-json\/wp\/v2\/product_cat?post=11395"},{"taxonomy":"product_tag","embeddable":true,"href":"https:\/\/electro-tot-menage.es\/index.php\/wp-json\/wp\/v2\/product_tag?post=11395"}],"curies":[{"name":"wp","href":"https:\/\/api.w.org\/{rel}","templated":true}]}}