{"id":11370,"date":"2023-12-02T11:03:59","date_gmt":"2023-12-02T10:03:59","guid":{"rendered":"https:\/\/electro-tot-menage.es\/?post_type=product&#038;p=11370"},"modified":"2025-05-28T03:58:49","modified_gmt":"2025-05-28T01:58:49","slug":"mesa-de-billar-americana-con-accesorios-y-retorno-automatico-de-bolas","status":"publish","type":"product","link":"https:\/\/electro-tot-menage.es\/index.php\/produit\/mesa-de-billar-americana-con-accesorios-y-retorno-automatico-de-bolas\/","title":{"rendered":"Mesa de billar americana con accesorios y retorno autom\u00e1tico de bolas."},"content":{"rendered":"<p>Mesa de billar americano con retorno autom\u00e1tico de bolas y accesorios \u2013 Tela azul<\/p>\n<p>Presentaci\u00f3n del producto:<\/p>\n<p>Mesa de billar americana negra con retorno autom\u00e1tico de bolas y accesorios, tela azul<br \/>\n\u00a1La mesa de billar con retorno autom\u00e1tico de bolas es imprescindible! Equipado con este sistema para mayor comodidad, no m\u00e1s manos atascadas tratando de recuperar todas las bolas.<br \/>\nPeso: 116 kg<br \/>\nDimensiones: Largo: 214cm \u2013 Ancho: 122cm \u2013 Alto 81cm<br \/>\nLa estructura de madera contrachapada ofrece una alta resistencia a la deformaci\u00f3n.<br \/>\nLo mismo ocurre con sus pies y esquinas, que est\u00e1n hechos de zinc cromado; las bandas est\u00e1n hechas de caucho de alta calidad.<br \/>\nLa mesa tiene un marco de MDF (m\u00e1s denso que el aglomerado, a menudo es el sustituto ideal de la madera maciza, ya que se deforma poco y es f\u00e1cil de moldear).<br \/>\nNo se agrieta, es resistente al fuego y no revienta.<br \/>\nEst\u00e1 hecho de fibras de madera comprimidas y pegadas en caliente)<br \/>\nSuperficie de juego: 190 x 98,3 cm, alfombra de lana azul.<br \/>\nLos pies son regulables en altura.<br \/>\nGarant\u00eda: 1 a\u00f1o<br \/>\nPara que puedas disfrutar al m\u00e1ximo de tu nueva mesa de billar, ponemos a tu disposici\u00f3n todo el equipamiento necesario:<br \/>\n2 tacos de billar, longitud 146 cm y peso 300 g, 2 tacos de snooker, 146 cm, 2 tacos de bridge, 146 cm<br \/>\n1 funda protectora completa, 1 bolsa de canicas rojas y blancas numeradas con superficie plana<br \/>\n1 juego de bolas americanas de 57,2 mm de di\u00e1metro, 1 juego de bolas de snooker<br \/>\n1 cepillo de pl\u00e1stico color an\u00eds de 18,5cm, botella para la piscina de botellas<br \/>\n1 tri\u00e1ngulo ABS (pol\u00edmero termopl\u00e1stico con buena resistencia al impacto, relativamente r\u00edgido, ligero), 1 tri\u00e1ngulo de madera<br \/>\n1 estante de almacenamiento para fijar tacos y 1 contador de puntos<br \/>\nDimensiones del paquete: 223 x 133 x 26 cm<br \/>\nNuestra mesa de billar americano es un producto muy f\u00e1cil de montar gracias a sus instrucciones de montaje.<\/p>\n","protected":false},"excerpt":{"rendered":"<div>\n<p>\u2705 Env\u00edo gratuito: de 5 a 7 d\u00edas<br \/>\n\u2705 Env\u00edo expr\u00e9s (9\u202f\u20ac): de 2 a 3 d\u00edas<br \/>\n\u2705 Pago seguro<br \/>\n\u2705 Devoluci\u00f3n en 30 d\u00edas<\/p>\n<p>Tama\u00f1o de la mesa: 214 x 122 x 81 cm<br \/>\nPeso: 116 kg<br \/>\nMateriales: Estructura de MDF recubierta de PVC laminado.<\/p>\n<\/div>\n<div id=\"titre_DM\"><\/div>\n<div id=\"table_bottom\"><\/div>\n","protected":false},"featured_media":11552,"comment_status":"closed","ping_status":"closed","template":"","meta":[],"product_cat":[110],"product_tag":[112],"class_list":["post-11370","product","type-product","status-publish","has-post-thumbnail","hentry","product_cat-juguetes-ninos-bebes","product_tag-billard"],"_links":{"self":[{"href":"https:\/\/electro-tot-menage.es\/index.php\/wp-json\/wp\/v2\/product\/11370"}],"collection":[{"href":"https:\/\/electro-tot-menage.es\/index.php\/wp-json\/wp\/v2\/product"}],"about":[{"href":"https:\/\/electro-tot-menage.es\/index.php\/wp-json\/wp\/v2\/types\/product"}],"replies":[{"embeddable":true,"href":"https:\/\/electro-tot-menage.es\/index.php\/wp-json\/wp\/v2\/comments?post=11370"}],"version-history":[{"count":4,"href":"https:\/\/electro-tot-menage.es\/index.php\/wp-json\/wp\/v2\/product\/11370\/revisions"}],"predecessor-version":[{"id":14588,"href":"https:\/\/electro-tot-menage.es\/index.php\/wp-json\/wp\/v2\/product\/11370\/revisions\/14588"}],"wp:featuredmedia":[{"embeddable":true,"href":"https:\/\/electro-tot-menage.es\/index.php\/wp-json\/wp\/v2\/media\/11552"}],"wp:attachment":[{"href":"https:\/\/electro-tot-menage.es\/index.php\/wp-json\/wp\/v2\/media?parent=11370"}],"wp:term":[{"taxonomy":"product_cat","embeddable":true,"href":"https:\/\/electro-tot-menage.es\/index.php\/wp-json\/wp\/v2\/product_cat?post=11370"},{"taxonomy":"product_tag","embeddable":true,"href":"https:\/\/electro-tot-menage.es\/index.php\/wp-json\/wp\/v2\/product_tag?post=11370"}],"curies":[{"name":"wp","href":"https:\/\/api.w.org\/{rel}","templated":true}]}}