{"id":11338,"date":"2023-12-02T11:03:34","date_gmt":"2023-12-02T10:03:34","guid":{"rendered":"https:\/\/electro-tot-menage.es\/?post_type=product&#038;p=11338"},"modified":"2025-05-28T03:52:44","modified_gmt":"2025-05-28T01:52:44","slug":"candy-csc10lf-s-secadora-de-carga-frontal-10-kg-condensacion-clase-b-blanco","status":"publish","type":"product","link":"https:\/\/electro-tot-menage.es\/index.php\/produit\/candy-csc10lf-s-secadora-de-carga-frontal-10-kg-condensacion-clase-b-blanco\/","title":{"rendered":"CANDY CSC10LF-S \u2013 Secadora de carga frontal \u2013 10 kg \u2013 Condensaci\u00f3n \u2013 Clase B Blanco"},"content":{"rendered":"<p>Esta secadora Candy CS C10LF blanca con capacidad para 10 kg cuenta con un tambor de 115 litros, 15 programas de secado, aplicaci\u00f3n SimplyFi, tecnolog\u00eda NFC para conectar tu secadora a tu smartphone y un dep\u00f3sito elevado para una mayor comodidad a la hora de cargar y descargar la ropa.<\/p>\n","protected":false},"excerpt":{"rendered":"<p>\u2705 Env\u00edo gratuito: de 5 a 7 d\u00edas<br \/>\n\u2705 Env\u00edo expr\u00e9s (9\u202f\u20ac): de 2 a 3 d\u00edas<br \/>\n\u2705 Pago seguro<br \/>\n\u2705 Devoluci\u00f3n en 30 d\u00edas<\/p>\n","protected":false},"featured_media":11538,"comment_status":"closed","ping_status":"closed","template":"","meta":[],"product_cat":[103,104,105],"product_tag":[106],"class_list":["post-11338","product","type-product","status-publish","has-post-thumbnail","hentry","product_cat-electrodomesticos-gordos","product_cat-lavadora","product_cat-secadora","product_tag-seche-linge"],"_links":{"self":[{"href":"https:\/\/electro-tot-menage.es\/index.php\/wp-json\/wp\/v2\/product\/11338"}],"collection":[{"href":"https:\/\/electro-tot-menage.es\/index.php\/wp-json\/wp\/v2\/product"}],"about":[{"href":"https:\/\/electro-tot-menage.es\/index.php\/wp-json\/wp\/v2\/types\/product"}],"replies":[{"embeddable":true,"href":"https:\/\/electro-tot-menage.es\/index.php\/wp-json\/wp\/v2\/comments?post=11338"}],"version-history":[{"count":4,"href":"https:\/\/electro-tot-menage.es\/index.php\/wp-json\/wp\/v2\/product\/11338\/revisions"}],"predecessor-version":[{"id":14582,"href":"https:\/\/electro-tot-menage.es\/index.php\/wp-json\/wp\/v2\/product\/11338\/revisions\/14582"}],"wp:featuredmedia":[{"embeddable":true,"href":"https:\/\/electro-tot-menage.es\/index.php\/wp-json\/wp\/v2\/media\/11538"}],"wp:attachment":[{"href":"https:\/\/electro-tot-menage.es\/index.php\/wp-json\/wp\/v2\/media?parent=11338"}],"wp:term":[{"taxonomy":"product_cat","embeddable":true,"href":"https:\/\/electro-tot-menage.es\/index.php\/wp-json\/wp\/v2\/product_cat?post=11338"},{"taxonomy":"product_tag","embeddable":true,"href":"https:\/\/electro-tot-menage.es\/index.php\/wp-json\/wp\/v2\/product_tag?post=11338"}],"curies":[{"name":"wp","href":"https:\/\/api.w.org\/{rel}","templated":true}]}}