{"id":11312,"date":"2023-12-02T11:03:12","date_gmt":"2023-12-02T10:03:12","guid":{"rendered":"https:\/\/electro-tot-menage.es\/?post_type=product&#038;p=11312"},"modified":"2025-05-28T03:24:15","modified_gmt":"2025-05-28T01:24:15","slug":"aspirador-de-mano-dyson-v11-animal-plus-lila","status":"publish","type":"product","link":"https:\/\/electro-tot-menage.es\/index.php\/produit\/aspirador-de-mano-dyson-v11-animal-plus-lila\/","title":{"rendered":"Aspirador de mano Dyson V11 Animal Plus Lila"},"content":{"rendered":"<p>DYSON \u2013 V11 Animal Plus P\u00farpura<br \/>\nGarant\u00eda de 2 a\u00f1os<\/p>\n<p>Ventajas de la aspiradora escoba Dyson Purple V11 Animal Plus:<br \/>\nMotor potente<br \/>\nUso inal\u00e1mbrico<br \/>\nAspiradora de mano extra\u00edble<br \/>\nFiltro HEPA<br \/>\nPantalla LCD<br \/>\nUsar:<\/p>\n<p>Esta aspiradora escoba te ayudar\u00e1 con las tareas del hogar, por grandes que sean. Este modelo es adecuado para aspirar todo tipo de alfombras, tapetes, techos y suelos.<\/p>\n","protected":false},"excerpt":{"rendered":"<p>\u2705 Env\u00edo gratuito: de 5 a 7 d\u00edas<br \/>\n\u2705 Env\u00edo expr\u00e9s (9\u202f\u20ac): de 2 a 3 d\u00edas<br \/>\n\u2705 Pago seguro<br \/>\n\u2705 Devoluci\u00f3n en 30 d\u00edas<\/p>\n<p>Aspiradora de varilla Dyson Violeta V11 Animal Plus, equipada con caracter\u00edsticas avanzadas como pantalla LCD y potente motor. Gracias a su dise\u00f1o inal\u00e1mbrico y sin bolsa, sigue siendo pr\u00e1ctico.<\/p>\n","protected":false},"featured_media":11523,"comment_status":"closed","ping_status":"closed","template":"","meta":[],"product_cat":[101,99],"product_tag":[102],"class_list":["post-11312","product","type-product","status-publish","has-post-thumbnail","hentry","product_cat-aspiradora-escoba","product_cat-cuidado-del-suelo","product_tag-aspirateur"],"_links":{"self":[{"href":"https:\/\/electro-tot-menage.es\/index.php\/wp-json\/wp\/v2\/product\/11312"}],"collection":[{"href":"https:\/\/electro-tot-menage.es\/index.php\/wp-json\/wp\/v2\/product"}],"about":[{"href":"https:\/\/electro-tot-menage.es\/index.php\/wp-json\/wp\/v2\/types\/product"}],"replies":[{"embeddable":true,"href":"https:\/\/electro-tot-menage.es\/index.php\/wp-json\/wp\/v2\/comments?post=11312"}],"version-history":[{"count":5,"href":"https:\/\/electro-tot-menage.es\/index.php\/wp-json\/wp\/v2\/product\/11312\/revisions"}],"predecessor-version":[{"id":14550,"href":"https:\/\/electro-tot-menage.es\/index.php\/wp-json\/wp\/v2\/product\/11312\/revisions\/14550"}],"wp:featuredmedia":[{"embeddable":true,"href":"https:\/\/electro-tot-menage.es\/index.php\/wp-json\/wp\/v2\/media\/11523"}],"wp:attachment":[{"href":"https:\/\/electro-tot-menage.es\/index.php\/wp-json\/wp\/v2\/media?parent=11312"}],"wp:term":[{"taxonomy":"product_cat","embeddable":true,"href":"https:\/\/electro-tot-menage.es\/index.php\/wp-json\/wp\/v2\/product_cat?post=11312"},{"taxonomy":"product_tag","embeddable":true,"href":"https:\/\/electro-tot-menage.es\/index.php\/wp-json\/wp\/v2\/product_tag?post=11312"}],"curies":[{"name":"wp","href":"https:\/\/api.w.org\/{rel}","templated":true}]}}