{"id":11311,"date":"2023-12-02T11:03:12","date_gmt":"2023-12-02T10:03:12","guid":{"rendered":"https:\/\/electro-tot-menage.es\/?post_type=product&#038;p=11311"},"modified":"2025-05-28T03:23:53","modified_gmt":"2025-05-28T01:23:53","slug":"aspirateur-avec-sac-capacite-45l-750w-accessoires-speciaux-poils-danimaux-et-voiture-rowenta-ro6466ea-silence-force-home-car-pro","status":"publish","type":"product","link":"https:\/\/electro-tot-menage.es\/index.php\/produit\/aspirateur-avec-sac-capacite-45l-750w-accessoires-speciaux-poils-danimaux-et-voiture-rowenta-ro6466ea-silence-force-home-car-pro\/","title":{"rendered":"Aspiradora con bolsa de capacidad de 4,5 l, 750 W, accesorios especiales para pelo de mascotas y coche, Rowenta RO6466EA Silence Force Home &#038; Car Pro"},"content":{"rendered":"<p>Recolecci\u00f3n de polvo: Bolsa<br \/>\nModo de limpieza: En seco<br \/>\nCapacidad del colector: 4,5 litros<br \/>\nNivel m\u00e1ximo de ruido: 66 dB<br \/>\nPotencia el\u00e9ctrica: 750 vatios<br \/>\nLongitud del cable: 8,4 m<br \/>\nTipo de filtro: Espuma<br \/>\nAccesorios incluidos: Boquilla para ranuras, cepillo para muebles, mini cepillo turbo, cepillo multifunci\u00f3n, cabezal de limpieza profunda<\/p>\n<p>Silencio y rendimiento extremo 5***<\/p>\n<p>Silence Force ofrece un rendimiento excelente. Este aspirador extremadamente silencioso, con solo 66 dB(A) en su nivel m\u00e1ximo, proporciona una potencia de succi\u00f3n elevada, tres niveles de filtraci\u00f3n que capturan m\u00e1s del 99,998 % del polvo*, y un bajo consumo energ\u00e9tico. Este aspirador con bolsa ha sido dise\u00f1ado especialmente para aspirar pelos y es la soluci\u00f3n ideal de limpieza con la que sue\u00f1an todos los due\u00f1os de mascotas, tanto para sus interiores como para sus veh\u00edculos.<\/p>\n<p>Nota: Dado que el Reglamento de la UE n.\u00ba 665\/2013 sobre el etiquetado energ\u00e9tico de aspiradoras, incluidas las clases de eficiencia, ha sido derogado, esta p\u00e1gina se actualizar\u00e1 lo antes posible. Por favor, t\u00e9ngalo en cuenta al realizar su elecci\u00f3n.<\/p>\n","protected":false},"excerpt":{"rendered":"<p>\u2705 Env\u00edo gratuito: de 5 a 7 d\u00edas<br \/>\n\u2705 Env\u00edo expr\u00e9s (9\u202f\u20ac): de 2 a 3 d\u00edas<br \/>\n\u2705 Pago seguro<br \/>\n\u2705 Devoluci\u00f3n en 30 d\u00edas<\/p>\n<p>Silencio y rendimiento extremo 5***<\/p>\n<p>Silence Force ofrece un rendimiento excelente. Este aspirador extremadamente silencioso, con solo 66 dB(A) en su nivel m\u00e1ximo, proporciona una potencia de succi\u00f3n elevada, tres niveles de filtraci\u00f3n que capturan m\u00e1s del 99,998 % del polvo*, y un bajo consumo energ\u00e9tico. Este aspirador con bolsa ha sido dise\u00f1ado especialmente para aspirar pelos y es la soluci\u00f3n ideal de limpieza con la que sue\u00f1an todos los due\u00f1os de mascotas, tanto para sus interiores como para sus veh\u00edculos.<\/p>\n<p><em><strong>Nota: Dado que el Reglamento de la UE n.\u00ba 665\/2013 sobre el etiquetado energ\u00e9tico de aspiradoras, incluidas las clases de eficiencia, ha sido derogado, esta p\u00e1gina se actualizar\u00e1 lo antes posible. Por favor, t\u00e9ngalo en cuenta al realizar su elecci\u00f3n.<\/strong><\/em><\/p>\n","protected":false},"featured_media":11520,"comment_status":"closed","ping_status":"closed","template":"","meta":[],"product_cat":[99],"product_tag":[100],"class_list":["post-11311","product","type-product","status-publish","has-post-thumbnail","hentry","product_cat-cuidado-del-suelo","product_tag-aspirateur-avec-sac"],"_links":{"self":[{"href":"https:\/\/electro-tot-menage.es\/index.php\/wp-json\/wp\/v2\/product\/11311"}],"collection":[{"href":"https:\/\/electro-tot-menage.es\/index.php\/wp-json\/wp\/v2\/product"}],"about":[{"href":"https:\/\/electro-tot-menage.es\/index.php\/wp-json\/wp\/v2\/types\/product"}],"replies":[{"embeddable":true,"href":"https:\/\/electro-tot-menage.es\/index.php\/wp-json\/wp\/v2\/comments?post=11311"}],"version-history":[{"count":6,"href":"https:\/\/electro-tot-menage.es\/index.php\/wp-json\/wp\/v2\/product\/11311\/revisions"}],"predecessor-version":[{"id":14549,"href":"https:\/\/electro-tot-menage.es\/index.php\/wp-json\/wp\/v2\/product\/11311\/revisions\/14549"}],"wp:featuredmedia":[{"embeddable":true,"href":"https:\/\/electro-tot-menage.es\/index.php\/wp-json\/wp\/v2\/media\/11520"}],"wp:attachment":[{"href":"https:\/\/electro-tot-menage.es\/index.php\/wp-json\/wp\/v2\/media?parent=11311"}],"wp:term":[{"taxonomy":"product_cat","embeddable":true,"href":"https:\/\/electro-tot-menage.es\/index.php\/wp-json\/wp\/v2\/product_cat?post=11311"},{"taxonomy":"product_tag","embeddable":true,"href":"https:\/\/electro-tot-menage.es\/index.php\/wp-json\/wp\/v2\/product_tag?post=11311"}],"curies":[{"name":"wp","href":"https:\/\/api.w.org\/{rel}","templated":true}]}}