{"id":11309,"date":"2023-12-02T11:03:12","date_gmt":"2023-12-02T10:03:12","guid":{"rendered":"https:\/\/electro-tot-menage.es\/?post_type=product&#038;p=11309"},"modified":"2025-05-28T03:43:00","modified_gmt":"2025-05-28T01:43:00","slug":"cinta-de-correr-led-newton-fitness-skyrunner-3-0","status":"publish","type":"product","link":"https:\/\/electro-tot-menage.es\/index.php\/produit\/cinta-de-correr-led-newton-fitness-skyrunner-3-0\/","title":{"rendered":"Cinta de correr LED Newton Fitness Skyrunner 3.0"},"content":{"rendered":"<p>G\u00e9nero: Uso dom\u00e9stico pesado<br \/>\nCarga m\u00e1xima del usuario: 125 kg<br \/>\nSuperficie de carrera de 52 cm de ancho<br \/>\nControl de frecuencia card\u00edaca<br \/>\nPlegable<br \/>\nCompatible con iPad\/Tablet<\/p>\n<p>La cinta de correr Newton Fitness Skyrunner 3.0 LED es una cinta de correr para el hogar con un precio atractivo y equipada con un motor de 3 HP. Por este motivo, la cinta de correr es adecuada para caminar, trotar y correr de forma intensa. Adem\u00e1s, puedes emparejar el ordenador de la cinta de correr a trav\u00e9s de Bluetooth con tu tel\u00e9fono inteligente\/tableta y, opcionalmente, utilizar los programas Kinomap y Zwift. \u00a1Esto ofrece muchas posibilidades y hace que el entrenamiento sea divertido y motivador!<\/p>\n<p>motor de 3,0 CV<\/p>\n<p>Bajo el cap\u00f3 se esconde un potente motor de desplazamiento continuo de 3,0 CV. Esto significa que puedes utilizar la cinta de correr en casa para caminar, pero tambi\u00e9n para trotar y correr con regularidad. correr. Adem\u00e1s del motor de 3,0 HP, la cinta de correr tambi\u00e9n cuenta con un motor de inclinaci\u00f3n, que le permite caminar c\u00f3modamente cuesta arriba.<\/p>\n<p>Escal\u00f3n 136&#215;52 cm<\/p>\n<p>La gran superficie de carrera de 136&#215;52 cm proporciona comodidad y sensaci\u00f3n de seguridad durante el entrenamiento y garantiza que tengas suficiente espacio para caminar, trotar o correr.<\/p>\n<p>Sistema de amortiguaci\u00f3n<\/p>\n<p>El sistema de amortiguaci\u00f3n de la cinta de correr garantiza un menor impacto en las articulaciones al caminar en comparaci\u00f3n con el duro asfalto del exterior. El sistema de amortiguaci\u00f3n y la banda de rodadura trabajan juntos para que cada paso sea c\u00f3modo.<\/p>\n<p>Pantalla LED grande<\/p>\n<p>Todos los datos de entrenamiento se muestran claramente en la gran pantalla LED. Como todo se muestra en un tama\u00f1o suficientemente grande gracias a la iluminaci\u00f3n LED, podr\u00e1s leer todo f\u00e1cilmente durante el entrenamiento y concentrarte plenamente en \u00e9l.<\/p>\n<p>Medici\u00f3n de la frecuencia card\u00edaca<\/p>\n<p>Puede medir su frecuencia card\u00edaca durante el ejercicio sujetando los sensores integrados en los mangos o usando la correa para el pecho incluida. El uso de una correa para el pecho proporciona una mejor medici\u00f3n y se recomienda si est\u00e1 utilizando programas controlados por frecuencia card\u00edaca. Si desea medir su frecuencia card\u00edaca ocasionalmente mientras camina, los sensores incorporados son una excelente soluci\u00f3n.<\/p>\n<p>Programas<\/p>\n<p>La computadora est\u00e1 equipada con una amplia gama de programas que pueden ayudarle a alcanzar sus objetivos y mantenerse motivado. Tienes acceso a 12 programas preprogramados y 3 programas controlados por frecuencia card\u00edaca. Como se mencion\u00f3 anteriormente, tambi\u00e9n puedes conectar la computadora a tu tel\u00e9fono inteligente o tableta a trav\u00e9s de Bluetooth y usar las aplicaciones Kinomap y Zwift.<\/p>\n<p>Sistema de lubricaci\u00f3n autom\u00e1tica<\/p>\n<p>La Newton Fitness Skyrunner 3.0 LED es una de las pocas marcas que incorpora un sistema de lubricaci\u00f3n completamente nuevo y regulado autom\u00e1ticamente para mantener mejor la banda de rodadura. Esta es una parte esencial cuando se trata de la durabilidad de la cinta de correr. Se llena el tanque de aceite desde el punto del filtro donde se encuentra el lubricante, distribuy\u00e9ndolo uniformemente. Con este sistema ya no es necesario levantar la superficie de rodadura para lubricarla.<\/p>\n<p>Doblar<\/p>\n<p>Cuando la cinta de correr no est\u00e9 en uso, puede plegarla f\u00e1cilmente utilizando el mecanismo de plegado. La cinta de correr tambi\u00e9n se puede mover, ya que la construcci\u00f3n est\u00e1 equipada con ruedas de transporte. De esta manera ahorrar\u00e1s mucho espacio cuando la cinta de correr no est\u00e9 en uso.<\/p>\n","protected":false},"excerpt":{"rendered":"<p>\u2705 Env\u00edo gratuito: de 5 a 7 d\u00edas<br \/>\n\u2705 Env\u00edo expr\u00e9s (9\u202f\u20ac): de 2 a 3 d\u00edas<br \/>\n\u2705 Pago seguro<br \/>\n\u2705 Devoluci\u00f3n en 30 d\u00edas<\/p>\n","protected":false},"featured_media":11500,"comment_status":"closed","ping_status":"closed","template":"","meta":[],"product_cat":[92,95],"product_tag":[],"class_list":["post-11309","product","type-product","status-publish","has-post-thumbnail","hentry","product_cat-deportes-y-ocio","product_cat-laufband"],"_links":{"self":[{"href":"https:\/\/electro-tot-menage.es\/index.php\/wp-json\/wp\/v2\/product\/11309"}],"collection":[{"href":"https:\/\/electro-tot-menage.es\/index.php\/wp-json\/wp\/v2\/product"}],"about":[{"href":"https:\/\/electro-tot-menage.es\/index.php\/wp-json\/wp\/v2\/types\/product"}],"replies":[{"embeddable":true,"href":"https:\/\/electro-tot-menage.es\/index.php\/wp-json\/wp\/v2\/comments?post=11309"}],"version-history":[{"count":4,"href":"https:\/\/electro-tot-menage.es\/index.php\/wp-json\/wp\/v2\/product\/11309\/revisions"}],"predecessor-version":[{"id":14563,"href":"https:\/\/electro-tot-menage.es\/index.php\/wp-json\/wp\/v2\/product\/11309\/revisions\/14563"}],"wp:featuredmedia":[{"embeddable":true,"href":"https:\/\/electro-tot-menage.es\/index.php\/wp-json\/wp\/v2\/media\/11500"}],"wp:attachment":[{"href":"https:\/\/electro-tot-menage.es\/index.php\/wp-json\/wp\/v2\/media?parent=11309"}],"wp:term":[{"taxonomy":"product_cat","embeddable":true,"href":"https:\/\/electro-tot-menage.es\/index.php\/wp-json\/wp\/v2\/product_cat?post=11309"},{"taxonomy":"product_tag","embeddable":true,"href":"https:\/\/electro-tot-menage.es\/index.php\/wp-json\/wp\/v2\/product_tag?post=11309"}],"curies":[{"name":"wp","href":"https:\/\/api.w.org\/{rel}","templated":true}]}}