{"id":11305,"date":"2023-12-02T11:03:12","date_gmt":"2023-12-02T10:03:12","guid":{"rendered":"https:\/\/electro-tot-menage.es\/?post_type=product&#038;p=11305"},"modified":"2025-05-28T03:35:30","modified_gmt":"2025-05-28T01:35:30","slug":"sportstech-f37-tapis-de-course-professionnel-pliable","status":"publish","type":"product","link":"https:\/\/electro-tot-menage.es\/index.php\/produit\/sportstech-f37-tapis-de-course-professionnel-pliable\/","title":{"rendered":"Sportstech F37 Cinta de correr profesional plegable"},"content":{"rendered":"<p class=\"\" data-start=\"53\" data-end=\"229\"><strong data-start=\"53\" data-end=\"73\">Marca Sportstech<\/strong><br data-start=\"73\" data-end=\"76\" \/><strong data-start=\"76\" data-end=\"86\">Color:<\/strong> F37_N<br data-start=\"92\" data-end=\"95\" \/><strong data-start=\"95\" data-end=\"138\">Dimensiones del art\u00edculo (L x An x Al):<\/strong> 171,5 x 83 x 138 cent\u00edmetros<br data-start=\"167\" data-end=\"170\" \/><strong data-start=\"170\" data-end=\"212\">Peso m\u00e1ximo soportado por el producto:<\/strong> 150 kilogramos<\/p>\n<p class=\"\" data-start=\"231\" data-end=\"428\"><strong data-start=\"231\" data-end=\"428\">Cinta de correr profesional Sportstech F37 de calidad alemana &#8211; Videos en directo y aplicaci\u00f3n multijugador, motor de 7 CV hasta 20 km\/h + sistema de lubricaci\u00f3n, plegable, cinta con puls\u00f3metro<\/strong><\/p>\n<hr class=\"\" data-start=\"430\" data-end=\"433\" \/>\n<p class=\"\" data-start=\"435\" data-end=\"462\"><strong data-start=\"435\" data-end=\"462\">Acerca de este art\u00edculo<\/strong><\/p>\n<p class=\"\" data-start=\"464\" data-end=\"714\">Nuestra cinta de correr puede alcanzar una velocidad m\u00e1xima de 20 km\/h gracias a un motor de 7 CV. Adem\u00e1s, es posible una inclinaci\u00f3n m\u00e1xima del 15 %. La cinta multimedia es compatible con la cinta de puls\u00f3metro, para un entrenamiento a\u00fan m\u00e1s eficaz.<\/p>\n<p class=\"\" data-start=\"716\" data-end=\"1018\">La superficie de carrera de 5 capas con sistema de amortiguaci\u00f3n en 8 zonas ofrece un entrenamiento que protege las articulaciones y proporciona una sensaci\u00f3n de carrera natural. Lo mejor: gracias al innovador sistema de autolubricaci\u00f3n, \u00a1ya no es necesario engrasar, lo que aporta una comodidad total!<\/p>\n<p class=\"\" data-start=\"1020\" data-end=\"1241\">Con KINOMAP y SPORTSTECH, puedes comenzar ya tu entrenamiento de nueva generaci\u00f3n. Descubre el Home Fitness 2.0 con la consola multimedia de 7,5&#8243; compatible con la aplicaci\u00f3n y empieza un nuevo nivel de fitness al m\u00e1ximo.<\/p>\n<p class=\"\" data-start=\"1243\" data-end=\"1416\">Porque nos preocupamos por tu salud y seguridad, solo utilizamos materiales de alta calidad que garantizan un placer de entrenamiento duradero, con un peso m\u00e1ximo de 150 kg.<\/p>\n<p class=\"\" data-start=\"1418\" data-end=\"1663\">Gracias al sistema hidr\u00e1ulico \u00fanico de plegado r\u00e1pido con ruedas inteligentes para un almacenamiento m\u00e1s f\u00e1cil y r\u00e1pido, ahora puedes disfrutar de una experiencia de entrenamiento especialmente compacta. \u00a1Ponerte en forma puede ser as\u00ed de f\u00e1cil!<\/p>\n","protected":false},"excerpt":{"rendered":"<p>\u2705 Env\u00edo gratuito: de 5 a 7 d\u00edas<br \/>\n\u2705 Env\u00edo expr\u00e9s (9\u202f\u20ac): de 2 a 3 d\u00edas<br \/>\n\u2705 Pago seguro<br \/>\n\u2705 Devoluci\u00f3n en 30 d\u00edas<\/p>\n","protected":false},"featured_media":11461,"comment_status":"closed","ping_status":"closed","template":"","meta":[],"product_cat":[92,95],"product_tag":[],"class_list":["post-11305","product","type-product","status-publish","has-post-thumbnail","hentry","product_cat-deportes-y-ocio","product_cat-laufband"],"_links":{"self":[{"href":"https:\/\/electro-tot-menage.es\/index.php\/wp-json\/wp\/v2\/product\/11305"}],"collection":[{"href":"https:\/\/electro-tot-menage.es\/index.php\/wp-json\/wp\/v2\/product"}],"about":[{"href":"https:\/\/electro-tot-menage.es\/index.php\/wp-json\/wp\/v2\/types\/product"}],"replies":[{"embeddable":true,"href":"https:\/\/electro-tot-menage.es\/index.php\/wp-json\/wp\/v2\/comments?post=11305"}],"version-history":[{"count":3,"href":"https:\/\/electro-tot-menage.es\/index.php\/wp-json\/wp\/v2\/product\/11305\/revisions"}],"predecessor-version":[{"id":14558,"href":"https:\/\/electro-tot-menage.es\/index.php\/wp-json\/wp\/v2\/product\/11305\/revisions\/14558"}],"wp:featuredmedia":[{"embeddable":true,"href":"https:\/\/electro-tot-menage.es\/index.php\/wp-json\/wp\/v2\/media\/11461"}],"wp:attachment":[{"href":"https:\/\/electro-tot-menage.es\/index.php\/wp-json\/wp\/v2\/media?parent=11305"}],"wp:term":[{"taxonomy":"product_cat","embeddable":true,"href":"https:\/\/electro-tot-menage.es\/index.php\/wp-json\/wp\/v2\/product_cat?post=11305"},{"taxonomy":"product_tag","embeddable":true,"href":"https:\/\/electro-tot-menage.es\/index.php\/wp-json\/wp\/v2\/product_tag?post=11305"}],"curies":[{"name":"wp","href":"https:\/\/api.w.org\/{rel}","templated":true}]}}