{"id":11304,"date":"2023-12-02T11:03:12","date_gmt":"2023-12-02T10:03:12","guid":{"rendered":"https:\/\/electro-tot-menage.es\/?post_type=product&#038;p=11304"},"modified":"2025-05-28T02:40:19","modified_gmt":"2025-05-28T00:40:19","slug":"robot-tondeuse-420-husqvarna","status":"publish","type":"product","link":"https:\/\/electro-tot-menage.es\/index.php\/produit\/robot-tondeuse-420-husqvarna\/","title":{"rendered":"Robot cortac\u00e9sped 420 HUSQVARNA"},"content":{"rendered":"<p data-start=\"53\" data-end=\"1007\"><strong data-start=\"53\" data-end=\"96\">Dise\u00f1ado para jardines de hasta 2200 m\u00b2<\/strong>, el <strong data-start=\"101\" data-end=\"128\">Automower HUSQVARNA 420<\/strong> corta con un ancho de 24 cm y puede segar pendientes de hasta el 45%. Regulable manualmente, la altura de corte var\u00eda entre 20 y 60 mm. Especialmente silencioso y resistente al agua, corta de d\u00eda y de noche, sin importar las condiciones meteorol\u00f3gicas. Sus <strong data-start=\"386\" data-end=\"414\">105 minutos de autonom\u00eda<\/strong> y solo <strong data-start=\"422\" data-end=\"447\">55 minutos de recarga<\/strong> lo convierten en un cortac\u00e9sped muy eficiente. Es aut\u00f3nomo y regresa solo a su estaci\u00f3n de carga. Posee varios modos de corte que optimizan su funcionamiento; adem\u00e1s del <strong data-start=\"618\" data-end=\"638\">corte en espiral<\/strong>, cuenta con un <strong data-start=\"654\" data-end=\"681\">temporizador adaptativo<\/strong> que ajusta el tiempo de trabajo a la velocidad de crecimiento del c\u00e9sped. Tambi\u00e9n puede detectar pasajes estrechos. Los men\u00fas de programaci\u00f3n, simples e intuitivos y visibles en la gran pantalla LCD, dan acceso a los par\u00e1metros: salida, frecuencia, zonas, pasajes&#8230; y todo se bloquea mediante un <strong data-start=\"979\" data-end=\"1006\">c\u00f3digo PIN de seguridad<\/strong>.<\/p>\n<hr data-start=\"1009\" data-end=\"1012\" \/>\n<h3 data-start=\"1014\" data-end=\"1031\">Ficha t\u00e9cnica<\/h3>\n<p data-start=\"1033\" data-end=\"1263\"><strong data-start=\"1033\" data-end=\"1058\">Ventajas del producto<\/strong><br data-start=\"1058\" data-end=\"1061\" \/>Sensores de colisi\u00f3n y levantamiento, pantalla LCD retroiluminada, detecci\u00f3n autom\u00e1tica de pasajes estrechos, temporizador adaptativo, corte bajo la lluvia (IPX4), ajuste el\u00e9ctrico de la altura de corte<\/p>\n<p data-start=\"1265\" data-end=\"1283\"><strong data-start=\"1265\" data-end=\"1273\">Peso<\/strong><br data-start=\"1273\" data-end=\"1276\" \/>11,5 kg<\/p>\n<p data-start=\"1285\" data-end=\"1435\"><strong data-start=\"1285\" data-end=\"1313\">Accesorio(s) incluido(s)<\/strong><br data-start=\"1313\" data-end=\"1316\" \/>1 estaci\u00f3n de carga, 1 regla, 3 tornillos de anclaje, 1 transformador, 1 cable de baja tensi\u00f3n, 6 cuchillas de repuesto<\/p>\n<p data-start=\"1437\" data-end=\"1478\"><strong data-start=\"1437\" data-end=\"1468\">Superficie recomendada m\u00e1x.<\/strong><br data-start=\"1468\" data-end=\"1471\" \/>2200 m\u00b2<\/p>\n<p data-start=\"1480\" data-end=\"1501\"><strong data-start=\"1480\" data-end=\"1492\">Garant\u00eda<\/strong><br data-start=\"1492\" data-end=\"1495\" \/>2 a\u00f1os<\/p>\n<p data-start=\"1503\" data-end=\"1536\"><strong data-start=\"1503\" data-end=\"1530\">\u00cdndice de reparabilidad<\/strong><br data-start=\"1530\" data-end=\"1533\" \/>8,5<\/p>\n<p data-start=\"1538\" data-end=\"1568\"><strong data-start=\"1538\" data-end=\"1555\">Modo de carga<\/strong><br data-start=\"1555\" data-end=\"1558\" \/>Autom\u00e1tico<\/p>\n<p data-start=\"1570\" data-end=\"1596\"><strong data-start=\"1570\" data-end=\"1590\">Pendiente m\u00e1xima<\/strong><br data-start=\"1590\" data-end=\"1593\" \/>45%<\/p>\n<p data-start=\"1598\" data-end=\"1661\"><strong data-start=\"1598\" data-end=\"1650\">Tiempo de trabajo m\u00e1ximo por d\u00eda (corte + carga)<\/strong><br data-start=\"1650\" data-end=\"1653\" \/>24 horas<\/p>\n<p data-start=\"1663\" data-end=\"1681\"><strong data-start=\"1663\" data-end=\"1677\">Cable gu\u00eda<\/strong><br data-start=\"1677\" data-end=\"1680\" \/>2<\/p>\n<p data-start=\"1683\" data-end=\"1783\"><strong data-start=\"1683\" data-end=\"1728\">M\u00e9todos de retorno a la estaci\u00f3n de carga<\/strong><br data-start=\"1728\" data-end=\"1731\" \/>Cable perimetral, cable gu\u00eda (x2), se\u00f1al de estaci\u00f3n<\/p>\n<p data-start=\"1785\" data-end=\"1815\"><strong data-start=\"1785\" data-end=\"1804\">Altura de corte<\/strong><br data-start=\"1804\" data-end=\"1807\" \/>2 a 6 cm<\/p>\n<p data-start=\"1817\" data-end=\"1843\"><strong data-start=\"1817\" data-end=\"1835\">Ancho de corte<\/strong><br data-start=\"1835\" data-end=\"1838\" \/>24 cm<\/p>\n<p data-start=\"1845\" data-end=\"1873\"><strong data-start=\"1845\" data-end=\"1861\">Conectividad<\/strong><br data-start=\"1861\" data-end=\"1864\" \/>Bluetooth<\/p>\n<p data-start=\"1875\" data-end=\"1936\"><strong data-start=\"1875\" data-end=\"1909\">Geolocalizaci\u00f3n remota por GPS<\/strong><br data-start=\"1909\" data-end=\"1912\" \/>Opcional con kit Connect<\/p>\n<p data-start=\"1938\" data-end=\"1995\"><strong data-start=\"1938\" data-end=\"1985\">Capacidad de corte por hora (corte + carga)<\/strong><br data-start=\"1985\" data-end=\"1988\" \/>92 m\u00b2\/h<\/p>\n","protected":false},"excerpt":{"rendered":"<p>\u2705 Env\u00edo gratuito: de 5 a 7 d\u00edas<br \/>\n\u2705 Env\u00edo expr\u00e9s (9\u202f\u20ac): de 2 a 3 d\u00edas<br \/>\n\u2705 Pago seguro<br \/>\n\u2705 Devoluci\u00f3n en 30 d\u00edas<\/p>\n","protected":false},"featured_media":11455,"comment_status":"closed","ping_status":"closed","template":"","meta":[],"product_cat":[75,81],"product_tag":[],"class_list":["post-11304","product","type-product","status-publish","has-post-thumbnail","hentry","product_cat-casa-jardin","product_cat-cortadora-de-cesped-robotica"],"_links":{"self":[{"href":"https:\/\/electro-tot-menage.es\/index.php\/wp-json\/wp\/v2\/product\/11304"}],"collection":[{"href":"https:\/\/electro-tot-menage.es\/index.php\/wp-json\/wp\/v2\/product"}],"about":[{"href":"https:\/\/electro-tot-menage.es\/index.php\/wp-json\/wp\/v2\/types\/product"}],"replies":[{"embeddable":true,"href":"https:\/\/electro-tot-menage.es\/index.php\/wp-json\/wp\/v2\/comments?post=11304"}],"version-history":[{"count":4,"href":"https:\/\/electro-tot-menage.es\/index.php\/wp-json\/wp\/v2\/product\/11304\/revisions"}],"predecessor-version":[{"id":14523,"href":"https:\/\/electro-tot-menage.es\/index.php\/wp-json\/wp\/v2\/product\/11304\/revisions\/14523"}],"wp:featuredmedia":[{"embeddable":true,"href":"https:\/\/electro-tot-menage.es\/index.php\/wp-json\/wp\/v2\/media\/11455"}],"wp:attachment":[{"href":"https:\/\/electro-tot-menage.es\/index.php\/wp-json\/wp\/v2\/media?parent=11304"}],"wp:term":[{"taxonomy":"product_cat","embeddable":true,"href":"https:\/\/electro-tot-menage.es\/index.php\/wp-json\/wp\/v2\/product_cat?post=11304"},{"taxonomy":"product_tag","embeddable":true,"href":"https:\/\/electro-tot-menage.es\/index.php\/wp-json\/wp\/v2\/product_tag?post=11304"}],"curies":[{"name":"wp","href":"https:\/\/api.w.org\/{rel}","templated":true}]}}