{"id":11263,"date":"2023-12-02T11:02:50","date_gmt":"2023-12-02T10:02:50","guid":{"rendered":"https:\/\/electro-tot-menage.es\/?post_type=product&#038;p=11263"},"modified":"2025-05-28T02:53:54","modified_gmt":"2025-05-28T00:53:54","slug":"robot-tondeuse-415x-husqvarna","status":"publish","type":"product","link":"https:\/\/electro-tot-menage.es\/index.php\/produit\/robot-tondeuse-415x-husqvarna\/","title":{"rendered":"Robot cortac\u00e9sped 415X HUSQVARNA"},"content":{"rendered":"<p data-start=\"60\" data-end=\"440\"><strong data-start=\"60\" data-end=\"121\">Descripci\u00f3n del art\u00edculo Robot cortac\u00e9sped 415X HUSQVARNA<\/strong><br data-start=\"121\" data-end=\"124\" \/>Modelo fiable y de alto rendimiento de la serie X-line, adecuado para jardines peque\u00f1os. Garantiza un c\u00e9sped perfectamente cortado incluso en terrenos complejos de hasta 1500 m\u00b2, gracias a funciones como el corte sistem\u00e1tico en pasajes estrechos desde 60 cm o la gesti\u00f3n de pendientes de hasta el 40% de inclinaci\u00f3n.<\/p>\n<p data-start=\"442\" data-end=\"1028\">Uso intuitivo gracias al ajuste el\u00e9ctrico de la altura de corte, funci\u00f3n Cut Down Mode, corte adaptativo y sensores de heladas. F\u00e1cil de limpiar y lavar con chorro de agua. Viene equipado de serie con Automower\u00ae Connect y navegaci\u00f3n asistida por GPS. Acceso completo a todas las funciones de la aplicaci\u00f3n Automower\u00ae Connect: control remoto del robot, geolocalizaci\u00f3n en tiempo real e integraci\u00f3n sencilla con tu sistema dom\u00f3tico. Dise\u00f1o y estilo X-line con faros LED, paragolpes y embellecedores de colores. Tambi\u00e9n cuenta con tecnolog\u00eda FOTA (actualizaciones de software autom\u00e1ticas).<\/p>\n<p data-start=\"1030\" data-end=\"1395\">La aplicaci\u00f3n Automower\u00ae Connect te permite controlar completamente tu cortac\u00e9sped desde tu smartphone. Puedes enviar f\u00e1cilmente \u00f3rdenes de inicio, parada y regreso a la estaci\u00f3n de carga, as\u00ed como verificar y modificar los ajustes. Si es necesario, tambi\u00e9n puedes recibir alertas y rastrear la posici\u00f3n del robot en tiempo real en caso de robo \u2014 est\u00e9s donde est\u00e9s.<\/p>\n<p data-start=\"1397\" data-end=\"1690\">Un sistema GPS incorporado establece un mapa del jard\u00edn, incluyendo los l\u00edmites y la instalaci\u00f3n de los cables gu\u00eda. El Husqvarna Automower\u00ae registra las \u00e1reas ya cortadas y adapta su patr\u00f3n de corte en consecuencia. Esto permite una cobertura \u00f3ptima y asegura un excelente resultado de corte.<\/p>\n<p data-start=\"1692\" data-end=\"1838\">Faros LED de bajo consumo para una mejor visibilidad y control, incluso en la oscuridad. Las luces tambi\u00e9n parpadean en caso de detectar un fallo.<\/p>\n<hr data-start=\"1840\" data-end=\"1843\" \/>\n<p data-start=\"1845\" data-end=\"1862\"><strong data-start=\"1845\" data-end=\"1862\">Ficha t\u00e9cnica<\/strong><\/p>\n<p data-start=\"1864\" data-end=\"2076\"><strong data-start=\"1864\" data-end=\"1889\">Ventajas del producto<\/strong><br data-start=\"1889\" data-end=\"1892\" \/>Ajuste el\u00e9ctrico de la altura de corte, sensores de colisi\u00f3n y elevaci\u00f3n, paragolpes reforzado, faros LED, temporizador adaptativo, sensor de heladas, lavable con chorro de agua (IPX5)<\/p>\n<p data-start=\"2078\" data-end=\"2213\"><strong data-start=\"2078\" data-end=\"2105\">Consejo del profesional<\/strong><br data-start=\"2105\" data-end=\"2108\" \/>Dise\u00f1o y estilo X-line con faros LED, paragolpes y embellecedores de colores, navegaci\u00f3n asistida por GPS<\/p>\n<p data-start=\"2215\" data-end=\"2232\"><strong data-start=\"2215\" data-end=\"2223\">Peso<\/strong><br data-start=\"2223\" data-end=\"2226\" \/>9,7 kg<\/p>\n<p data-start=\"2234\" data-end=\"2367\"><strong data-start=\"2234\" data-end=\"2258\">Accesorios incluidos<\/strong><br data-start=\"2258\" data-end=\"2261\" \/>1 estaci\u00f3n de carga + tornillos de anclaje, transformador + cable de baja tensi\u00f3n, 6 cuchillas de repuesto<\/p>\n<p data-start=\"2369\" data-end=\"2412\"><strong data-start=\"2369\" data-end=\"2402\">Superficie recomendada m\u00e1xima<\/strong><br data-start=\"2402\" data-end=\"2405\" \/>1500 m\u00b2<\/p>\n<p data-start=\"2414\" data-end=\"2435\"><strong data-start=\"2414\" data-end=\"2426\">Garant\u00eda<\/strong><br data-start=\"2426\" data-end=\"2429\" \/>2 a\u00f1os<\/p>\n<p data-start=\"2437\" data-end=\"2470\"><strong data-start=\"2437\" data-end=\"2464\">\u00cdndice de reparabilidad<\/strong><br data-start=\"2464\" data-end=\"2467\" \/>8.8<\/p>\n<p data-start=\"2472\" data-end=\"2502\"><strong data-start=\"2472\" data-end=\"2489\">Modo de carga<\/strong><br data-start=\"2489\" data-end=\"2492\" \/>Autom\u00e1tico<\/p>\n<p data-start=\"2504\" data-end=\"2534\"><strong data-start=\"2504\" data-end=\"2528\">Pendiente m\u00e1xima (%)<\/strong><br data-start=\"2528\" data-end=\"2531\" \/>40%<\/p>\n<p data-start=\"2536\" data-end=\"2599\"><strong data-start=\"2536\" data-end=\"2588\">Tiempo de trabajo m\u00e1ximo por d\u00eda (corte + carga)<\/strong><br data-start=\"2588\" data-end=\"2591\" \/>24 horas<\/p>\n<p data-start=\"2601\" data-end=\"2619\"><strong data-start=\"2601\" data-end=\"2615\">Cable gu\u00eda<\/strong><br data-start=\"2615\" data-end=\"2618\" \/>1<\/p>\n<p data-start=\"2621\" data-end=\"2719\"><strong data-start=\"2621\" data-end=\"2666\">M\u00e9todos de regreso a la estaci\u00f3n de carga<\/strong><br data-start=\"2666\" data-end=\"2669\" \/>Cable perimetral, cable gu\u00eda, se\u00f1al de la estaci\u00f3n<\/p>\n<p data-start=\"2721\" data-end=\"2754\"><strong data-start=\"2721\" data-end=\"2740\">Altura de corte<\/strong><br data-start=\"2740\" data-end=\"2743\" \/>De 2 a 5 cm<\/p>\n<p data-start=\"2756\" data-end=\"2782\"><strong data-start=\"2756\" data-end=\"2774\">Ancho de corte<\/strong><br data-start=\"2774\" data-end=\"2777\" \/>22 cm<\/p>\n<p data-start=\"2784\" data-end=\"2826\"><strong data-start=\"2784\" data-end=\"2800\">Conectividad<\/strong><br data-start=\"2800\" data-end=\"2803\" \/>Bluetooth + kit Connect<\/p>\n<p data-start=\"2828\" data-end=\"2867\"><strong data-start=\"2828\" data-end=\"2862\">Geolocalizaci\u00f3n remota por GPS<\/strong><br data-start=\"2862\" data-end=\"2865\" \/>S\u00ed<\/p>\n<p data-start=\"2869\" data-end=\"2926\"><strong data-start=\"2869\" data-end=\"2916\">Capacidad de corte por hora (corte + carga)<\/strong><br data-start=\"2916\" data-end=\"2919\" \/>63 m\u00b2\/h<\/p>\n","protected":false},"excerpt":{"rendered":"<p>\u2705 Env\u00edo gratuito: de 5 a 7 d\u00edas<br \/>\n\u2705 Env\u00edo expr\u00e9s (9\u202f\u20ac): de 2 a 3 d\u00edas<br \/>\n\u2705 Pago seguro<br \/>\n\u2705 Devoluci\u00f3n en 30 d\u00edas<\/p>\n<p><strong data-start=\"60\" data-end=\"121\">Robot cortac\u00e9sped 415X HUSQVARNA<\/strong><\/p>\n","protected":false},"featured_media":11440,"comment_status":"closed","ping_status":"closed","template":"","meta":[],"product_cat":[75,81],"product_tag":[],"class_list":["post-11263","product","type-product","status-publish","has-post-thumbnail","hentry","product_cat-casa-jardin","product_cat-cortadora-de-cesped-robotica"],"_links":{"self":[{"href":"https:\/\/electro-tot-menage.es\/index.php\/wp-json\/wp\/v2\/product\/11263"}],"collection":[{"href":"https:\/\/electro-tot-menage.es\/index.php\/wp-json\/wp\/v2\/product"}],"about":[{"href":"https:\/\/electro-tot-menage.es\/index.php\/wp-json\/wp\/v2\/types\/product"}],"replies":[{"embeddable":true,"href":"https:\/\/electro-tot-menage.es\/index.php\/wp-json\/wp\/v2\/comments?post=11263"}],"version-history":[{"count":3,"href":"https:\/\/electro-tot-menage.es\/index.php\/wp-json\/wp\/v2\/product\/11263\/revisions"}],"predecessor-version":[{"id":14531,"href":"https:\/\/electro-tot-menage.es\/index.php\/wp-json\/wp\/v2\/product\/11263\/revisions\/14531"}],"wp:featuredmedia":[{"embeddable":true,"href":"https:\/\/electro-tot-menage.es\/index.php\/wp-json\/wp\/v2\/media\/11440"}],"wp:attachment":[{"href":"https:\/\/electro-tot-menage.es\/index.php\/wp-json\/wp\/v2\/media?parent=11263"}],"wp:term":[{"taxonomy":"product_cat","embeddable":true,"href":"https:\/\/electro-tot-menage.es\/index.php\/wp-json\/wp\/v2\/product_cat?post=11263"},{"taxonomy":"product_tag","embeddable":true,"href":"https:\/\/electro-tot-menage.es\/index.php\/wp-json\/wp\/v2\/product_tag?post=11263"}],"curies":[{"name":"wp","href":"https:\/\/api.w.org\/{rel}","templated":true}]}}