{"id":11236,"date":"2023-12-02T11:02:25","date_gmt":"2023-12-02T10:02:25","guid":{"rendered":"https:\/\/electro-tot-menage.es\/?post_type=product&#038;p=11236"},"modified":"2025-05-28T03:06:34","modified_gmt":"2025-05-28T01:06:34","slug":"robot-tondeuse-305-husqvarna","status":"publish","type":"product","link":"https:\/\/electro-tot-menage.es\/index.php\/produit\/robot-tondeuse-305-husqvarna\/","title":{"rendered":"Robot cortac\u00e9sped 305 HUSQVARNA"},"content":{"rendered":"<p data-start=\"40\" data-end=\"492\"><strong data-start=\"40\" data-end=\"78\">El robot cortac\u00e9sped HUSQVARNA 305<\/strong> es ultraeficiente para jardines urbanos y periurbanos de hasta 600 m\u00b2. Equipado con las \u00faltimas tecnolog\u00edas de Husqvarna, es inteligente y gestiona todo tipo de configuraciones de terreno y pendientes de hasta un 40 % de inclinaci\u00f3n. Intuitivo, ofrece un modo de corte sistem\u00e1tico en pasajes estrechos a partir de 60 cm, la funci\u00f3n de corte adaptativo y sensores de heladas. F\u00e1cil de limpiar y lavar con manguera.<\/p>\n<p data-start=\"494\" data-end=\"673\"><strong data-start=\"494\" data-end=\"519\">Ventajas del producto<\/strong><br data-start=\"519\" data-end=\"522\" \/>Sensor de colisi\u00f3n, sensor de elevaci\u00f3n, pantalla LCD retroiluminada, detecci\u00f3n autom\u00e1tica de pasajes estrechos, corte adaptativo, sensores de heladas.<\/p>\n<p data-start=\"675\" data-end=\"732\"><strong data-start=\"675\" data-end=\"702\">Consejo del profesional<\/strong><br data-start=\"702\" data-end=\"705\" \/>Lavable con manguera (IPX5)<\/p>\n<p data-start=\"734\" data-end=\"751\"><strong data-start=\"734\" data-end=\"742\">Peso<\/strong><br data-start=\"742\" data-end=\"745\" \/>6,7 kg<\/p>\n<p data-start=\"753\" data-end=\"914\"><strong data-start=\"753\" data-end=\"777\">Accesorios incluidos<\/strong><br data-start=\"777\" data-end=\"780\" \/>1 estaci\u00f3n de carga; 1 regla de instalaci\u00f3n; 3 tornillos de anclaje; 1 transformador; 1 cable de baja tensi\u00f3n; 6 cuchillas de repuesto<\/p>\n<p data-start=\"916\" data-end=\"958\"><strong data-start=\"916\" data-end=\"949\">Superficie m\u00e1xima recomendada<\/strong><br data-start=\"949\" data-end=\"952\" \/>600 m\u00b2<\/p>\n<p data-start=\"960\" data-end=\"993\"><strong data-start=\"960\" data-end=\"987\">\u00cdndice de reparabilidad<\/strong><br data-start=\"987\" data-end=\"990\" \/>8,8<\/p>\n<p data-start=\"995\" data-end=\"1025\"><strong data-start=\"995\" data-end=\"1012\">Modo de carga<\/strong><br data-start=\"1012\" data-end=\"1015\" \/>Autom\u00e1tico<\/p>\n<p data-start=\"1027\" data-end=\"1056\"><strong data-start=\"1027\" data-end=\"1049\">Pendiente m\u00e1xima %<\/strong><br data-start=\"1049\" data-end=\"1052\" \/>40 %<\/p>\n<p data-start=\"1058\" data-end=\"1120\"><strong data-start=\"1058\" data-end=\"1109\">Tiempo m\u00e1ximo de trabajo diario (corte + carga)<\/strong><br data-start=\"1109\" data-end=\"1112\" \/>10 horas<\/p>\n<p data-start=\"1122\" data-end=\"1140\"><strong data-start=\"1122\" data-end=\"1136\">Cable gu\u00eda<\/strong><br data-start=\"1136\" data-end=\"1139\" \/>1<\/p>\n<p data-start=\"1142\" data-end=\"1237\"><strong data-start=\"1142\" data-end=\"1187\">M\u00e9todos de retorno a la estaci\u00f3n de carga<\/strong><br data-start=\"1187\" data-end=\"1190\" \/>Cable perimetral, cable gu\u00eda, se\u00f1al de estaci\u00f3n<\/p>\n<p data-start=\"1239\" data-end=\"1269\"><strong data-start=\"1239\" data-end=\"1258\">Altura de corte<\/strong><br data-start=\"1258\" data-end=\"1261\" \/>2 a 5 cm<\/p>\n<p data-start=\"1271\" data-end=\"1297\"><strong data-start=\"1271\" data-end=\"1289\">Ancho de corte<\/strong><br data-start=\"1289\" data-end=\"1292\" \/>22 cm<\/p>\n<p data-start=\"1299\" data-end=\"1327\"><strong data-start=\"1299\" data-end=\"1315\">Conectividad<\/strong><br data-start=\"1315\" data-end=\"1318\" \/>Bluetooth<\/p>\n<p data-start=\"1329\" data-end=\"1390\"><strong data-start=\"1329\" data-end=\"1363\">Geolocalizaci\u00f3n remota por GPS<\/strong><br data-start=\"1363\" data-end=\"1366\" \/>Opcional con Kit Connect<\/p>\n<p data-start=\"1392\" data-end=\"1449\"><strong data-start=\"1392\" data-end=\"1439\">Capacidad de corte por hora (corte + carga)<\/strong><br data-start=\"1439\" data-end=\"1442\" \/>60 m\u00b2\/h<\/p>\n","protected":false},"excerpt":{"rendered":"<p>\u2705 Env\u00edo gratuito: de 5 a 7 d\u00edas<br \/>\n\u2705 Env\u00edo expr\u00e9s (9\u202f\u20ac): de 2 a 3 d\u00edas<br \/>\n\u2705 Pago seguro<br \/>\n\u2705 Devoluci\u00f3n en 30 d\u00edas<\/p>\n","protected":false},"featured_media":11422,"comment_status":"closed","ping_status":"closed","template":"","meta":[],"product_cat":[75,81],"product_tag":[],"class_list":["post-11236","product","type-product","status-publish","has-post-thumbnail","hentry","product_cat-casa-jardin","product_cat-cortadora-de-cesped-robotica"],"_links":{"self":[{"href":"https:\/\/electro-tot-menage.es\/index.php\/wp-json\/wp\/v2\/product\/11236"}],"collection":[{"href":"https:\/\/electro-tot-menage.es\/index.php\/wp-json\/wp\/v2\/product"}],"about":[{"href":"https:\/\/electro-tot-menage.es\/index.php\/wp-json\/wp\/v2\/types\/product"}],"replies":[{"embeddable":true,"href":"https:\/\/electro-tot-menage.es\/index.php\/wp-json\/wp\/v2\/comments?post=11236"}],"version-history":[{"count":3,"href":"https:\/\/electro-tot-menage.es\/index.php\/wp-json\/wp\/v2\/product\/11236\/revisions"}],"predecessor-version":[{"id":14541,"href":"https:\/\/electro-tot-menage.es\/index.php\/wp-json\/wp\/v2\/product\/11236\/revisions\/14541"}],"wp:featuredmedia":[{"embeddable":true,"href":"https:\/\/electro-tot-menage.es\/index.php\/wp-json\/wp\/v2\/media\/11422"}],"wp:attachment":[{"href":"https:\/\/electro-tot-menage.es\/index.php\/wp-json\/wp\/v2\/media?parent=11236"}],"wp:term":[{"taxonomy":"product_cat","embeddable":true,"href":"https:\/\/electro-tot-menage.es\/index.php\/wp-json\/wp\/v2\/product_cat?post=11236"},{"taxonomy":"product_tag","embeddable":true,"href":"https:\/\/electro-tot-menage.es\/index.php\/wp-json\/wp\/v2\/product_tag?post=11236"}],"curies":[{"name":"wp","href":"https:\/\/api.w.org\/{rel}","templated":true}]}}