{"id":11235,"date":"2023-12-02T11:02:25","date_gmt":"2023-12-02T10:02:25","guid":{"rendered":"https:\/\/electro-tot-menage.es\/?post_type=product&#038;p=11235"},"modified":"2025-05-28T03:03:06","modified_gmt":"2025-05-28T01:03:06","slug":"robot-tondeuse-105-husqvarna","status":"publish","type":"product","link":"https:\/\/electro-tot-menage.es\/index.php\/produit\/robot-tondeuse-105-husqvarna\/","title":{"rendered":"Robots cortac\u00e9sped 105 HUSQVARNA"},"content":{"rendered":"<p data-start=\"40\" data-end=\"425\">El <strong data-start=\"43\" data-end=\"60\">Automower 105<\/strong> es el m\u00e1s peque\u00f1o de los robots cortac\u00e9sped de <strong data-start=\"108\" data-end=\"121\">HUSQVARNA<\/strong>, l\u00edder mundial en corte robotizado. Totalmente autom\u00e1tico, est\u00e1 dise\u00f1ado para jardines de peque\u00f1as dimensiones, con un patr\u00f3n de corte simple, pocos obst\u00e1culos y relativamente planos. Acepta pendientes de hasta el <strong data-start=\"336\" data-end=\"343\">25%<\/strong>, corta con un ancho de <strong data-start=\"367\" data-end=\"376\">17 cm<\/strong> y vuelve autom\u00e1ticamente a su estaci\u00f3n de carga.<\/p>\n<p data-start=\"427\" data-end=\"654\">Su bater\u00eda de <strong data-start=\"441\" data-end=\"467\">ion de litio de 2,1 Ah<\/strong> permite una autonom\u00eda de hasta <strong data-start=\"499\" data-end=\"513\">70 minutos<\/strong>, con solo <strong data-start=\"524\" data-end=\"549\">50 minutos de recarga<\/strong>. Sus <strong data-start=\"555\" data-end=\"581\">3 cuchillas pivotantes<\/strong> favorecen el triturado del c\u00e9sped, manteniendo el jard\u00edn siempre verde.<\/p>\n<p data-start=\"656\" data-end=\"834\">Protegido por un <strong data-start=\"673\" data-end=\"700\">c\u00f3digo PIN de seguridad<\/strong>, los par\u00e1metros se programan f\u00e1cilmente y se bloquean mediante la pantalla <strong data-start=\"776\" data-end=\"783\">LCD<\/strong>, que incluye men\u00fas simplificados de programaci\u00f3n.<\/p>\n<p data-start=\"836\" data-end=\"1049\">El Automower 105 corta el c\u00e9sped en <strong data-start=\"872\" data-end=\"884\">silencio<\/strong>, tanto de d\u00eda como de noche, haga el tiempo que haga, para que puedas disfrutar de un <strong data-start=\"971\" data-end=\"1006\">c\u00e9sped impecable todos los d\u00edas<\/strong> y tengas <strong data-start=\"1016\" data-end=\"1048\">m\u00e1s tiempo para otras tareas<\/strong>.<\/p>\n","protected":false},"excerpt":{"rendered":"<p>\u2705 Env\u00edo gratuito: de 5 a 7 d\u00edas<br \/>\n\u2705 Env\u00edo expr\u00e9s (9\u202f\u20ac): de 2 a 3 d\u00edas<br \/>\n\u2705 Pago seguro<br \/>\n\u2705 Devoluci\u00f3n en 30 d\u00edas<\/p>\n","protected":false},"featured_media":11416,"comment_status":"closed","ping_status":"closed","template":"","meta":[],"product_cat":[75,81],"product_tag":[],"class_list":["post-11235","product","type-product","status-publish","has-post-thumbnail","hentry","product_cat-casa-jardin","product_cat-cortadora-de-cesped-robotica"],"_links":{"self":[{"href":"https:\/\/electro-tot-menage.es\/index.php\/wp-json\/wp\/v2\/product\/11235"}],"collection":[{"href":"https:\/\/electro-tot-menage.es\/index.php\/wp-json\/wp\/v2\/product"}],"about":[{"href":"https:\/\/electro-tot-menage.es\/index.php\/wp-json\/wp\/v2\/types\/product"}],"replies":[{"embeddable":true,"href":"https:\/\/electro-tot-menage.es\/index.php\/wp-json\/wp\/v2\/comments?post=11235"}],"version-history":[{"count":3,"href":"https:\/\/electro-tot-menage.es\/index.php\/wp-json\/wp\/v2\/product\/11235\/revisions"}],"predecessor-version":[{"id":14539,"href":"https:\/\/electro-tot-menage.es\/index.php\/wp-json\/wp\/v2\/product\/11235\/revisions\/14539"}],"wp:featuredmedia":[{"embeddable":true,"href":"https:\/\/electro-tot-menage.es\/index.php\/wp-json\/wp\/v2\/media\/11416"}],"wp:attachment":[{"href":"https:\/\/electro-tot-menage.es\/index.php\/wp-json\/wp\/v2\/media?parent=11235"}],"wp:term":[{"taxonomy":"product_cat","embeddable":true,"href":"https:\/\/electro-tot-menage.es\/index.php\/wp-json\/wp\/v2\/product_cat?post=11235"},{"taxonomy":"product_tag","embeddable":true,"href":"https:\/\/electro-tot-menage.es\/index.php\/wp-json\/wp\/v2\/product_tag?post=11235"}],"curies":[{"name":"wp","href":"https:\/\/api.w.org\/{rel}","templated":true}]}}