{"id":11234,"date":"2023-12-02T11:02:25","date_gmt":"2023-12-02T10:02:25","guid":{"rendered":"https:\/\/electro-tot-menage.es\/?post_type=product&#038;p=11234"},"modified":"2025-05-28T03:07:00","modified_gmt":"2025-05-28T01:07:00","slug":"robot-de-tonte-hrm-40-honda","status":"publish","type":"product","link":"https:\/\/electro-tot-menage.es\/index.php\/produit\/robot-de-tonte-hrm-40-honda\/","title":{"rendered":"Robot cortac\u00e9sped HRM 40 HONDA"},"content":{"rendered":"<h3 data-start=\"57\" data-end=\"96\">M\u00c1S PEQUE\u00d1A, SENCILLA E INTELIGENTE<\/h3>\n<p data-start=\"98\" data-end=\"353\"><strong data-start=\"98\" data-end=\"117\">Jardins Loisirs<\/strong> le presenta el \u00faltimo modelo de la familia Miimo: la <strong data-start=\"171\" data-end=\"187\">Miimo HRM 40<\/strong>, un cortac\u00e9sped robot inteligente ideal para cortar c\u00e9spedes peque\u00f1os. F\u00e1cil de configurar, le garantiza un c\u00e9sped perfecto. Cuenta con muchas funciones innovadoras.<\/p>\n<h3 data-start=\"355\" data-end=\"372\">MAPEE Y CORTE<\/h3>\n<p data-start=\"374\" data-end=\"425\">Nada m\u00e1s sencillo para obtener un c\u00e9sped impecable.<\/p>\n<p data-start=\"427\" data-end=\"660\">El proceso de configuraci\u00f3n en 4 pasos mapea la disposici\u00f3n de su jard\u00edn y calcula sus dimensiones para crear un programa de corte adaptado. La HRM 40 regresa autom\u00e1ticamente a su estaci\u00f3n de carga y reanuda el corte donde se detuvo.<\/p>\n<h3 data-start=\"662\" data-end=\"681\">COLOQUE Y CORTE<\/h3>\n<p data-start=\"683\" data-end=\"734\">Corta incluso en los lugares de m\u00e1s dif\u00edcil acceso.<\/p>\n<p data-start=\"736\" data-end=\"988\">Gracias a la funci\u00f3n &#8220;Coloque y corte&#8221;, la Miimo HRM 40 puede cortar zonas espec\u00edficas, como debajo del mobiliario de jard\u00edn. Solo tiene que activarla manualmente, colocarla en el c\u00e9sped y ella se encarga del resto, cortando \u00e1reas de 2 x 2 m o 3 x 3 m.<\/p>\n<hr data-start=\"990\" data-end=\"993\" \/>\n<h3 data-start=\"995\" data-end=\"1022\">Ventajas del producto<\/h3>\n<p data-start=\"1023\" data-end=\"1186\">F\u00e1cil de instalar con la funci\u00f3n &#8220;Mapee y corte&#8221;. Se adapta a diferentes formas de c\u00e9sped hasta 400 m\u00b2. Resistente al agua y equipada con temporizador inteligente.<\/p>\n<p data-start=\"1188\" data-end=\"1205\"><strong data-start=\"1188\" data-end=\"1196\">Peso<\/strong><br data-start=\"1196\" data-end=\"1199\" \/>7,5 kg<\/p>\n<p data-start=\"1207\" data-end=\"1340\"><strong data-start=\"1207\" data-end=\"1231\">Accesorios incluidos<\/strong><br data-start=\"1231\" data-end=\"1234\" \/>1 estaci\u00f3n de carga, 1 transformador con cable de alimentaci\u00f3n, 125 ml de cable, 180 grapas, 2 conectores.<\/p>\n<p data-start=\"1342\" data-end=\"1363\"><strong data-start=\"1342\" data-end=\"1354\">Garant\u00eda<\/strong><br data-start=\"1354\" data-end=\"1357\" \/>2 a\u00f1os<\/p>\n<p data-start=\"1365\" data-end=\"1398\"><strong data-start=\"1365\" data-end=\"1392\">\u00cdndice de reparabilidad<\/strong><br data-start=\"1392\" data-end=\"1395\" \/>8,6<\/p>\n<p data-start=\"1400\" data-end=\"1427\"><strong data-start=\"1400\" data-end=\"1416\">Norma sonora<\/strong><br data-start=\"1416\" data-end=\"1419\" \/>63 dB(A)<\/p>\n<p data-start=\"1429\" data-end=\"1455\"><strong data-start=\"1429\" data-end=\"1442\">Capacidad<\/strong><br data-start=\"1442\" data-end=\"1445\" \/>29 m\u00b2\/hora<\/p>\n<p data-start=\"1457\" data-end=\"1521\"><strong data-start=\"1457\" data-end=\"1483\">Superficie recomendada<\/strong><br data-start=\"1483\" data-end=\"1486\" \/>De 0 a 400 m\u00b2 (recomendado: 350 m\u00b2)<\/p>\n<p data-start=\"1523\" data-end=\"1558\"><strong data-start=\"1523\" data-end=\"1532\">Corte<\/strong><br data-start=\"1532\" data-end=\"1535\" \/>3 cuchillas retr\u00e1ctiles<\/p>\n<p data-start=\"1560\" data-end=\"1594\"><strong data-start=\"1560\" data-end=\"1571\">Bater\u00eda<\/strong><br data-start=\"1571\" data-end=\"1574\" \/>Li-ion 18,0V \/ 2,5Ah<\/p>\n<p data-start=\"1596\" data-end=\"1655\"><strong data-start=\"1596\" data-end=\"1619\">Sensores integrados<\/strong><br data-start=\"1619\" data-end=\"1622\" \/>Colisi\u00f3n \/ elevaci\u00f3n \/ c\u00f3digo PIN<\/p>\n<p data-start=\"1657\" data-end=\"1687\"><strong data-start=\"1657\" data-end=\"1680\">Resistencia al agua<\/strong><br data-start=\"1680\" data-end=\"1683\" \/>IPX4<\/p>\n<p data-start=\"1689\" data-end=\"1719\"><strong data-start=\"1689\" data-end=\"1706\">Modo de carga<\/strong><br data-start=\"1706\" data-end=\"1709\" \/>45 minutos<\/p>\n<p data-start=\"1721\" data-end=\"1748\"><strong data-start=\"1721\" data-end=\"1741\">Pendiente m\u00e1xima<\/strong><br data-start=\"1741\" data-end=\"1744\" \/>27 %<\/p>\n<p data-start=\"1750\" data-end=\"1782\"><strong data-start=\"1750\" data-end=\"1769\">Altura de corte<\/strong><br data-start=\"1769\" data-end=\"1772\" \/>30 a 50 mm<\/p>\n<p data-start=\"1784\" data-end=\"1810\"><strong data-start=\"1784\" data-end=\"1802\">Ancho de corte<\/strong><br data-start=\"1802\" data-end=\"1805\" \/>19 cm<\/p>\n<p data-start=\"1812\" data-end=\"1872\"><strong data-start=\"1812\" data-end=\"1859\">Capacidad de corte por hora (corte + carga)<\/strong><br data-start=\"1859\" data-end=\"1862\" \/>30 minutos<\/p>\n","protected":false},"excerpt":{"rendered":"<p>\u2705 Env\u00edo gratuito: de 5 a 7 d\u00edas<br \/>\n\u2705 Env\u00edo expr\u00e9s (9\u202f\u20ac): de 2 a 3 d\u00edas<br \/>\n\u2705 Pago seguro<br \/>\n\u2705 Devoluci\u00f3n en 30 d\u00edas<\/p>\n","protected":false},"featured_media":11411,"comment_status":"closed","ping_status":"closed","template":"","meta":[],"product_cat":[75,81],"product_tag":[],"class_list":["post-11234","product","type-product","status-publish","has-post-thumbnail","hentry","product_cat-casa-jardin","product_cat-cortadora-de-cesped-robotica"],"_links":{"self":[{"href":"https:\/\/electro-tot-menage.es\/index.php\/wp-json\/wp\/v2\/product\/11234"}],"collection":[{"href":"https:\/\/electro-tot-menage.es\/index.php\/wp-json\/wp\/v2\/product"}],"about":[{"href":"https:\/\/electro-tot-menage.es\/index.php\/wp-json\/wp\/v2\/types\/product"}],"replies":[{"embeddable":true,"href":"https:\/\/electro-tot-menage.es\/index.php\/wp-json\/wp\/v2\/comments?post=11234"}],"version-history":[{"count":2,"href":"https:\/\/electro-tot-menage.es\/index.php\/wp-json\/wp\/v2\/product\/11234\/revisions"}],"predecessor-version":[{"id":14537,"href":"https:\/\/electro-tot-menage.es\/index.php\/wp-json\/wp\/v2\/product\/11234\/revisions\/14537"}],"wp:featuredmedia":[{"embeddable":true,"href":"https:\/\/electro-tot-menage.es\/index.php\/wp-json\/wp\/v2\/media\/11411"}],"wp:attachment":[{"href":"https:\/\/electro-tot-menage.es\/index.php\/wp-json\/wp\/v2\/media?parent=11234"}],"wp:term":[{"taxonomy":"product_cat","embeddable":true,"href":"https:\/\/electro-tot-menage.es\/index.php\/wp-json\/wp\/v2\/product_cat?post=11234"},{"taxonomy":"product_tag","embeddable":true,"href":"https:\/\/electro-tot-menage.es\/index.php\/wp-json\/wp\/v2\/product_tag?post=11234"}],"curies":[{"name":"wp","href":"https:\/\/api.w.org\/{rel}","templated":true}]}}