{"id":11233,"date":"2023-12-02T11:02:25","date_gmt":"2023-12-02T10:02:25","guid":{"rendered":"https:\/\/electro-tot-menage.es\/?post_type=product&#038;p=11233"},"modified":"2025-05-28T02:58:26","modified_gmt":"2025-05-28T00:58:26","slug":"robot-tondeuse-imow-rmi-422-2-stihl","status":"publish","type":"product","link":"https:\/\/electro-tot-menage.es\/index.php\/produit\/robot-tondeuse-imow-rmi-422-2-stihl\/","title":{"rendered":"Robots cortac\u00e9sped IMOW RMI 422.2 STIHL"},"content":{"rendered":"<p data-start=\"53\" data-end=\"727\">Con los <strong data-start=\"61\" data-end=\"98\">robots cortac\u00e9sped iMOW\u00ae de STIHL<\/strong>, \u00a1disfrutar\u00e1s de un c\u00e9sped siempre perfectamente cuidado! Los robots iMOW\u00ae ofrecen numerosas ventajas. Son robots aut\u00f3nomos que se recargan solos regresando a su base cuando es necesario. Est\u00e1n adaptados a todo tipo de jardines, hasta 5.000 m\u00b2: esquivan obst\u00e1culos y suben pendientes con facilidad. Al pasar el robot iMOW\u00ae, el c\u00e9sped se tritura finamente y se esparce sobre el terreno para que los nutrientes regresen al suelo: esto se llama mulching. \u00bfEl resultado? Un c\u00e9sped siempre sano y bonito. Y m\u00e1s tiempo para ti, tu familia y tus hobbies&#8230; Los robots cortac\u00e9sped iMOW\u00ae te garantizan una comodidad de corte excepcional.<\/p>\n<p data-start=\"729\" data-end=\"960\"><strong data-start=\"729\" data-end=\"754\">Totalmente autom\u00e1tico<\/strong>, el robot cortac\u00e9sped <strong data-start=\"777\" data-end=\"794\">STIHL RMI 422<\/strong> est\u00e1 dise\u00f1ado para superficies medianas de hasta 800 m\u00b2. Corta, tritura y fertiliza en una sola pasada como cortac\u00e9sped mulching. Dispone de las siguientes ventajas:<\/p>\n<ul data-start=\"962\" data-end=\"2307\">\n<li data-start=\"962\" data-end=\"1179\">\n<p data-start=\"964\" data-end=\"1179\"><strong data-start=\"964\" data-end=\"991\">Cap\u00f3 m\u00f3vil con sensores<\/strong>: el resistente cap\u00f3 protege al robot iMOW\u00ae de las inclemencias del tiempo y de los obst\u00e1culos. Los sensores integrados detectan los obst\u00e1culos y provocan un cambio de direcci\u00f3n del iMOW\u00ae.<\/p>\n<\/li>\n<li data-start=\"1181\" data-end=\"1501\">\n<p data-start=\"1183\" data-end=\"1501\"><strong data-start=\"1183\" data-end=\"1211\">Unidad de corte mulching<\/strong>: la cuchilla mulching, estable y resistente a los impactos, garantiza un corte preciso, incluso con hierba alta. Su sentido de rotaci\u00f3n cambia autom\u00e1ticamente en cada arranque del motor, lo que asegura un desgaste uniforme de las cuchillas. Las cuchillas pueden cambiarse sin herramientas.<\/p>\n<\/li>\n<li data-start=\"1503\" data-end=\"1631\">\n<p data-start=\"1505\" data-end=\"1631\"><strong data-start=\"1505\" data-end=\"1525\">Pendiente m\u00e1xima<\/strong>: el robot cortac\u00e9sped <strong data-start=\"1548\" data-end=\"1565\">STIHL RMI 422<\/strong> es capaz de trabajar en pendientes pronunciadas de hasta un 35\u202f%.<\/p>\n<\/li>\n<li data-start=\"1633\" data-end=\"1808\">\n<p data-start=\"1635\" data-end=\"1808\"><strong data-start=\"1635\" data-end=\"1676\">Regulaci\u00f3n de velocidad en pendientes<\/strong>: gracias a su sensor de inclinaci\u00f3n, el robot ajusta autom\u00e1ticamente su velocidad en terrenos irregulares, manteni\u00e9ndola constante.<\/p>\n<\/li>\n<li data-start=\"1810\" data-end=\"2017\">\n<p data-start=\"1812\" data-end=\"2017\"><strong data-start=\"1812\" data-end=\"1834\">Consola de control<\/strong>: la consola con pantalla integrada permite configurar el dispositivo y visualizar r\u00e1pidamente informaci\u00f3n sobre su estado. En los modelos de la gama RMI 6, esta consola es extra\u00edble.<\/p>\n<\/li>\n<li data-start=\"2019\" data-end=\"2307\">\n<p data-start=\"2021\" data-end=\"2307\"><strong data-start=\"2021\" data-end=\"2047\">Plan de corte din\u00e1mico<\/strong>: el plan de corte interactivo te permite definir para cada d\u00eda los intervalos durante los cuales puede operar el robot iMOW\u00ae. Durante esos periodos activos, el dispositivo decide por s\u00ed solo el mejor momento para cortar el c\u00e9sped y obtener resultados \u00f3ptimos.<\/p>\n<\/li>\n<\/ul>\n<hr data-start=\"2309\" data-end=\"2312\" \/>\n<h3 data-start=\"2314\" data-end=\"2333\"><em data-start=\"2318\" data-end=\"2333\">Ficha t\u00e9cnica<\/em><\/h3>\n<p data-start=\"2335\" data-end=\"2394\"><strong data-start=\"2335\" data-end=\"2360\">Ventajas del producto<\/strong><br data-start=\"2360\" data-end=\"2363\" \/>Ideal para superficies peque\u00f1as<\/p>\n<p data-start=\"2396\" data-end=\"2411\"><strong data-start=\"2396\" data-end=\"2404\">Peso<\/strong><br data-start=\"2404\" data-end=\"2407\" \/>9 kg<\/p>\n<p data-start=\"2413\" data-end=\"2485\"><strong data-start=\"2413\" data-end=\"2437\">Accesorios incluidos<\/strong><br data-start=\"2437\" data-end=\"2440\" \/>1 estaci\u00f3n de carga, 1 fuente de alimentaci\u00f3n<\/p>\n<p data-start=\"2487\" data-end=\"2529\"><strong data-start=\"2487\" data-end=\"2520\">Superficie recomendada m\u00e1xima<\/strong><br data-start=\"2520\" data-end=\"2523\" \/>800 m\u00b2<\/p>\n<p data-start=\"2531\" data-end=\"2552\"><strong data-start=\"2531\" data-end=\"2543\">Garant\u00eda<\/strong><br data-start=\"2543\" data-end=\"2546\" \/>2 a\u00f1os<\/p>\n<p data-start=\"2554\" data-end=\"2587\"><strong data-start=\"2554\" data-end=\"2581\">\u00cdndice de reparabilidad<\/strong><br data-start=\"2581\" data-end=\"2584\" \/>8,5<\/p>\n<p data-start=\"2589\" data-end=\"2641\"><strong data-start=\"2589\" data-end=\"2598\">Corte<\/strong><br data-start=\"2598\" data-end=\"2601\" \/>Ancho de corte: 20 cm, cuchilla mulching<\/p>\n<p data-start=\"2643\" data-end=\"2676\"><strong data-start=\"2643\" data-end=\"2654\">Bater\u00eda<\/strong><br data-start=\"2654\" data-end=\"2657\" \/>Ion de litio 18,5 V<\/p>\n","protected":false},"excerpt":{"rendered":"<p>\u2705 Env\u00edo gratuito: de 5 a 7 d\u00edas<br \/>\n\u2705 Env\u00edo expr\u00e9s (9\u202f\u20ac): de 2 a 3 d\u00edas<br \/>\n\u2705 Pago seguro<br \/>\n\u2705 Devoluci\u00f3n en 30 d\u00edas<\/p>\n<p>Con los <strong data-start=\"61\" data-end=\"98\">robots cortac\u00e9sped iMOW\u00ae de STIHL<\/strong>, \u00a1disfrutar\u00e1s de un c\u00e9sped siempre perfectamente cuidado! Los robots iMOW\u00ae ofrecen numerosas ventajas. Son robots aut\u00f3nomos que se recargan solos regresando a su base cuando es necesario. Est\u00e1n adaptados a todo tipo de jardines, hasta 5.000 m\u00b2<\/p>\n","protected":false},"featured_media":11408,"comment_status":"closed","ping_status":"closed","template":"","meta":[],"product_cat":[75,81],"product_tag":[],"class_list":["post-11233","product","type-product","status-publish","has-post-thumbnail","hentry","product_cat-casa-jardin","product_cat-cortadora-de-cesped-robotica"],"_links":{"self":[{"href":"https:\/\/electro-tot-menage.es\/index.php\/wp-json\/wp\/v2\/product\/11233"}],"collection":[{"href":"https:\/\/electro-tot-menage.es\/index.php\/wp-json\/wp\/v2\/product"}],"about":[{"href":"https:\/\/electro-tot-menage.es\/index.php\/wp-json\/wp\/v2\/types\/product"}],"replies":[{"embeddable":true,"href":"https:\/\/electro-tot-menage.es\/index.php\/wp-json\/wp\/v2\/comments?post=11233"}],"version-history":[{"count":3,"href":"https:\/\/electro-tot-menage.es\/index.php\/wp-json\/wp\/v2\/product\/11233\/revisions"}],"predecessor-version":[{"id":14535,"href":"https:\/\/electro-tot-menage.es\/index.php\/wp-json\/wp\/v2\/product\/11233\/revisions\/14535"}],"wp:featuredmedia":[{"embeddable":true,"href":"https:\/\/electro-tot-menage.es\/index.php\/wp-json\/wp\/v2\/media\/11408"}],"wp:attachment":[{"href":"https:\/\/electro-tot-menage.es\/index.php\/wp-json\/wp\/v2\/media?parent=11233"}],"wp:term":[{"taxonomy":"product_cat","embeddable":true,"href":"https:\/\/electro-tot-menage.es\/index.php\/wp-json\/wp\/v2\/product_cat?post=11233"},{"taxonomy":"product_tag","embeddable":true,"href":"https:\/\/electro-tot-menage.es\/index.php\/wp-json\/wp\/v2\/product_tag?post=11233"}],"curies":[{"name":"wp","href":"https:\/\/api.w.org\/{rel}","templated":true}]}}