{"id":11232,"date":"2023-12-02T11:02:25","date_gmt":"2023-12-02T10:02:25","guid":{"rendered":"https:\/\/electro-tot-menage.es\/?post_type=product&#038;p=11232"},"modified":"2025-05-28T02:56:07","modified_gmt":"2025-05-28T00:56:07","slug":"robot-tondeuse-automower-aspire-r4-husqvarna","status":"publish","type":"product","link":"https:\/\/electro-tot-menage.es\/index.php\/produit\/robot-tondeuse-automower-aspire-r4-husqvarna\/","title":{"rendered":"Robot cortac\u00e9sped AUTOMOWER ASPIRE R4 HUSQVARNA"},"content":{"rendered":"<p data-start=\"56\" data-end=\"719\"><strong data-start=\"56\" data-end=\"91\">Husqvarna Automower\u00ae Aspire\u2122 R4<\/strong> es un robot cortac\u00e9sped compacto que ofrece un c\u00e9sped perfectamente cortado las 24 horas del d\u00eda, los 7 d\u00edas de la semana. Funciona sin complicaciones gracias a un corte fiable en cualquier clima, carga autom\u00e1tica y protecci\u00f3n contra las heladas. Es ideal para jardines peque\u00f1os de hasta 400 m\u00b2 y cuenta con funciones inteligentes para gestionar pendientes de hasta el 25 % y pasajes estrechos desde 60 cm. La altura de corte y los horarios de trabajo se pueden ajustar f\u00e1cilmente mediante la aplicaci\u00f3n Automower\u00ae Connect, que permite controlarlo a distancia. Se limpia f\u00e1cilmente con una manguera gracias a su dise\u00f1o lavable.<\/p>\n<p data-start=\"721\" data-end=\"928\"><strong data-start=\"721\" data-end=\"746\">Ventajas del producto<\/strong><br data-start=\"746\" data-end=\"749\" \/>Corta pasajes estrechos a partir de 60 cm, funciona bajo la lluvia, lavable con manguera (IPX5), sensor de heladas, temporizador adaptativo, actualizaci\u00f3n autom\u00e1tica del software.<\/p>\n<p data-start=\"930\" data-end=\"996\"><strong data-start=\"930\" data-end=\"957\">Consejo del profesional<\/strong><br data-start=\"957\" data-end=\"960\" \/>Modelo ideal para jardines peque\u00f1os.<\/p>\n<p data-start=\"998\" data-end=\"1164\"><strong data-start=\"998\" data-end=\"1026\">Accesorio(s) incluido(s)<\/strong><br data-start=\"1026\" data-end=\"1029\" \/>1 estaci\u00f3n de carga, 1 regla de instalaci\u00f3n, 3 tornillos de anclaje, 1 transformador, 1 cable de baja tensi\u00f3n, 6 cuchillas de repuesto.<\/p>\n<p data-start=\"1166\" data-end=\"1208\"><strong data-start=\"1166\" data-end=\"1199\">Superficie recomendada m\u00e1xima<\/strong><br data-start=\"1199\" data-end=\"1202\" \/>400 m\u00b2<\/p>\n<p data-start=\"1210\" data-end=\"1231\"><strong data-start=\"1210\" data-end=\"1222\">Garant\u00eda<\/strong><br data-start=\"1222\" data-end=\"1225\" \/>2 a\u00f1os<\/p>\n<p data-start=\"1233\" data-end=\"1264\"><strong data-start=\"1233\" data-end=\"1260\">\u00cdndice de reparabilidad<\/strong><br data-start=\"1260\" data-end=\"1263\" \/>9<\/p>\n<p data-start=\"1266\" data-end=\"1296\"><strong data-start=\"1266\" data-end=\"1283\">Modo de carga<\/strong><br data-start=\"1283\" data-end=\"1286\" \/>Autom\u00e1tico<\/p>\n<p data-start=\"1298\" data-end=\"1329\"><strong data-start=\"1298\" data-end=\"1322\">Pendiente m\u00e1xima (%)<\/strong><br data-start=\"1322\" data-end=\"1325\" \/>25 %<\/p>\n<p data-start=\"1331\" data-end=\"1392\"><strong data-start=\"1331\" data-end=\"1382\">Tiempo m\u00e1ximo de trabajo diario (corte + carga)<\/strong><br data-start=\"1382\" data-end=\"1385\" \/>9 horas<\/p>\n<p data-start=\"1394\" data-end=\"1412\"><strong data-start=\"1394\" data-end=\"1408\">Cable gu\u00eda<\/strong><br data-start=\"1408\" data-end=\"1411\" \/>1<\/p>\n<p data-start=\"1414\" data-end=\"1480\"><strong data-start=\"1414\" data-end=\"1458\">M\u00e9todo de retorno a la estaci\u00f3n de carga<\/strong><br data-start=\"1458\" data-end=\"1461\" \/>Solo por cable gu\u00eda<\/p>\n<p data-start=\"1482\" data-end=\"1515\"><strong data-start=\"1482\" data-end=\"1501\">Altura de corte<\/strong><br data-start=\"1501\" data-end=\"1504\" \/>De 2 a 5 cm<\/p>\n<p data-start=\"1517\" data-end=\"1543\"><strong data-start=\"1517\" data-end=\"1535\">Ancho de corte<\/strong><br data-start=\"1535\" data-end=\"1538\" \/>16 cm<\/p>\n<p data-start=\"1545\" data-end=\"1651\"><strong data-start=\"1545\" data-end=\"1592\">Capacidad de corte por hora (corte + carga)<\/strong><br data-start=\"1592\" data-end=\"1595\" \/>Tiempo de corte: 70 minutos, tiempo de carga: 75 minutos<\/p>\n","protected":false},"excerpt":{"rendered":"<p><strong data-start=\"56\" data-end=\"91\">\u2705 Env\u00edo gratuito: de 5 a 7 d\u00edas<br \/>\n\u2705 Env\u00edo expr\u00e9s (9\u202f\u20ac): de 2 a 3 d\u00edas<br \/>\n\u2705 Pago seguro<br \/>\n\u2705 Devoluci\u00f3n en 30 d\u00edas<\/strong><\/p>\n<p><strong data-start=\"56\" data-end=\"91\">Husqvarna Automower\u00ae Aspire\u2122 R4<\/strong> es un robot cortac\u00e9sped compacto que ofrece un c\u00e9sped perfectamente cortado las 24 horas del d\u00eda, los 7 d\u00edas de la semana.<\/p>\n","protected":false},"featured_media":11404,"comment_status":"closed","ping_status":"closed","template":"","meta":[],"product_cat":[75,81],"product_tag":[],"class_list":["post-11232","product","type-product","status-publish","has-post-thumbnail","hentry","product_cat-casa-jardin","product_cat-cortadora-de-cesped-robotica"],"_links":{"self":[{"href":"https:\/\/electro-tot-menage.es\/index.php\/wp-json\/wp\/v2\/product\/11232"}],"collection":[{"href":"https:\/\/electro-tot-menage.es\/index.php\/wp-json\/wp\/v2\/product"}],"about":[{"href":"https:\/\/electro-tot-menage.es\/index.php\/wp-json\/wp\/v2\/types\/product"}],"replies":[{"embeddable":true,"href":"https:\/\/electro-tot-menage.es\/index.php\/wp-json\/wp\/v2\/comments?post=11232"}],"version-history":[{"count":3,"href":"https:\/\/electro-tot-menage.es\/index.php\/wp-json\/wp\/v2\/product\/11232\/revisions"}],"predecessor-version":[{"id":14533,"href":"https:\/\/electro-tot-menage.es\/index.php\/wp-json\/wp\/v2\/product\/11232\/revisions\/14533"}],"wp:featuredmedia":[{"embeddable":true,"href":"https:\/\/electro-tot-menage.es\/index.php\/wp-json\/wp\/v2\/media\/11404"}],"wp:attachment":[{"href":"https:\/\/electro-tot-menage.es\/index.php\/wp-json\/wp\/v2\/media?parent=11232"}],"wp:term":[{"taxonomy":"product_cat","embeddable":true,"href":"https:\/\/electro-tot-menage.es\/index.php\/wp-json\/wp\/v2\/product_cat?post=11232"},{"taxonomy":"product_tag","embeddable":true,"href":"https:\/\/electro-tot-menage.es\/index.php\/wp-json\/wp\/v2\/product_tag?post=11232"}],"curies":[{"name":"wp","href":"https:\/\/api.w.org\/{rel}","templated":true}]}}