{"id":11193,"date":"2023-12-02T11:01:57","date_gmt":"2023-12-02T10:01:57","guid":{"rendered":"https:\/\/electro-tot-menage.es\/?post_type=product&#038;p=11193"},"modified":"2025-05-28T01:49:40","modified_gmt":"2025-05-27T23:49:40","slug":"bicicleta-electrica-eleglide-m1-bicicleta-de-montana-electrica-de-275-pulgadas-250-w-bateria-extraible-de-75-ah-pantalla-led-cambio-shimano-de-21-velocidades-bicicleta-electrica-urbana-para-ad","status":"publish","type":"product","link":"https:\/\/electro-tot-menage.es\/index.php\/produit\/bicicleta-electrica-eleglide-m1-bicicleta-de-montana-electrica-de-275-pulgadas-250-w-bateria-extraible-de-75-ah-pantalla-led-cambio-shimano-de-21-velocidades-bicicleta-electrica-urbana-para-ad\/","title":{"rendered":"Bicicleta el\u00e9ctrica Eleglide M1, bicicleta de monta\u00f1a el\u00e9ctrica de 27,5 pulgadas, 250 W, bater\u00eda extra\u00edble de 7,5 Ah, pantalla LED, cambio Shimano de 21 velocidades, bicicleta el\u00e9ctrica urbana para adultos."},"content":{"rendered":"<p>Color: Azul M1<br \/>\nTipo de bicicleta: bicicleta el\u00e9ctrica<br \/>\nGrupo de edad (descripci\u00f3n) Adulto<br \/>\nMarca Eleglide<br \/>\nN\u00famero de velocidades 21<br \/>\nColor M1 azul<br \/>\nTama\u00f1o de la rueda 27,5 pulgadas<br \/>\nMaterial del marco: aluminio<br \/>\nSuspensi\u00f3n tipo horquilla<br \/>\nCaracter\u00edstica especial: ligero<br \/>\nComponentes incluidos: 2 llaves, 1 cargador, 1 bicicleta Eleglide M1, 1 kit de herramientas, 2 pedales<\/p>\n<p>Acerca de este art\u00edculo<\/p>\n<p>\u3010Bicicleta el\u00e9ctrica de monta\u00f1a c\u00f3moda\u3011Motor de alta eficiencia con sistema de engranajes Shimano, 3 marchas hacia adelante + 7 marchas hacia atr\u00e1s (21 marchas Shimano). El ajuste de marcha es r\u00e1pido y confiable, la operaci\u00f3n es sencilla y la conducci\u00f3n es m\u00e1s f\u00e1cil y menos extenuante. Que cada una de tus aceleraciones se convierta en un viaje \u00fanico.<br \/>\n\u30103 modos de conducci\u00f3n y 5 modos de velocidad\u3011La bicicleta el\u00e9ctrica Eleglide M1 tiene tres modos: modo de ciclismo, modo de asistencia el\u00e9ctrica y modo el\u00e9ctrico puro. En el modo puramente el\u00e9ctrico, hay cinco velocidades disponibles. Si es necesario, podr\u00e1 disfrutar de viajes de larga distancia en cualquier modo. Combinar estos tres modos ser\u00eda una mejor opci\u00f3n.<br \/>\n\u3010Potente bicicleta el\u00e9ctrica\u3011Equipada con una bater\u00eda extra\u00edble de larga duraci\u00f3n de 36 V 7,5 Ah, un motor estable y neum\u00e1ticos de 27,5 pulgadas. En condiciones normales de la carretera la pendiente puede ser de hasta 15\u00b0.<br \/>\n\u3010Absorci\u00f3n de impactos, antideslizante, seguridad\u3011La bicicleta el\u00e9ctrica Eleglide presenta un dise\u00f1o de rotor de freno de disco. Proporciona una amortiguaci\u00f3n suave y absorci\u00f3n de impactos al conducir en carreteras irregulares y disfruta del placer de conducir. Tambi\u00e9n est\u00e1 equipado con asientos ajustables, neum\u00e1ticos antideslizantes y resistentes al desgaste y faros LED adaptativos brillantes que se pueden utilizar para conducir de noche.<br \/>\n\u3010Pantalla LED inteligente\u3011Personalice la pantalla LED (se entregar\u00e1n dos versiones de la pantalla al azar), que puede mostrar el estado de la bater\u00eda, la velocidad, la luz, el estado del control de crucero y los modos. Si tiene alguna pregunta sobre el producto (reparaci\u00f3n, accesorios de reemplazo, asistencia para el montaje, etc.), cont\u00e1ctenos por correo electr\u00f3nico y le responderemos de manera oportuna.<br \/>\nNota: Si tiene alguna pregunta sobre la instalaci\u00f3n, el uso o los productos despu\u00e9s de recibir la bicicleta el\u00e9ctrica, puede contactarnos a tiempo. Si hay alg\u00fan problema con el embalaje, conserve la caja. El n\u00famero de serie de la bicicleta se puede encontrar en el soporte. Tenga en cuenta el n\u00famero de serie de su bicicleta cuando la reciba. Si necesita registrar un c\u00f3digo antirrobo, p\u00f3ngase en contacto con nosotros. Las bicicletas el\u00e9ctricas Eleglide pueden recibir ayuda con la compra de la bicicleta (Francia). Por favor, p\u00f3ngase en contacto con el vendedor para obtener los documentos de solicitud.<\/p>\n","protected":false},"excerpt":{"rendered":"<p>\u2705 Env\u00edo gratuito: de 5 a 7 d\u00edas<br \/>\n\u2705 Env\u00edo expr\u00e9s (9\u202f\u20ac): de 2 a 3 d\u00edas<br \/>\n\u2705 Pago seguro<br \/>\n\u2705 Devoluci\u00f3n en 30 d\u00edas<\/p>\n","protected":false},"featured_media":11373,"comment_status":"closed","ping_status":"closed","template":"","meta":[],"product_cat":[93,92],"product_tag":[],"class_list":["post-11193","product","type-product","status-publish","has-post-thumbnail","hentry","product_cat-bicicleta-electrica","product_cat-deportes-y-ocio"],"_links":{"self":[{"href":"https:\/\/electro-tot-menage.es\/index.php\/wp-json\/wp\/v2\/product\/11193"}],"collection":[{"href":"https:\/\/electro-tot-menage.es\/index.php\/wp-json\/wp\/v2\/product"}],"about":[{"href":"https:\/\/electro-tot-menage.es\/index.php\/wp-json\/wp\/v2\/types\/product"}],"replies":[{"embeddable":true,"href":"https:\/\/electro-tot-menage.es\/index.php\/wp-json\/wp\/v2\/comments?post=11193"}],"version-history":[{"count":5,"href":"https:\/\/electro-tot-menage.es\/index.php\/wp-json\/wp\/v2\/product\/11193\/revisions"}],"predecessor-version":[{"id":14511,"href":"https:\/\/electro-tot-menage.es\/index.php\/wp-json\/wp\/v2\/product\/11193\/revisions\/14511"}],"wp:featuredmedia":[{"embeddable":true,"href":"https:\/\/electro-tot-menage.es\/index.php\/wp-json\/wp\/v2\/media\/11373"}],"wp:attachment":[{"href":"https:\/\/electro-tot-menage.es\/index.php\/wp-json\/wp\/v2\/media?parent=11193"}],"wp:term":[{"taxonomy":"product_cat","embeddable":true,"href":"https:\/\/electro-tot-menage.es\/index.php\/wp-json\/wp\/v2\/product_cat?post=11193"},{"taxonomy":"product_tag","embeddable":true,"href":"https:\/\/electro-tot-menage.es\/index.php\/wp-json\/wp\/v2\/product_tag?post=11193"}],"curies":[{"name":"wp","href":"https:\/\/api.w.org\/{rel}","templated":true}]}}