{"id":11191,"date":"2023-12-02T11:01:57","date_gmt":"2023-12-02T10:01:57","guid":{"rendered":"https:\/\/electro-tot-menage.es\/?post_type=product&#038;p=11191"},"modified":"2025-05-28T01:48:15","modified_gmt":"2025-05-27T23:48:15","slug":"hitway-velo-electrique20-vtt-fat-bike-electrique-adulte-pliablebatterie-36v-112ahmoteur-250wportee-35-90kmshimano-7-vitessese-bike-ville","status":"publish","type":"product","link":"https:\/\/electro-tot-menage.es\/index.php\/produit\/hitway-velo-electrique20-vtt-fat-bike-electrique-adulte-pliablebatterie-36v-112ahmoteur-250wportee-35-90kmshimano-7-vitessese-bike-ville\/","title":{"rendered":"HITWAY bicicleta el\u00e9ctrica, bicicleta el\u00e9ctrica plegable de monta\u00f1a con llantas gruesas de 20 pulgadas para adultos, bater\u00eda de 36 V\/11,2 Ah, motor de 250 W, autonom\u00eda de 35 a 90 km, 7 velocidades Shimano, bicicleta el\u00e9ctrica urbana."},"content":{"rendered":"<p class=\"\" data-start=\"60\" data-end=\"378\"><strong data-start=\"60\" data-end=\"82\">Tipo de bicicleta:<\/strong> Bicicleta plegable<br data-start=\"101\" data-end=\"104\" \/><strong data-start=\"104\" data-end=\"122\">Grupo de edad:<\/strong> Adultos<br data-start=\"130\" data-end=\"133\" \/><strong data-start=\"133\" data-end=\"143\">Marca:<\/strong> HITWAY<br data-start=\"150\" data-end=\"153\" \/><strong data-start=\"153\" data-end=\"179\">N\u00famero de velocidades:<\/strong> 7<br data-start=\"181\" data-end=\"184\" \/><strong data-start=\"184\" data-end=\"194\">Color:<\/strong> Plata-Nuevo-Legal<br data-start=\"212\" data-end=\"215\" \/><strong data-start=\"215\" data-end=\"238\" data-is-only-node=\"\">Material del marco:<\/strong> Acero al carbono<br data-start=\"255\" data-end=\"258\" \/><strong data-start=\"258\" data-end=\"281\">Tipo de suspensi\u00f3n:<\/strong> Suspensi\u00f3n de horquilla<br data-start=\"305\" data-end=\"308\" \/><strong data-start=\"308\" data-end=\"330\">Pantalla especial:<\/strong> Pantalla digital<br data-start=\"347\" data-end=\"350\" \/><strong data-start=\"350\" data-end=\"376\">Componentes incluidos:<\/strong><\/p>\n<ul data-start=\"379\" data-end=\"510\">\n<li class=\"\" data-start=\"379\" data-end=\"406\">\n<p class=\"\" data-start=\"381\" data-end=\"406\">Bicicleta el\u00e9ctrica \u00d7 1<\/p>\n<\/li>\n<li class=\"\" data-start=\"407\" data-end=\"443\">\n<p class=\"\" data-start=\"409\" data-end=\"443\">Bomba de aire para bicicleta \u00d7 1<\/p>\n<\/li>\n<li class=\"\" data-start=\"444\" data-end=\"474\">\n<p class=\"\" data-start=\"446\" data-end=\"474\">Candado para bicicleta \u00d7 1<\/p>\n<\/li>\n<li class=\"\" data-start=\"475\" data-end=\"510\">\n<p class=\"\" data-start=\"477\" data-end=\"510\">Cargador \u00d7 1<br data-start=\"489\" data-end=\"492\" \/><strong data-start=\"492\" data-end=\"510\">Disco de freno<\/strong><\/p>\n<\/li>\n<\/ul>\n<hr class=\"\" data-start=\"512\" data-end=\"515\" \/>\n<p class=\"\" data-start=\"517\" data-end=\"545\"><strong data-start=\"517\" data-end=\"545\">Descripci\u00f3n del producto<\/strong><\/p>\n<p class=\"\" data-start=\"547\" data-end=\"822\"><strong data-start=\"547\" data-end=\"571\">Material del cuerpo:<\/strong> Aleaci\u00f3n de aluminio<br data-start=\"592\" data-end=\"595\" \/><strong data-start=\"595\" data-end=\"619\">Dimensiones plegada:<\/strong> 930 x 500 x 720 mm<br data-start=\"638\" data-end=\"641\" \/><strong data-start=\"641\" data-end=\"668\">Dimensiones desplegada:<\/strong> 1770 x 530 x 1200 mm<br data-start=\"689\" data-end=\"692\" \/><strong data-start=\"692\" data-end=\"730\">Distancia de los pedales al suelo:<\/strong> 120 mm<br data-start=\"737\" data-end=\"740\" \/><strong data-start=\"740\" data-end=\"763\">Tama\u00f1o de la rueda:<\/strong> 20 pulgadas<br data-start=\"775\" data-end=\"778\" \/><strong data-start=\"778\" data-end=\"801\" data-is-only-node=\"\">Tama\u00f1o del paquete:<\/strong> 965 x 380 x 810 mm<\/p>\n<p class=\"\" data-start=\"824\" data-end=\"846\"><strong data-start=\"824\" data-end=\"844\">Caracter\u00edsticas:<\/strong><\/p>\n<ul data-start=\"847\" data-end=\"1426\">\n<li class=\"\" data-start=\"847\" data-end=\"880\">\n<p class=\"\" data-start=\"849\" data-end=\"880\">Peso bruto: 30,9 kg \/ 68,1 lb<\/p>\n<\/li>\n<li class=\"\" data-start=\"881\" data-end=\"913\">\n<p class=\"\" data-start=\"883\" data-end=\"913\">Peso neto: 26,6 kg \/ 58,6 lb<\/p>\n<\/li>\n<li class=\"\" data-start=\"914\" data-end=\"938\">\n<p class=\"\" data-start=\"916\" data-end=\"938\">Carga m\u00e1xima: 120 kg<\/p>\n<\/li>\n<li class=\"\" data-start=\"939\" data-end=\"998\">\n<p class=\"\" data-start=\"941\" data-end=\"998\">Carga m\u00e1xima del portaequipajes trasero: menos de 15 kg<\/p>\n<\/li>\n<li class=\"\" data-start=\"999\" data-end=\"1039\">\n<p class=\"\" data-start=\"1001\" data-end=\"1039\">Velocidad m\u00e1xima: 25 km\/h (15,5 MPH)<\/p>\n<\/li>\n<li class=\"\" data-start=\"1040\" data-end=\"1242\">\n<p class=\"\" data-start=\"1042\" data-end=\"1242\">Autonom\u00eda: de 35 km a 90 km (con 75 kg y a 25\u202f\u00b0C, la autonom\u00eda en modo completamente el\u00e9ctrico puede alcanzar los 35 km; la autonom\u00eda en modo asistido depende de la carga y del estilo de conducci\u00f3n)<\/p>\n<\/li>\n<li class=\"\" data-start=\"1243\" data-end=\"1299\">\n<p class=\"\" data-start=\"1245\" data-end=\"1299\">Consumo de energ\u00eda por cada 100 km: 1,08 kW\/h\/100 km<\/p>\n<\/li>\n<li class=\"\" data-start=\"1300\" data-end=\"1342\">\n<p class=\"\" data-start=\"1302\" data-end=\"1342\">Pendiente m\u00e1xima de ascenso: 25 grados<\/p>\n<\/li>\n<li class=\"\" data-start=\"1343\" data-end=\"1389\">\n<p class=\"\" data-start=\"1345\" data-end=\"1389\">Temperatura de funcionamiento: -10 ~ 45\u202f\u00b0C<\/p>\n<\/li>\n<li class=\"\" data-start=\"1390\" data-end=\"1426\">\n<p class=\"\" data-start=\"1392\" data-end=\"1426\">Nivel de resistencia al agua: IP54<\/p>\n<\/li>\n<\/ul>\n","protected":false},"excerpt":{"rendered":"<p>\u2705 Env\u00edo gratuito: de 5 a 7 d\u00edas<br \/>\n\u2705 Env\u00edo expr\u00e9s (9\u202f\u20ac): de 2 a 3 d\u00edas<br \/>\n\u2705 Pago seguro<br \/>\n\u2705 Devoluci\u00f3n en 30 d\u00edas<\/p>\n","protected":false},"featured_media":11355,"comment_status":"closed","ping_status":"closed","template":"","meta":[],"product_cat":[93,92],"product_tag":[],"class_list":["post-11191","product","type-product","status-publish","has-post-thumbnail","hentry","product_cat-bicicleta-electrica","product_cat-deportes-y-ocio"],"_links":{"self":[{"href":"https:\/\/electro-tot-menage.es\/index.php\/wp-json\/wp\/v2\/product\/11191"}],"collection":[{"href":"https:\/\/electro-tot-menage.es\/index.php\/wp-json\/wp\/v2\/product"}],"about":[{"href":"https:\/\/electro-tot-menage.es\/index.php\/wp-json\/wp\/v2\/types\/product"}],"replies":[{"embeddable":true,"href":"https:\/\/electro-tot-menage.es\/index.php\/wp-json\/wp\/v2\/comments?post=11191"}],"version-history":[{"count":5,"href":"https:\/\/electro-tot-menage.es\/index.php\/wp-json\/wp\/v2\/product\/11191\/revisions"}],"predecessor-version":[{"id":14509,"href":"https:\/\/electro-tot-menage.es\/index.php\/wp-json\/wp\/v2\/product\/11191\/revisions\/14509"}],"wp:featuredmedia":[{"embeddable":true,"href":"https:\/\/electro-tot-menage.es\/index.php\/wp-json\/wp\/v2\/media\/11355"}],"wp:attachment":[{"href":"https:\/\/electro-tot-menage.es\/index.php\/wp-json\/wp\/v2\/media?parent=11191"}],"wp:term":[{"taxonomy":"product_cat","embeddable":true,"href":"https:\/\/electro-tot-menage.es\/index.php\/wp-json\/wp\/v2\/product_cat?post=11191"},{"taxonomy":"product_tag","embeddable":true,"href":"https:\/\/electro-tot-menage.es\/index.php\/wp-json\/wp\/v2\/product_tag?post=11191"}],"curies":[{"name":"wp","href":"https:\/\/api.w.org\/{rel}","templated":true}]}}