{"id":11190,"date":"2023-12-02T11:01:57","date_gmt":"2023-12-02T10:01:57","guid":{"rendered":"https:\/\/electro-tot-menage.es\/?post_type=product&#038;p=11190"},"modified":"2025-05-28T01:56:07","modified_gmt":"2025-05-27T23:56:07","slug":"tacx-neo-2t-smart-support-dentrainement-pour-velo","status":"publish","type":"product","link":"https:\/\/electro-tot-menage.es\/index.php\/produit\/tacx-neo-2t-smart-support-dentrainement-pour-velo\/","title":{"rendered":"TacX Neo 2T Soporte de Entrenamiento Inteligente para Bicicleta"},"content":{"rendered":"<p class=\"\" data-start=\"70\" data-end=\"264\"><strong data-start=\"70\" data-end=\"92\">Tipo de bicicleta:<\/strong> Bicicleta de carretera<br data-start=\"115\" data-end=\"118\" \/><strong data-start=\"118\" data-end=\"128\">Marca:<\/strong> Tacx<br data-start=\"133\" data-end=\"136\" \/><strong data-start=\"136\" data-end=\"151\">Fabricante:<\/strong> TACX<br data-start=\"156\" data-end=\"159\" \/><strong data-start=\"159\" data-end=\"189\">Referencia del fabricante:<\/strong> T2875.61<br data-start=\"198\" data-end=\"201\" \/><strong data-start=\"201\" data-end=\"223\">Peso del art\u00edculo:<\/strong> 24,9 kilogramos<br data-start=\"239\" data-end=\"242\" \/><strong data-start=\"242\" data-end=\"251\" data-is-only-node=\"\">ASIN:<\/strong> B07YC5LSRT<\/p>\n<p class=\"\" data-start=\"266\" data-end=\"294\"><strong data-start=\"266\" data-end=\"294\">Descripci\u00f3n del producto<\/strong><\/p>\n<p class=\"\" data-start=\"296\" data-end=\"784\">Cima del entrenamiento ciclista en interiores, el Tacx NEO 2T Smart es un rodillo de entrenamiento de \u00faltima generaci\u00f3n. Gracias a su sistema de transmisi\u00f3n directa Smart, es a\u00fan m\u00e1s silencioso y potente. El motor ha sido redise\u00f1ado para ofrecer una experiencia de pedaleo y una sensaci\u00f3n de carrera en interiores \u00f3ptima, especialmente en subidas y sprints. El Neo 2T Smart es m\u00e1s silencioso que nunca y sin duda el rodillo de entrenamiento para bicicleta m\u00e1s potente, realista y preciso.<\/p>\n<p class=\"\" data-start=\"786\" data-end=\"808\"><strong data-start=\"786\" data-end=\"806\">Caracter\u00edsticas:<\/strong><\/p>\n<ul data-start=\"809\" data-end=\"1816\">\n<li class=\"\" data-start=\"809\" data-end=\"903\">\n<p class=\"\" data-start=\"811\" data-end=\"903\">Tipo de rodillo de entrenamiento: entrenamiento directo interactivo Smart con freno motor.<\/p>\n<\/li>\n<li class=\"\" data-start=\"904\" data-end=\"938\">\n<p class=\"\" data-start=\"906\" data-end=\"938\">Imanes: 32 imanes de neodimio.<\/p>\n<\/li>\n<li class=\"\" data-start=\"939\" data-end=\"964\">\n<p class=\"\" data-start=\"941\" data-end=\"964\">Transmisi\u00f3n: ninguna.<\/p>\n<\/li>\n<li class=\"\" data-start=\"965\" data-end=\"1044\">\n<p class=\"\" data-start=\"967\" data-end=\"1044\">Indicaciones el\u00e9ctricas: 110 &#8211; 240 V; conexi\u00f3n opcional a la red el\u00e9ctrica.<\/p>\n<\/li>\n<li class=\"\" data-start=\"1045\" data-end=\"1117\">\n<p class=\"\" data-start=\"1047\" data-end=\"1117\">Indicador de alimentaci\u00f3n: LED multicolor, punto de luz en el suelo.<\/p>\n<\/li>\n<li class=\"\" data-start=\"1118\" data-end=\"1167\">\n<p class=\"\" data-start=\"1120\" data-end=\"1167\">Indicador de conexi\u00f3n (ANT\/Bluetooth): 2 LED.<\/p>\n<\/li>\n<li class=\"\" data-start=\"1168\" data-end=\"1217\">\n<p class=\"\" data-start=\"1170\" data-end=\"1217\">Posibilidad de actualizaci\u00f3n de firmware: s\u00ed.<\/p>\n<\/li>\n<li class=\"\" data-start=\"1218\" data-end=\"1392\">\n<p class=\"\" data-start=\"1220\" data-end=\"1392\">Cassettes compatibles: no compatible con sistema SCS especializado. Compatible con Shimano y SRAM de 8 a 12 velocidades, cuerpo Campagnolo, SRAM XD y XD-R (no incluidos).<\/p>\n<\/li>\n<li class=\"\" data-start=\"1393\" data-end=\"1542\">\n<p class=\"\" data-start=\"1395\" data-end=\"1542\">Ejes compatibles: ancho de la horquilla trasera: bicicleta de carretera 130 mm, MTB 135 mm, 142 mm y 148 mm. Adaptadores 135 x 10 mm disponibles.<\/p>\n<\/li>\n<li class=\"\" data-start=\"1543\" data-end=\"1592\">\n<p class=\"\" data-start=\"1545\" data-end=\"1592\">Bicicletas compatibles: todas las bicicletas.<\/p>\n<\/li>\n<li class=\"\" data-start=\"1593\" data-end=\"1816\">\n<p class=\"\" data-start=\"1595\" data-end=\"1816\">Incluye: entrenamiento directo de fijaci\u00f3n r\u00e1pida con kit de adaptaci\u00f3n 142 x 12 mm y 148 x 12 mm, software Tacx Premium por un mes, soporte para rueda delantera, fijaci\u00f3n r\u00e1pida para bicicletas de carretera y MTB (5 mm).<\/p>\n<\/li>\n<\/ul>\n<p class=\"\" data-start=\"1818\" data-end=\"1850\"><strong data-start=\"1818\" data-end=\"1848\">Especificaciones t\u00e9cnicas:<\/strong><\/p>\n<ul data-start=\"1851\" data-end=\"2186\">\n<li class=\"\" data-start=\"1851\" data-end=\"1881\">\n<p class=\"\" data-start=\"1853\" data-end=\"1881\">Velocidad m\u00e1xima: 40 km\/h.<\/p>\n<\/li>\n<li class=\"\" data-start=\"1882\" data-end=\"1910\">\n<p class=\"\" data-start=\"1884\" data-end=\"1910\">Potencia m\u00e1xima: 2200 W.<\/p>\n<\/li>\n<li class=\"\" data-start=\"1911\" data-end=\"1938\">\n<p class=\"\" data-start=\"1913\" data-end=\"1938\">Pendiente m\u00e1xima: 25 %.<\/p>\n<\/li>\n<li class=\"\" data-start=\"1939\" data-end=\"1970\">\n<p class=\"\" data-start=\"1941\" data-end=\"1970\">Simulaci\u00f3n de descenso: s\u00ed.<\/p>\n<\/li>\n<li class=\"\" data-start=\"1971\" data-end=\"1993\">\n<p class=\"\" data-start=\"1973\" data-end=\"1993\">Par m\u00e1ximo: 85 Nm.<\/p>\n<\/li>\n<li class=\"\" data-start=\"1994\" data-end=\"2030\">\n<p class=\"\" data-start=\"1996\" data-end=\"2030\">Fuerza m\u00e1xima de frenado: 250 N.<\/p>\n<\/li>\n<li class=\"\" data-start=\"2031\" data-end=\"2063\">\n<p class=\"\" data-start=\"2033\" data-end=\"2063\">Volante de inercia: virtual.<\/p>\n<\/li>\n<li class=\"\" data-start=\"2064\" data-end=\"2107\">\n<p class=\"\" data-start=\"2066\" data-end=\"2107\">Inercia de masa: variable hasta 125 kg.<\/p>\n<\/li>\n<li class=\"\" data-start=\"2108\" data-end=\"2149\">\n<p class=\"\" data-start=\"2110\" data-end=\"2149\">Calibraci\u00f3n: no requiere calibraci\u00f3n.<\/p>\n<\/li>\n<li class=\"\" data-start=\"2150\" data-end=\"2186\">\n<p class=\"\" data-start=\"2152\" data-end=\"2186\">Dimensiones (L x A): 575 x 750 mm.<\/p>\n<\/li>\n<\/ul>\n","protected":false},"excerpt":{"rendered":"<p>\u2705 Env\u00edo gratuito: de 5 a 7 d\u00edas<br \/>\n\u2705 Env\u00edo expr\u00e9s (9\u202f\u20ac): de 2 a 3 d\u00edas<br \/>\n\u2705 Pago seguro<br \/>\n\u2705 Devoluci\u00f3n en 30 d\u00edas<\/p>\n","protected":false},"featured_media":11350,"comment_status":"closed","ping_status":"closed","template":"","meta":[],"product_cat":[93,92],"product_tag":[],"class_list":["post-11190","product","type-product","status-publish","has-post-thumbnail","hentry","product_cat-bicicleta-electrica","product_cat-deportes-y-ocio"],"_links":{"self":[{"href":"https:\/\/electro-tot-menage.es\/index.php\/wp-json\/wp\/v2\/product\/11190"}],"collection":[{"href":"https:\/\/electro-tot-menage.es\/index.php\/wp-json\/wp\/v2\/product"}],"about":[{"href":"https:\/\/electro-tot-menage.es\/index.php\/wp-json\/wp\/v2\/types\/product"}],"replies":[{"embeddable":true,"href":"https:\/\/electro-tot-menage.es\/index.php\/wp-json\/wp\/v2\/comments?post=11190"}],"version-history":[{"count":3,"href":"https:\/\/electro-tot-menage.es\/index.php\/wp-json\/wp\/v2\/product\/11190\/revisions"}],"predecessor-version":[{"id":14518,"href":"https:\/\/electro-tot-menage.es\/index.php\/wp-json\/wp\/v2\/product\/11190\/revisions\/14518"}],"wp:featuredmedia":[{"embeddable":true,"href":"https:\/\/electro-tot-menage.es\/index.php\/wp-json\/wp\/v2\/media\/11350"}],"wp:attachment":[{"href":"https:\/\/electro-tot-menage.es\/index.php\/wp-json\/wp\/v2\/media?parent=11190"}],"wp:term":[{"taxonomy":"product_cat","embeddable":true,"href":"https:\/\/electro-tot-menage.es\/index.php\/wp-json\/wp\/v2\/product_cat?post=11190"},{"taxonomy":"product_tag","embeddable":true,"href":"https:\/\/electro-tot-menage.es\/index.php\/wp-json\/wp\/v2\/product_tag?post=11190"}],"curies":[{"name":"wp","href":"https:\/\/api.w.org\/{rel}","templated":true}]}}