{"id":11188,"date":"2023-12-02T11:01:57","date_gmt":"2023-12-02T10:01:57","guid":{"rendered":"https:\/\/electro-tot-menage.es\/?post_type=product&#038;p=11188"},"modified":"2025-05-28T01:54:41","modified_gmt":"2025-05-27T23:54:41","slug":"velo-electrique-urbanbiker-vtc-modele-viena-moteur-de-350-w-batterie-lithium-samsumg-840-wh","status":"publish","type":"product","link":"https:\/\/electro-tot-menage.es\/index.php\/produit\/velo-electrique-urbanbiker-vtc-modele-viena-moteur-de-350-w-batterie-lithium-samsumg-840-wh\/","title":{"rendered":"Bicicleta el\u00e9ctrica URBANBIKER VTC modelo VIENA. Motor de 350 W, bater\u00eda de litio Samsung de 840 Wh"},"content":{"rendered":"<p class=\"\" data-start=\"61\" data-end=\"99\"><strong data-start=\"61\" data-end=\"84\">allas disponibles:<\/strong> S &#8211; M &#8211; L &#8211; XL<\/p>\n<p class=\"\" data-start=\"101\" data-end=\"252\"><strong data-start=\"101\" data-end=\"153\">Bicicleta el\u00e9ctrica URBANBIKER VTC modelo VIENA.<\/strong> Motor de 350 W, bater\u00eda de litio Samsung de 840 Wh (48 V 17,5 Ah), con frenos hidr\u00e1ulicos Shimano.<\/p>\n<p class=\"\" data-start=\"254\" data-end=\"442\">Bicicleta el\u00e9ctrica VTC modelo VIENA de Urbanbiker con bater\u00eda de ion-litio Samsung de 840 Wh (48 V, 17,5 Ah). Cargador incluido. En modo eco, la autonom\u00eda puede alcanzar hasta los 160 km.<\/p>\n<p class=\"\" data-start=\"444\" data-end=\"787\">El motor de 350 W, muy fiable, desarrollado por UBK Systems, ofrece un par de 50 Nm. Tambi\u00e9n est\u00e1 equipado con un controlador de \u00faltima generaci\u00f3n (FOC) y un sensor PAS de 24 pulsos. Todo ello para una conducci\u00f3n m\u00e1s eficiente y progresiva. Los frenos hidr\u00e1ulicos Shimano mejoran significativamente la seguridad y la confianza en la carretera.<\/p>\n<p class=\"\" data-start=\"789\" data-end=\"1046\">Esta bicicleta est\u00e1 equipada con varias caracter\u00edsticas de confort, incluyendo pu\u00f1os ergon\u00f3micos, sill\u00edn de gel, suspensi\u00f3n delantera y tija de sill\u00edn con suspensi\u00f3n. Las ruedas son Michelin Protek Cross antipinchazos. Potencia Promax ajustable y regulable.<\/p>\n<p class=\"\" data-start=\"1048\" data-end=\"1207\">La pantalla digital incluye 5 niveles de asistencia, cuentakil\u00f3metros, veloc\u00edmetro y otros datos precisos, as\u00ed como un modo de asistencia autom\u00e1tica de 6 km\/h.<\/p>\n<p class=\"\" data-start=\"1209\" data-end=\"1436\"><strong data-start=\"1209\" data-end=\"1280\">15 \u20ac de gastos de env\u00edo para la Francia metropolitana, 95 % montada<\/strong> (solo es necesario montar el manillar y los pedales), con manual de usuario en 4 idiomas (espa\u00f1ol, ingl\u00e9s, franc\u00e9s y alem\u00e1n) y certificado de homologaci\u00f3n.<\/p>\n","protected":false},"excerpt":{"rendered":"<p>\u2705 Env\u00edo gratuito: de 5 a 7 d\u00edas<br \/>\n\u2705 Env\u00edo expr\u00e9s (9\u202f\u20ac): de 2 a 3 d\u00edas<br \/>\n\u2705 Pago seguro<br \/>\n\u2705 Devoluci\u00f3n en 30 d\u00edas<\/p>\n","protected":false},"featured_media":11340,"comment_status":"closed","ping_status":"closed","template":"","meta":[],"product_cat":[93,92],"product_tag":[],"class_list":["post-11188","product","type-product","status-publish","has-post-thumbnail","hentry","product_cat-bicicleta-electrica","product_cat-deportes-y-ocio"],"_links":{"self":[{"href":"https:\/\/electro-tot-menage.es\/index.php\/wp-json\/wp\/v2\/product\/11188"}],"collection":[{"href":"https:\/\/electro-tot-menage.es\/index.php\/wp-json\/wp\/v2\/product"}],"about":[{"href":"https:\/\/electro-tot-menage.es\/index.php\/wp-json\/wp\/v2\/types\/product"}],"replies":[{"embeddable":true,"href":"https:\/\/electro-tot-menage.es\/index.php\/wp-json\/wp\/v2\/comments?post=11188"}],"version-history":[{"count":4,"href":"https:\/\/electro-tot-menage.es\/index.php\/wp-json\/wp\/v2\/product\/11188\/revisions"}],"predecessor-version":[{"id":14516,"href":"https:\/\/electro-tot-menage.es\/index.php\/wp-json\/wp\/v2\/product\/11188\/revisions\/14516"}],"wp:featuredmedia":[{"embeddable":true,"href":"https:\/\/electro-tot-menage.es\/index.php\/wp-json\/wp\/v2\/media\/11340"}],"wp:attachment":[{"href":"https:\/\/electro-tot-menage.es\/index.php\/wp-json\/wp\/v2\/media?parent=11188"}],"wp:term":[{"taxonomy":"product_cat","embeddable":true,"href":"https:\/\/electro-tot-menage.es\/index.php\/wp-json\/wp\/v2\/product_cat?post=11188"},{"taxonomy":"product_tag","embeddable":true,"href":"https:\/\/electro-tot-menage.es\/index.php\/wp-json\/wp\/v2\/product_tag?post=11188"}],"curies":[{"name":"wp","href":"https:\/\/api.w.org\/{rel}","templated":true}]}}