{"id":11187,"date":"2023-12-02T11:01:57","date_gmt":"2023-12-02T10:01:57","guid":{"rendered":"https:\/\/electro-tot-menage.es\/?post_type=product&#038;p=11187"},"modified":"2025-05-28T01:53:29","modified_gmt":"2025-05-27T23:53:29","slug":"biwbik-velo-electrique-mod-gante-batterie-lithium-ion-36v-12ah-blanc","status":"publish","type":"product","link":"https:\/\/electro-tot-menage.es\/index.php\/produit\/biwbik-velo-electrique-mod-gante-batterie-lithium-ion-36v-12ah-blanc\/","title":{"rendered":"Bicicleta el\u00e9ctrica biwbik Mod. Bater\u00eda de iones de litio Glove 36 V 12 Ah \u2013 BLANCA"},"content":{"rendered":"<p>Tipo de bicicleta: Bicicleta el\u00e9ctrica urbana<br \/>\nGrupo de edad (descripci\u00f3n) Adulto<br \/>\nMarca biwbik<br \/>\nN\u00famero de velocidades 6<br \/>\nColor GANTE BLANCO HD<br \/>\nTama\u00f1o de rueda 26 pulgadas<br \/>\nMaterial del marco A<br \/>\nTipo de suspensi\u00f3n Sin suspensi\u00f3n<br \/>\nCarrito de compras especial<br \/>\nComponentes incluidos en el carrito de compra<\/p>\n<p>*Acerca de este art\u00edculo<br \/>\n&#8211; Nuevo modelo con frenos de disco hidr\u00e1ulicos.<br \/>\n&#8211; V\u00e1lido para Bonus de EAU &#8211; Certificado CE EN15194 &#8211; Bicicleta el\u00e9ctrica asistida &#8211; Bater\u00eda de 36 V 12 Ah incluida<br \/>\n&#8211; Cambio Shimano de 6 velocidades &#8211; Llanta de doble pared &#8211; Luz LED delantera y trasera &#8211; Cesta con tapa &#8211;<br \/>\n&#8211; Sistema PAS (Pedaleo Asistido) homologado CE con 3 niveles de asistencia &#8211; motor sin escobillas de 250 W y 36 V &#8211; autonom\u00eda 40\u201380 km*<br \/>\n* dependiendo del peso del ciclista, modo de velocidad seleccionado, pendientes, superficie de la carretera, factores clim\u00e1ticos<\/p>\n","protected":false},"excerpt":{"rendered":"<p>\u2705 Env\u00edo gratuito: de 5 a 7 d\u00edas<br \/>\n\u2705 Env\u00edo expr\u00e9s (9\u202f\u20ac): de 2 a 3 d\u00edas<br \/>\n\u2705 Pago seguro<br \/>\n\u2705 Devoluci\u00f3n en 30 d\u00edas<\/p>\n","protected":false},"featured_media":11329,"comment_status":"closed","ping_status":"closed","template":"","meta":[],"product_cat":[93,92],"product_tag":[],"class_list":["post-11187","product","type-product","status-publish","has-post-thumbnail","hentry","product_cat-bicicleta-electrica","product_cat-deportes-y-ocio"],"_links":{"self":[{"href":"https:\/\/electro-tot-menage.es\/index.php\/wp-json\/wp\/v2\/product\/11187"}],"collection":[{"href":"https:\/\/electro-tot-menage.es\/index.php\/wp-json\/wp\/v2\/product"}],"about":[{"href":"https:\/\/electro-tot-menage.es\/index.php\/wp-json\/wp\/v2\/types\/product"}],"replies":[{"embeddable":true,"href":"https:\/\/electro-tot-menage.es\/index.php\/wp-json\/wp\/v2\/comments?post=11187"}],"version-history":[{"count":5,"href":"https:\/\/electro-tot-menage.es\/index.php\/wp-json\/wp\/v2\/product\/11187\/revisions"}],"predecessor-version":[{"id":14515,"href":"https:\/\/electro-tot-menage.es\/index.php\/wp-json\/wp\/v2\/product\/11187\/revisions\/14515"}],"wp:featuredmedia":[{"embeddable":true,"href":"https:\/\/electro-tot-menage.es\/index.php\/wp-json\/wp\/v2\/media\/11329"}],"wp:attachment":[{"href":"https:\/\/electro-tot-menage.es\/index.php\/wp-json\/wp\/v2\/media?parent=11187"}],"wp:term":[{"taxonomy":"product_cat","embeddable":true,"href":"https:\/\/electro-tot-menage.es\/index.php\/wp-json\/wp\/v2\/product_cat?post=11187"},{"taxonomy":"product_tag","embeddable":true,"href":"https:\/\/electro-tot-menage.es\/index.php\/wp-json\/wp\/v2\/product_tag?post=11187"}],"curies":[{"name":"wp","href":"https:\/\/api.w.org\/{rel}","templated":true}]}}