{"id":11185,"date":"2023-12-02T11:01:57","date_gmt":"2023-12-02T10:01:57","guid":{"rendered":"https:\/\/electro-tot-menage.es\/?post_type=product&#038;p=11185"},"modified":"2025-05-28T01:50:51","modified_gmt":"2025-05-27T23:50:51","slug":"vtc-electrique-trek-allant-9-9s-noir","status":"publish","type":"product","link":"https:\/\/electro-tot-menage.es\/index.php\/produit\/vtc-electrique-trek-allant-9-9s-noir\/","title":{"rendered":"VTC el\u00e9ctrico TREK Allant+ 9.9S Negro"},"content":{"rendered":"<p class=\"\" data-start=\"55\" data-end=\"308\"><strong data-start=\"55\" data-end=\"125\">Caracter\u00edsticas del producto VTC el\u00e9ctrico TREK Allant+ 9.9S Negro<\/strong><br data-start=\"125\" data-end=\"128\" \/>Modelo 2020<br data-start=\"139\" data-end=\"142\" \/>Disfruta de un cuadro de carbono y componentes de alta gama, impulsados por el sistema de transmisi\u00f3n m\u00e1s r\u00e1pido de Bosch, que tambi\u00e9n ofrece una autonom\u00eda muy larga.<\/p>\n<p class=\"\" data-start=\"310\" data-end=\"690\">El controlador Kiox en color muestra informaci\u00f3n sobre la conducci\u00f3n, asegura la conexi\u00f3n con tus dispositivos Bluetooth y cuenta con protecci\u00f3n antirrobo integrada. El sistema de bater\u00eda integrada extra\u00edble de Trek (RIB) presenta un dise\u00f1o notable y muy pr\u00e1ctico: oculta completamente la bater\u00eda dentro del cuadro y permite retirarla f\u00e1cilmente para cargarla en casa o guardarla.<\/p>\n<p class=\"\" data-start=\"692\" data-end=\"982\">Est\u00e1 listo para rodar con accesorios como guardabarros y luces alimentadas por la bater\u00eda.<br data-start=\"782\" data-end=\"785\" \/>Compatible con Range Boost, una bater\u00eda adicional que duplica la autonom\u00eda de tu VTTAE para que puedas rodar m\u00e1s tiempo, hacer trayectos diarios m\u00e1s largos y embarcarte en aventuras m\u00e1s ambiciosas.<\/p>\n<p class=\"\" data-start=\"984\" data-end=\"1014\"><strong data-start=\"984\" data-end=\"1012\">Caracter\u00edsticas t\u00e9cnicas<\/strong><\/p>\n<ul data-start=\"1015\" data-end=\"1337\">\n<li class=\"\" data-start=\"1015\" data-end=\"1040\">\n<p class=\"\" data-start=\"1017\" data-end=\"1040\">Uso: Urbano, senderos<\/p>\n<\/li>\n<li class=\"\" data-start=\"1041\" data-end=\"1062\">\n<p class=\"\" data-start=\"1043\" data-end=\"1062\">Material: Carbono<\/p>\n<\/li>\n<li class=\"\" data-start=\"1063\" data-end=\"1103\">\n<p class=\"\" data-start=\"1065\" data-end=\"1103\">Motor: Motor central, 17 Ah &#8211; 600 Wh<\/p>\n<\/li>\n<li class=\"\" data-start=\"1104\" data-end=\"1122\">\n<p class=\"\" data-start=\"1106\" data-end=\"1122\">G\u00e9nero: Hombre<\/p>\n<\/li>\n<li class=\"\" data-start=\"1123\" data-end=\"1155\">\n<p class=\"\" data-start=\"1125\" data-end=\"1155\">Transmisi\u00f3n: Gates, mec\u00e1nica<\/p>\n<\/li>\n<li class=\"\" data-start=\"1156\" data-end=\"1195\">\n<p class=\"\" data-start=\"1158\" data-end=\"1195\">Frenos: Frenos de disco hidr\u00e1ulicos<\/p>\n<\/li>\n<li class=\"\" data-start=\"1196\" data-end=\"1222\">\n<p class=\"\" data-start=\"1198\" data-end=\"1222\">Tama\u00f1o de ruedas: 700c<\/p>\n<\/li>\n<li class=\"\" data-start=\"1223\" data-end=\"1239\">\n<p class=\"\" data-start=\"1225\" data-end=\"1239\">Color: Negro<\/p>\n<\/li>\n<li class=\"\" data-start=\"1240\" data-end=\"1267\">\n<p class=\"\" data-start=\"1242\" data-end=\"1267\">Garant\u00eda piezas: 2 a\u00f1os<\/p>\n<\/li>\n<li class=\"\" data-start=\"1268\" data-end=\"1300\">\n<p class=\"\" data-start=\"1270\" data-end=\"1300\">Garant\u00eda cuadro: De por vida<\/p>\n<\/li>\n<li class=\"\" data-start=\"1301\" data-end=\"1314\">\n<p class=\"\" data-start=\"1303\" data-end=\"1314\">A\u00f1o: 2020<\/p>\n<\/li>\n<li class=\"\" data-start=\"1315\" data-end=\"1337\">\n<p class=\"\" data-start=\"1317\" data-end=\"1337\">Peso neto: 18.8 kg<\/p>\n<\/li>\n<\/ul>\n<p class=\"\" data-start=\"1339\" data-end=\"1356\"><strong data-start=\"1339\" data-end=\"1354\">Componentes<\/strong><\/p>\n<ul data-start=\"1357\" data-end=\"2541\">\n<li class=\"\" data-start=\"1357\" data-end=\"1393\">\n<p class=\"\" data-start=\"1359\" data-end=\"1393\">Bater\u00eda: Bosch PowerTube, 625 Wh<\/p>\n<\/li>\n<li class=\"\" data-start=\"1394\" data-end=\"1655\">\n<p class=\"\" data-start=\"1396\" data-end=\"1655\">Cuadro: Cuadro de bicicleta el\u00e9ctrica de carbono OCLV de alto rendimiento con bater\u00eda integrada (compatible con Range Boost) y protecci\u00f3n Motor Armor, guiado interno de cables integrado, frenos de disco con fijaci\u00f3n Post-Mount, punteras con eje pasante de 1<\/p>\n<\/li>\n<li class=\"\" data-start=\"1656\" data-end=\"1718\">\n<p class=\"\" data-start=\"1658\" data-end=\"1718\">Cassette: Shimano SLX M7100, 10-45 dientes, 12 velocidades<\/p>\n<\/li>\n<li class=\"\" data-start=\"1719\" data-end=\"1793\">\n<p class=\"\" data-start=\"1721\" data-end=\"1793\">Manillar: Bontrager Pro Lowriser, carbono, 31,8 mm, elevaci\u00f3n de 15 mm<\/p>\n<\/li>\n<li class=\"\" data-start=\"1794\" data-end=\"1914\">\n<p class=\"\" data-start=\"1796\" data-end=\"1914\">Horquilla: Horquilla Allant+ de carbono, eje de carbono 1-1\/8&#8243;, eje pasante 100&#215;15 mm, disco con fijaci\u00f3n Post-Mount<\/p>\n<\/li>\n<li class=\"\" data-start=\"1915\" data-end=\"2012\">\n<p class=\"\" data-start=\"1917\" data-end=\"2012\">Frenos: Magura MT5E, freno de disco hidr\u00e1ulico de 4 pistones con conmutador para luz de freno<\/p>\n<\/li>\n<li class=\"\" data-start=\"2013\" data-end=\"2057\">\n<p class=\"\" data-start=\"2015\" data-end=\"2057\">Mandos: Shimano XT M8100, 12 velocidades<\/p>\n<\/li>\n<li class=\"\" data-start=\"2058\" data-end=\"2108\">\n<p class=\"\" data-start=\"2060\" data-end=\"2108\">Motor: Bosch Performance Speed, 75 Nm, 45 km\/h<\/p>\n<\/li>\n<li class=\"\" data-start=\"2109\" data-end=\"2138\">\n<p class=\"\" data-start=\"2111\" data-end=\"2138\">Bielas: ProWheel aleaci\u00f3n<\/p>\n<\/li>\n<li class=\"\" data-start=\"2139\" data-end=\"2241\">\n<p class=\"\" data-start=\"2141\" data-end=\"2241\">Neum\u00e1ticos: Bontrager E6 Hard-Case Lite, reflectantes, tal\u00f3n de aramida, 60 TPI, 27,5&#215;2,4 pulgadas<\/p>\n<\/li>\n<li class=\"\" data-start=\"2242\" data-end=\"2340\">\n<p class=\"\" data-start=\"2244\" data-end=\"2340\">Potencia: Horquilla de aleaci\u00f3n forjada Allant+, guiado interno de cables, collar\u00edn de 31,8 mm<\/p>\n<\/li>\n<li class=\"\" data-start=\"2341\" data-end=\"2418\">\n<p class=\"\" data-start=\"2343\" data-end=\"2418\">Ruedas: Alex MD35, Tubeless Ready, 32 radios, ancho 35 mm, v\u00e1lvula presta<\/p>\n<\/li>\n<li class=\"\" data-start=\"2419\" data-end=\"2468\">\n<p class=\"\" data-start=\"2421\" data-end=\"2468\">Sill\u00edn: Bontrager Commuter Comp, ancho 165 mm<\/p>\n<\/li>\n<li class=\"\" data-start=\"2469\" data-end=\"2541\">\n<p class=\"\" data-start=\"2471\" data-end=\"2541\">Tija de sill\u00edn: Aleaci\u00f3n Bontrager, 31,6 mm, desplazamiento de 12 mm<\/p>\n<\/li>\n<\/ul>\n","protected":false},"excerpt":{"rendered":"<p>\u2705 Env\u00edo gratuito: de 5 a 7 d\u00edas<br \/>\n\u2705 Env\u00edo expr\u00e9s (9\u202f\u20ac): de 2 a 3 d\u00edas<br \/>\n\u2705 Pago seguro<br \/>\n\u2705 Devoluci\u00f3n en 30 d\u00edas<\/p>\n","protected":false},"featured_media":11313,"comment_status":"closed","ping_status":"closed","template":"","meta":[],"product_cat":[93,92],"product_tag":[],"class_list":["post-11185","product","type-product","status-publish","has-post-thumbnail","hentry","product_cat-bicicleta-electrica","product_cat-deportes-y-ocio"],"_links":{"self":[{"href":"https:\/\/electro-tot-menage.es\/index.php\/wp-json\/wp\/v2\/product\/11185"}],"collection":[{"href":"https:\/\/electro-tot-menage.es\/index.php\/wp-json\/wp\/v2\/product"}],"about":[{"href":"https:\/\/electro-tot-menage.es\/index.php\/wp-json\/wp\/v2\/types\/product"}],"replies":[{"embeddable":true,"href":"https:\/\/electro-tot-menage.es\/index.php\/wp-json\/wp\/v2\/comments?post=11185"}],"version-history":[{"count":4,"href":"https:\/\/electro-tot-menage.es\/index.php\/wp-json\/wp\/v2\/product\/11185\/revisions"}],"predecessor-version":[{"id":14513,"href":"https:\/\/electro-tot-menage.es\/index.php\/wp-json\/wp\/v2\/product\/11185\/revisions\/14513"}],"wp:featuredmedia":[{"embeddable":true,"href":"https:\/\/electro-tot-menage.es\/index.php\/wp-json\/wp\/v2\/media\/11313"}],"wp:attachment":[{"href":"https:\/\/electro-tot-menage.es\/index.php\/wp-json\/wp\/v2\/media?parent=11185"}],"wp:term":[{"taxonomy":"product_cat","embeddable":true,"href":"https:\/\/electro-tot-menage.es\/index.php\/wp-json\/wp\/v2\/product_cat?post=11185"},{"taxonomy":"product_tag","embeddable":true,"href":"https:\/\/electro-tot-menage.es\/index.php\/wp-json\/wp\/v2\/product_tag?post=11185"}],"curies":[{"name":"wp","href":"https:\/\/api.w.org\/{rel}","templated":true}]}}