{"id":11172,"date":"2023-12-02T11:01:56","date_gmt":"2023-12-02T10:01:56","guid":{"rendered":"https:\/\/electro-tot-menage.es\/?post_type=product&#038;p=11172"},"modified":"2025-07-26T01:48:22","modified_gmt":"2025-07-25T23:48:22","slug":"karcher-k-7-nettoyeur-haute-pression-power-pression-180-bar","status":"publish","type":"product","link":"https:\/\/electro-tot-menage.es\/index.php\/produit\/karcher-k-7-nettoyeur-haute-pression-power-pression-180-bar\/","title":{"rendered":"Hidrolimpiadora K\u00e4rcher K7 Power, presi\u00f3n 180 bar"},"content":{"rendered":"<p>Hidrolimpiadora K\u00e4rcher K 7 Power, Presi\u00f3n: 180 bar, Caudal: 600 l\/h, Superficie de limpieza: 60 m\u00b2\/h, Potencia: 3.000 W, con pistola, boquilla rotativa, lanza pulverizadora. Alimentaci\u00f3n: Cable el\u00e9ctrico.<br \/>\nColor Negro y amarillo<br \/>\nPresi\u00f3n m\u00e1xima 180 pernos<br \/>\nPeso del art\u00edculo 20 kilogramos<br \/>\nDimensiones del producto 13L x 13W x 18H cent\u00edmetros<br \/>\nVolumen del tanque 600 litros<br \/>\nCaudal m\u00e1ximo 600 litros por hora<\/p>\n<p>Estilo: Sin equipo de local<br \/>\nTama\u00f1o: Potencia<\/p>\n<p>Volumen de suministro: El set incluye la limpiadora de alta presi\u00f3n K\u00e4rcher K 7 Power, una pistola con Quick Connect, una lanza Vario Power y una boquilla rotativa DB 180.<\/p>\n","protected":false},"excerpt":{"rendered":"<p>\u2705 Env\u00edo gratuito: de 5 a 7 d\u00edas<br \/>\n\u2705 Env\u00edo expr\u00e9s (9\u202f\u20ac): de 2 a 3 d\u00edas<br \/>\n\u2705 Pago seguro<br \/>\n\u2705 Devoluci\u00f3n en 30 d\u00edas<\/p>\n","protected":false},"featured_media":11237,"comment_status":"closed","ping_status":"closed","template":"","meta":[],"product_cat":[75,74],"product_tag":[],"class_list":["post-11172","product","type-product","status-publish","has-post-thumbnail","hentry","product_cat-casa-jardin","product_cat-lavadora-a-presion"],"_links":{"self":[{"href":"https:\/\/electro-tot-menage.es\/index.php\/wp-json\/wp\/v2\/product\/11172"}],"collection":[{"href":"https:\/\/electro-tot-menage.es\/index.php\/wp-json\/wp\/v2\/product"}],"about":[{"href":"https:\/\/electro-tot-menage.es\/index.php\/wp-json\/wp\/v2\/types\/product"}],"replies":[{"embeddable":true,"href":"https:\/\/electro-tot-menage.es\/index.php\/wp-json\/wp\/v2\/comments?post=11172"}],"version-history":[{"count":4,"href":"https:\/\/electro-tot-menage.es\/index.php\/wp-json\/wp\/v2\/product\/11172\/revisions"}],"predecessor-version":[{"id":14714,"href":"https:\/\/electro-tot-menage.es\/index.php\/wp-json\/wp\/v2\/product\/11172\/revisions\/14714"}],"wp:featuredmedia":[{"embeddable":true,"href":"https:\/\/electro-tot-menage.es\/index.php\/wp-json\/wp\/v2\/media\/11237"}],"wp:attachment":[{"href":"https:\/\/electro-tot-menage.es\/index.php\/wp-json\/wp\/v2\/media?parent=11172"}],"wp:term":[{"taxonomy":"product_cat","embeddable":true,"href":"https:\/\/electro-tot-menage.es\/index.php\/wp-json\/wp\/v2\/product_cat?post=11172"},{"taxonomy":"product_tag","embeddable":true,"href":"https:\/\/electro-tot-menage.es\/index.php\/wp-json\/wp\/v2\/product_tag?post=11172"}],"curies":[{"name":"wp","href":"https:\/\/api.w.org\/{rel}","templated":true}]}}