{"id":11171,"date":"2023-12-02T11:01:56","date_gmt":"2023-12-02T10:01:56","guid":{"rendered":"https:\/\/electro-tot-menage.es\/?post_type=product&#038;p=11171"},"modified":"2025-07-26T01:47:41","modified_gmt":"2025-07-25T23:47:41","slug":"hidrolimpiadora-karcher-k-7-premium-smart-control","status":"publish","type":"product","link":"https:\/\/electro-tot-menage.es\/index.php\/produit\/hidrolimpiadora-karcher-k-7-premium-smart-control\/","title":{"rendered":"Hidrolimpiadora K\u00e4rcher K 7 Premium Smart Control"},"content":{"rendered":"<p>* Descripci\u00f3n t\u00e9cnica<\/p>\n<p>Fabricante \u200eK\u00e4rcher<br \/>\nDimensiones del producto (largo x ancho x alto): 59,1 x 39,7 x 71,3 cm; 22,5 kilogramos<br \/>\nPresi\u00f3n m\u00e1xima 180<br \/>\nBater\u00eda(s): requiere bater\u00edas.<br \/>\nReferencia \u200e1.317-230.0<br \/>\nTama\u00f1o inteligente<br \/>\nColor amarillo y negro<br \/>\nEstilo \u00fanico<br \/>\nPatr\u00f3n \u00fanico<br \/>\nTipo de fuente de alimentaci\u00f3n \u200eCable el\u00e9ctrico<br \/>\nCaudal 600 litros por hora<br \/>\nLongitud de manguera 10 metros<br \/>\nPeso \u200e22,5 kilogramos<br \/>\nGarant\u00eda del fabricante de 3 a\u00f1os<\/p>\n<p>La soluci\u00f3n m\u00e1s potente: el K7 est\u00e1 equipado para afrontar todos los desaf\u00edos: veh\u00edculos, herramientas de jard\u00edn, muebles de balc\u00f3n, vallas y caminos, escaleras y muros de mamposter\u00eda, fachadas de piscinas y casas.<br \/>\nContenido: Hidrolimpiadora con pistola Smart Control 180 Q, lanza multichorro 3 en 1, manguera de alta presi\u00f3n de 10 m<\/p>\n<p>Nunca pierdas el control. Gracias a la innovadora empu\u00f1adura de pistola con botones +\/- y a la pantalla LCD para ajustar la presi\u00f3n y el detergente, podr\u00e1s elegir la presi\u00f3n adecuada para cada superficie. Combinado con la lanza Multi Jet 3 en 1, no es necesario cambiar la lanza si se pasa de un chorro de alta presi\u00f3n a un chorro con detergente. Comodidad mejorada. La empu\u00f1adura de la pistola y la lanza se pueden guardar en el dispositivo durante las pausas de trabajo, por lo que siempre est\u00e1n al alcance de la mano. El mango telesc\u00f3pico retr\u00e1ctil proporciona una mayor libertad de movimiento. El sistema simplificado de carga de detergente Plug &#8216;n&#8217; Clean, la pr\u00e1ctica gu\u00eda de la manguera y la base estable y alargada (que tambi\u00e9n puede usarse como segundo mango) garantizan una limpieza sencilla y c\u00f3moda. El centro de gravedad m\u00e1s bajo garantiza una mejor estabilidad. La innovadora funci\u00f3n Smart permite conectar el aspirador a trav\u00e9s de un smartphone: configurar la potencia adecuada, montar correctamente el aspirador o incluso obtener asistencia t\u00e9cnica son algunas de las posibilidades que ofrece la aplicaci\u00f3n K\u00e4rcher Home &amp; Garden. La funci\u00f3n \u201cBoost\u201d permite obtener 15 bares adicionales en poco tiempo para eliminar una mancha m\u00e1s persistente.<br \/>\nPresi\u00f3n m\u00e1xima 20-180 bar, caudal m\u00e1ximo 600 L\/h, potencia 3000 Watts, superficie recomendada \u2248 60m\u00b2\/h, motor de inducci\u00f3n refrigerado por agua, bomba de aluminio Premium.<\/p>\n","protected":false},"excerpt":{"rendered":"<p>\u2705 Env\u00edo gratuito: de 5 a 7 d\u00edas<br \/>\n\u2705 Env\u00edo expr\u00e9s (9\u202f\u20ac): de 2 a 3 d\u00edas<br \/>\n\u2705 Pago seguro<br \/>\n\u2705 Devoluci\u00f3n en 30 d\u00edas<\/p>\n","protected":false},"featured_media":11223,"comment_status":"closed","ping_status":"closed","template":"","meta":[],"product_cat":[75,74],"product_tag":[],"class_list":["post-11171","product","type-product","status-publish","has-post-thumbnail","hentry","product_cat-casa-jardin","product_cat-lavadora-a-presion"],"_links":{"self":[{"href":"https:\/\/electro-tot-menage.es\/index.php\/wp-json\/wp\/v2\/product\/11171"}],"collection":[{"href":"https:\/\/electro-tot-menage.es\/index.php\/wp-json\/wp\/v2\/product"}],"about":[{"href":"https:\/\/electro-tot-menage.es\/index.php\/wp-json\/wp\/v2\/types\/product"}],"replies":[{"embeddable":true,"href":"https:\/\/electro-tot-menage.es\/index.php\/wp-json\/wp\/v2\/comments?post=11171"}],"version-history":[{"count":3,"href":"https:\/\/electro-tot-menage.es\/index.php\/wp-json\/wp\/v2\/product\/11171\/revisions"}],"predecessor-version":[{"id":14713,"href":"https:\/\/electro-tot-menage.es\/index.php\/wp-json\/wp\/v2\/product\/11171\/revisions\/14713"}],"wp:featuredmedia":[{"embeddable":true,"href":"https:\/\/electro-tot-menage.es\/index.php\/wp-json\/wp\/v2\/media\/11223"}],"wp:attachment":[{"href":"https:\/\/electro-tot-menage.es\/index.php\/wp-json\/wp\/v2\/media?parent=11171"}],"wp:term":[{"taxonomy":"product_cat","embeddable":true,"href":"https:\/\/electro-tot-menage.es\/index.php\/wp-json\/wp\/v2\/product_cat?post=11171"},{"taxonomy":"product_tag","embeddable":true,"href":"https:\/\/electro-tot-menage.es\/index.php\/wp-json\/wp\/v2\/product_tag?post=11171"}],"curies":[{"name":"wp","href":"https:\/\/api.w.org\/{rel}","templated":true}]}}