{"id":11169,"date":"2023-12-02T11:01:56","date_gmt":"2023-12-02T10:01:56","guid":{"rendered":"https:\/\/electro-tot-menage.es\/?post_type=product&#038;p=11169"},"modified":"2025-05-28T01:38:07","modified_gmt":"2025-05-27T23:38:07","slug":"mando-playstation-5-dualsense-inalambrico-bateria-recargable-bluetooth-compatible-con-ps5","status":"publish","type":"product","link":"https:\/\/electro-tot-menage.es\/index.php\/produit\/mando-playstation-5-dualsense-inalambrico-bateria-recargable-bluetooth-compatible-con-ps5\/","title":{"rendered":"Mando PlayStation 5 DualSense, inal\u00e1mbrico, bater\u00eda recargable, Bluetooth, compatible con PS5"},"content":{"rendered":"<p>Mando DualSense oficial de Sony para PlayStation 5, inal\u00e1mbrico, bater\u00eda recargable, Bluetooth, compatible con PS5<\/p>\n<p>Color: Bicolor<\/p>\n<p>Celdas\/Bater\u00edas: 2 de iones de litio (incluidas en la entrega)<\/p>\n<p>Dimensiones del producto (largo x ancho x alto): 19,9 x 7 x 19 cm; 280 gramos<\/p>\n<p>Fecha de lanzamiento: 18 de junio de 2021<\/p>\n<p>Mando inal\u00e1mbrico DualSense para PS5, para una experiencia de juego m\u00e1s intensa e innovadora, compatible con PC mediante conexi\u00f3n USB con cable<\/p>\n<p>Caracter\u00edsticas: Altavoz y micr\u00f3fono integrados, conector para auriculares, detecci\u00f3n de movimiento de 6 ejes, puerto USB-C, retroalimentaci\u00f3n h\u00e1ptica.<\/p>\n<p>Crear tecnolog\u00eda: Producci\u00f3n y compartici\u00f3n de contenidos de videojuegos con otros jugadores, activadores adaptativos para una experiencia inmersiva<\/p>\n<p>Bater\u00eda incorporada, puede reproducir y cargar la bater\u00eda al mismo tiempo.<\/p>\n<p>Contenido: 1 x Mando inal\u00e1mbrico Sony DualSense para PS5, bater\u00eda recargable, cable de carga USB-C no incluido, manual de instrucciones, color Cosmic Red<\/p>\n","protected":false},"excerpt":{"rendered":"<p>\u2705 Env\u00edo gratuito: de 5 a 7 d\u00edas<br \/>\n\u2705 Env\u00edo expr\u00e9s (9\u202f\u20ac): de 2 a 3 d\u00edas<br \/>\n\u2705 Pago seguro<br \/>\n\u2705 Devoluci\u00f3n en 30 d\u00edas<\/p>\n","protected":false},"featured_media":11215,"comment_status":"closed","ping_status":"closed","template":"","meta":[],"product_cat":[86,88],"product_tag":[],"class_list":["post-11169","product","type-product","status-publish","has-post-thumbnail","hentry","product_cat-consolas-de-videojuegos","product_cat-estacion-de-juegos"],"_links":{"self":[{"href":"https:\/\/electro-tot-menage.es\/index.php\/wp-json\/wp\/v2\/product\/11169"}],"collection":[{"href":"https:\/\/electro-tot-menage.es\/index.php\/wp-json\/wp\/v2\/product"}],"about":[{"href":"https:\/\/electro-tot-menage.es\/index.php\/wp-json\/wp\/v2\/types\/product"}],"replies":[{"embeddable":true,"href":"https:\/\/electro-tot-menage.es\/index.php\/wp-json\/wp\/v2\/comments?post=11169"}],"version-history":[{"count":5,"href":"https:\/\/electro-tot-menage.es\/index.php\/wp-json\/wp\/v2\/product\/11169\/revisions"}],"predecessor-version":[{"id":14499,"href":"https:\/\/electro-tot-menage.es\/index.php\/wp-json\/wp\/v2\/product\/11169\/revisions\/14499"}],"wp:featuredmedia":[{"embeddable":true,"href":"https:\/\/electro-tot-menage.es\/index.php\/wp-json\/wp\/v2\/media\/11215"}],"wp:attachment":[{"href":"https:\/\/electro-tot-menage.es\/index.php\/wp-json\/wp\/v2\/media?parent=11169"}],"wp:term":[{"taxonomy":"product_cat","embeddable":true,"href":"https:\/\/electro-tot-menage.es\/index.php\/wp-json\/wp\/v2\/product_cat?post=11169"},{"taxonomy":"product_tag","embeddable":true,"href":"https:\/\/electro-tot-menage.es\/index.php\/wp-json\/wp\/v2\/product_tag?post=11169"}],"curies":[{"name":"wp","href":"https:\/\/api.w.org\/{rel}","templated":true}]}}