{"id":11168,"date":"2023-12-02T11:01:56","date_gmt":"2023-12-02T10:01:56","guid":{"rendered":"https:\/\/electro-tot-menage.es\/?post_type=product&#038;p=11168"},"modified":"2025-05-28T01:37:45","modified_gmt":"2025-05-27T23:37:45","slug":"consola-sony-ps5-edicion-digital","status":"publish","type":"product","link":"https:\/\/electro-tot-menage.es\/index.php\/produit\/consola-sony-ps5-edicion-digital\/","title":{"rendered":"Consola Sony PS5 Edici\u00f3n Digital"},"content":{"rendered":"<p>PlayStation 5 Edici\u00f3n digital sin unidad de disco. Una consola revolucionaria, totalmente centrada en el jugador, para experiencias a\u00fan m\u00e1s inmersivas.<\/p>\n<p>Tiempos de carga casi instant\u00e1neos para juegos de PS5 (instalados) gracias a una unidad de estado s\u00f3lido de ultra alta velocidad. La interfaz de usuario est\u00e1 dise\u00f1ada para proporcionar acceso instant\u00e1neo a casi todas las opciones del sistema sin salir del juego.<\/p>\n<p>Nivel de realismo inigualable gracias a la tecnolog\u00eda de renderizado de luz Ray Tracing, compatibilidad con tecnolog\u00eda HDR para colores vivos y din\u00e1micos, capacidad de jugar en 4K y 8K en juegos y pantallas compatibles<\/p>\n<p>Tecnolog\u00eda Tempest 3D AudioTech para una inmersi\u00f3n de sonido excepcional, retroalimentaci\u00f3n h\u00e1ptica y disparadores adaptativos a trav\u00e9s del controlador DualSense para sentir los efectos y el impacto de tus acciones en el juego (en una selecci\u00f3n de juegos de PS5)<\/p>\n<p>Contenido: 1x Sony PlayStation 5 Digital Edition, 1x Mando DualSense, 1x Base, Conexiones: 1 puerto HDMI 2.1, 3 puertos USB, 1 puerto USB-C, 1 puerto Ethernet, Dimensiones de la consola (AnxAlxLarg): 390 mm x 92 mm x 260 mm, Peso: 3,9 kg, Color: Blanco<\/p>\n<p>Capacidad de almacenamiento (GB)<br \/>\nSSD de 825 GB<\/p>\n<p>Bandera<br \/>\nBlanco<\/p>\n<p>Color<br \/>\nBlanco<\/p>\n<p>definici\u00f3n<br \/>\n8K (UHD)<\/p>\n<p>Comunicaci\u00f3n inal\u00e1mbrica<br \/>\nWi-Fi<\/p>\n<p>Peso<br \/>\n3.9<\/p>\n","protected":false},"excerpt":{"rendered":"<p>\u2705 Env\u00edo gratuito: de 5 a 7 d\u00edas<br \/>\n\u2705 Env\u00edo expr\u00e9s (9\u202f\u20ac): de 2 a 3 d\u00edas<br \/>\n\u2705 Pago seguro<br \/>\n\u2705 Devoluci\u00f3n en 30 d\u00edas<\/p>\n","protected":false},"featured_media":11211,"comment_status":"closed","ping_status":"closed","template":"","meta":[],"product_cat":[86,88],"product_tag":[],"class_list":["post-11168","product","type-product","status-publish","has-post-thumbnail","hentry","product_cat-consolas-de-videojuegos","product_cat-estacion-de-juegos"],"_links":{"self":[{"href":"https:\/\/electro-tot-menage.es\/index.php\/wp-json\/wp\/v2\/product\/11168"}],"collection":[{"href":"https:\/\/electro-tot-menage.es\/index.php\/wp-json\/wp\/v2\/product"}],"about":[{"href":"https:\/\/electro-tot-menage.es\/index.php\/wp-json\/wp\/v2\/types\/product"}],"replies":[{"embeddable":true,"href":"https:\/\/electro-tot-menage.es\/index.php\/wp-json\/wp\/v2\/comments?post=11168"}],"version-history":[{"count":5,"href":"https:\/\/electro-tot-menage.es\/index.php\/wp-json\/wp\/v2\/product\/11168\/revisions"}],"predecessor-version":[{"id":14498,"href":"https:\/\/electro-tot-menage.es\/index.php\/wp-json\/wp\/v2\/product\/11168\/revisions\/14498"}],"wp:featuredmedia":[{"embeddable":true,"href":"https:\/\/electro-tot-menage.es\/index.php\/wp-json\/wp\/v2\/media\/11211"}],"wp:attachment":[{"href":"https:\/\/electro-tot-menage.es\/index.php\/wp-json\/wp\/v2\/media?parent=11168"}],"wp:term":[{"taxonomy":"product_cat","embeddable":true,"href":"https:\/\/electro-tot-menage.es\/index.php\/wp-json\/wp\/v2\/product_cat?post=11168"},{"taxonomy":"product_tag","embeddable":true,"href":"https:\/\/electro-tot-menage.es\/index.php\/wp-json\/wp\/v2\/product_tag?post=11168"}],"curies":[{"name":"wp","href":"https:\/\/api.w.org\/{rel}","templated":true}]}}