{"id":3,"date":"2023-08-31T12:33:47","date_gmt":"2023-08-31T10:33:47","guid":{"rendered":"https:\/\/electro-tot-menage.es\/?page_id=3"},"modified":"2025-04-19T13:34:00","modified_gmt":"2025-04-19T11:34:00","slug":"politica-de-privacidad","status":"publish","type":"page","link":"https:\/\/electro-tot-menage.es\/index.php\/politica-de-privacidad\/","title":{"rendered":"pol\u00edtica de privacidad"},"content":{"rendered":"\n<h2 class=\"wp-block-heading\">pol\u00edtica de privacidad<\/h2>\n\n\n\n<p>ART\u00cdCULO 1 \u2013 DATOS PERSONALES RECOPILADOS<\/p>\n\n\n\n<p>Cuando compra en nuestra tienda, como parte de nuestro proceso de compra y venta, recopilamos la informaci\u00f3n personal que nos proporciona, como: B. su nombre, direcci\u00f3n y direcci\u00f3n de correo electr\u00f3nico.<\/p>\n\n\n\n<p>Cuando navegas por nuestra tienda, tambi\u00e9n recibimos autom\u00e1ticamente la direcci\u00f3n de Protocolo de Internet (IP) de tu ordenador, lo que nos permite obtener m\u00e1s detalles sobre el navegador y el sistema operativo que utilizas.<\/p>\n\n\n\n<p>Marketing por correo electr\u00f3nico (si corresponde): con su permiso, podemos enviarle correos electr\u00f3nicos sobre nuestra tienda, nuevos productos y otras actualizaciones.<\/p>\n\n\n\n<p>ART\u00cdCULO 2 \u2013 CONSENTIMIENTO<\/p>\n\n\n\n<p>\u00bfC\u00f3mo obtienen mi consentimiento?<\/p>\n\n\n\n<p>Cuando nos proporciona su informaci\u00f3n personal para completar una transacci\u00f3n, verificar su tarjeta de cr\u00e9dito, realizar un pedido, programar una entrega o devolver una compra, asumimos que usted acepta que recopilemos y utilicemos su informaci\u00f3n para sus fines. S\u00f3lo para este prop\u00f3sito.<\/p>\n\n\n\n<p>Si le solicitamos que nos proporcione su informaci\u00f3n personal por cualquier otro motivo, como fines de marketing, le solicitaremos directamente su consentimiento expl\u00edcito o le brindaremos la oportunidad de negarse.<\/p>\n\n\n\n<p>\u00bfC\u00f3mo puedo retirar mi consentimiento?<\/p>\n\n\n\n<p>Si despu\u00e9s de haber dado su consentimiento, cambia de opini\u00f3n y ya no consiente que nos comuniquemos con usted, recopilemos o compartamos su informaci\u00f3n, puede notificarnos poni\u00e9ndose en contacto con nosotros en contacto@electro-tot-menage.es o por correo postal a ELECTRO TOT MENAGE SL<br>ART\u00cdCULO 3 \u2013 DIVULGACI\u00d3N<\/p>\n\n\n\n<p>Podemos divulgar su informaci\u00f3n personal si la ley nos lo exige o si viola nuestros T\u00e9rminos de venta y uso.<\/p>\n\n\n\n<p>ART\u00cdCULO 4 \u2013 Nuestra Tienda<\/p>\n\n\n\n<p>Nuestra tienda est\u00e1 alojada en HOSTPAPA. Nos proporcionan la plataforma de comercio electr\u00f3nico en l\u00ednea que nos permite venderle nuestros servicios y productos.<\/p>\n\n\n\n<p>Sus datos se almacenan en el sistema de almacenamiento de datos y en bases de datos, as\u00ed como en la aplicaci\u00f3n general. Sus datos se almacenan en un servidor seguro protegido por un firewall.<\/p>\n\n\n\n<p>Pago:<\/p>\n\n\n\n<p>Si realiza su compra a trav\u00e9s de una pasarela de pago directo, almacenaremos la informaci\u00f3n de su tarjeta de cr\u00e9dito. Esta informaci\u00f3n est\u00e1 encriptada de acuerdo con el est\u00e1ndar de seguridad de datos establecido por la industria de tarjetas de pago (est\u00e1ndar PCI-DSS). La informaci\u00f3n sobre su transacci\u00f3n de compra se almacenar\u00e1 durante el tiempo que sea necesario para completar su pedido. Una vez completado su pedido, los datos de la transacci\u00f3n de compra ser\u00e1n eliminados.<\/p>\n\n\n\n<p>Todas las pasarelas de pago directo cumplen con el est\u00e1ndar PCI-DSS, administrado por el PCI Security Standards Council, un esfuerzo conjunto de empresas como Visa, MasterCard, American Express y Discover.<\/p>\n\n\n\n<p>Los requisitos PCI-DSS garantizan el procesamiento seguro de los datos de tarjetas de cr\u00e9dito por parte de nuestra tienda y sus proveedores de servicios.<\/p>\n\n\n\n<p>Para obtener m\u00e1s informaci\u00f3n, consulte los T\u00e9rminos de uso aqu\u00ed o la Pol\u00edtica de privacidad aqu\u00ed.<\/p>\n\n\n\n<p>ART\u00cdCULO 5 \u2013 SERVICIOS PRESTADOS POR TERCEROS<\/p>\n\n\n\n<p>En principio, los proveedores externos que utilizamos solo recopilar\u00e1n, usar\u00e1n y compartir\u00e1n sus datos en la medida necesaria para prestar los servicios que nos brindan.<\/p>\n\n\n\n<p>Sin embargo, ciertos proveedores de servicios de terceros, como pasarelas de pago y otros procesadores de transacciones de pago, tienen sus propias pol\u00edticas de privacidad con respecto a la informaci\u00f3n que estamos obligados a proporcionarles para sus transacciones de compra.<\/p>\n\n\n\n<p>Con respecto a estos proveedores, le recomendamos que lea atentamente sus pol\u00edticas de privacidad para que comprenda c\u00f3mo manejan su informaci\u00f3n personal.<\/p>\n\n\n\n<p>Recuerde que algunos proveedores pueden estar ubicados o tener instalaciones en una jurisdicci\u00f3n diferente a la suya o la nuestra. Por lo tanto, si decide continuar con una transacci\u00f3n que requiere los servicios de un proveedor de servicios externo, su informaci\u00f3n puede quedar sujeta a las leyes de la jurisdicci\u00f3n en la que se encuentra dicho proveedor de servicios o de la jurisdicci\u00f3n en la que se encuentran sus instalaciones.<\/p>\n\n\n\n<p>Por ejemplo, si se encuentra en Canad\u00e1 y su transacci\u00f3n es procesada por una pasarela de pago en los Estados Unidos, su informaci\u00f3n utilizada para completar la transacci\u00f3n puede estar sujeta a divulgaci\u00f3n seg\u00fan las leyes de los Estados Unidos, incluida la Ley Patriota.<\/p>\n\n\n\n<p>Una vez que abandona el sitio web de nuestra tienda o es redirigido a un sitio web o aplicaci\u00f3n de terceros, ya no est\u00e1 sujeto a esta Pol\u00edtica de privacidad ni a los T\u00e9rminos y condiciones de venta y uso. Uso de nuestro sitio web.<\/p>\n\n\n\n<p>Conexiones<\/p>\n\n\n\n<p>Es posible que se le solicite que abandone nuestro sitio web al hacer clic en ciertos enlaces de nuestro sitio web. No somos responsables de las pr\u00e1cticas de privacidad de estos otros sitios web y le recomendamos que lea atentamente sus pol\u00edticas de privacidad.<\/p>\n\n\n\n<p>ART\u00cdCULO 6 \u2013 SEGURIDAD<\/p>\n\n\n\n<p>Para proteger su informaci\u00f3n personal, tomamos precauciones razonables y seguimos las mejores pr\u00e1cticas de la industria para asegurarnos de que no se pierda, utilice mal, acceda, divulgue, altere o destruya de manera inapropiada.<\/p>\n\n\n\n<p>Cuando nos proporciona la informaci\u00f3n de contacto de su tarjeta de cr\u00e9dito, \u00e9sta se encripta mediante el protocolo de seguridad SSL y se almacena con encriptaci\u00f3n AES-256. Si bien ning\u00fan m\u00e9todo de transmisi\u00f3n a trav\u00e9s de Internet o almacenamiento electr\u00f3nico es 100% seguro, cumplimos con todos los requisitos de PCI-DSS e implementamos est\u00e1ndares adicionales generalmente aceptados en la industria.<br>ARCHIVOS DE COOKIES<\/p>\n\n\n\n<p>Aqu\u00ed hay una lista de las cookies que utilizamos. Los hemos enumerado aqu\u00ed para que puedas decidir si quieres permitirlos o no.<\/p>\n\n\n\n<p>_session_id, identificador \u00fanico de sesi\u00f3n, permite almacenar contactos relacionados con tu sesi\u00f3n (referente, landing page, etc.).<\/p>\n\n\n\n<p>No se almacenan datos que persistan durante 30 minutos desde la \u00faltima visita. Utilizado por el sistema de seguimiento de estad\u00edsticas internas de nuestro proveedor de sitio web para registrar el n\u00famero de visitas.<\/p>\n\n\n\n<p>No se almacenan datos; Expira a la medianoche (dependiendo de la ubicaci\u00f3n del visitante) del d\u00eda siguiente. Calcula el n\u00famero de visitas a una tienda por cliente individual.<\/p>\n\n\n\n<p>Carrito de compras, identificador \u00fanico, persiste durante 2 semanas, almacena informaci\u00f3n de contacto relacionada con su carrito de compras.<\/p>\n\n\n\n<p>_secure_session_id, identificador de sesi\u00f3n \u00fanico<\/p>\n\n\n\n<p>storefront_digest, identificador \u00fanico, indefinido. Si la tienda tiene contrase\u00f1a, se utiliza para saber si el visitante actual tiene acceso.<\/p>\n\n\n\n<p>ART\u00cdCULO 7 \u2013 EDAD DE CONSENTIMIENTO<\/p>\n\n\n\n<p>Al utilizar este sitio, usted declara que tiene al menos la mayor\u00eda de edad en su estado o provincia de residencia y nos ha dado su consentimiento para permitir que cualquiera de sus dependientes menores utilice este sitio.<\/p>\n\n\n\n<p>SECCI\u00d3N 8 \u2013 CAMBIOS A ESTA POL\u00cdTICA DE PRIVACIDAD<\/p>\n\n\n\n<p>Nos reservamos el derecho de cambiar esta pol\u00edtica de privacidad en cualquier momento. Por favor, rev\u00edsalos peri\u00f3dicamente. Los cambios y aclaraciones entrar\u00e1n en vigor inmediatamente despu\u00e9s de su publicaci\u00f3n en el sitio web. Si cambiamos el contenido de esta pol\u00edtica, le notificaremos aqu\u00ed que se ha actualizado para que est\u00e9 al tanto de qu\u00e9 informaci\u00f3n recopilamos, c\u00f3mo la usamos y bajo qu\u00e9 circunstancias la divulgamos cuando hay una raz\u00f3n para hacerlo.<\/p>\n\n\n\n<p>Si nuestro negocio es adquirido o fusionado con otra empresa, su informaci\u00f3n puede ser transferida a los nuevos propietarios para que podamos continuar vendi\u00e9ndole productos.<\/p>\n\n\n\n<p>PREGUNTAS E INFORMACI\u00d3N DE CONTACTO<\/p>\n\n\n\n<p>Si desea acceder, corregir, modificar o eliminar cualquier contacto personal que tengamos sobre usted, registrar una queja o simplemente desea m\u00e1s contacto, comun\u00edquese con nuestro Oficial de Protecci\u00f3n de Datos en contacto@electro-tot-menage.es. por o por correo postal a ELECTRO TOT MENAGE SL \u2013 Rafael de Casanovas. 76-78, 08100 Mollet Des Vall\u00e8s, Espa\u00f1a<\/p>\n","protected":false},"excerpt":{"rendered":"<p>pol\u00edtica de privacidad ART\u00cdCULO 1 \u2013 DATOS PERSONALES RECOPILADOS Cuando compra en nuestra tienda, como parte de nuestro proceso de<\/p>\n","protected":false},"author":1,"featured_media":0,"parent":0,"menu_order":0,"comment_status":"closed","ping_status":"closed","template":"","meta":{"footnotes":""},"class_list":["post-3","page","type-page","status-publish","hentry"],"_links":{"self":[{"href":"https:\/\/electro-tot-menage.es\/index.php\/wp-json\/wp\/v2\/pages\/3"}],"collection":[{"href":"https:\/\/electro-tot-menage.es\/index.php\/wp-json\/wp\/v2\/pages"}],"about":[{"href":"https:\/\/electro-tot-menage.es\/index.php\/wp-json\/wp\/v2\/types\/page"}],"author":[{"embeddable":true,"href":"https:\/\/electro-tot-menage.es\/index.php\/wp-json\/wp\/v2\/users\/1"}],"replies":[{"embeddable":true,"href":"https:\/\/electro-tot-menage.es\/index.php\/wp-json\/wp\/v2\/comments?post=3"}],"version-history":[{"count":5,"href":"https:\/\/electro-tot-menage.es\/index.php\/wp-json\/wp\/v2\/pages\/3\/revisions"}],"predecessor-version":[{"id":13593,"href":"https:\/\/electro-tot-menage.es\/index.php\/wp-json\/wp\/v2\/pages\/3\/revisions\/13593"}],"wp:attachment":[{"href":"https:\/\/electro-tot-menage.es\/index.php\/wp-json\/wp\/v2\/media?parent=3"}],"curies":[{"name":"wp","href":"https:\/\/api.w.org\/{rel}","templated":true}]}}