{"id":10290,"date":"2023-08-31T17:28:24","date_gmt":"2023-08-31T15:28:24","guid":{"rendered":"https:\/\/electro-tot-menage.es\/?page_id=10290"},"modified":"2025-04-25T17:37:28","modified_gmt":"2025-04-25T15:37:28","slug":"politica-de-devoluciones","status":"publish","type":"page","link":"https:\/\/electro-tot-menage.es\/index.php\/politica-de-devoluciones\/","title":{"rendered":"Pol\u00edtica de devoluciones"},"content":{"rendered":"\n<h2 class=\"wp-block-heading\">Pol\u00edtica de devoluciones<\/h2>\n\n\n\n<p>El cliente dispone de 30 d\u00edas desde la fecha de entrega de su pedido (siendo la fecha aut\u00e9ntica la del albar\u00e1n de entrega) para ejercer su derecho de desistimiento y devolver cualquier art\u00edculo que no le convenga, en su embalaje original y en perfecto estado, apto para su distribuci\u00f3n.<\/p>\n\n\n\n<p>Nuestra direcci\u00f3n: Rafael de Casanovas. 76-78, 08100 Mollet Des Vall\u00e8s, Espa\u00f1a<\/p>\n\n\n\n<p>El cliente podr\u00e1 solicitar el cambio o la devoluci\u00f3n del pedido, que se efectuar\u00e1 mediante cheque a nombre del cliente en un plazo m\u00e1ximo de 14 d\u00edas h\u00e1biles desde la fecha de ejercicio del derecho de desistimiento. Si la mercanc\u00eda se devuelve a petici\u00f3n del cliente, los gastos de devoluci\u00f3n correr\u00e1n a cargo del cliente.<\/p>\n","protected":false},"excerpt":{"rendered":"<p>Pol\u00edtica de devoluciones El cliente dispone de 30 d\u00edas desde la fecha de entrega de su pedido (siendo la fecha<\/p>\n","protected":false},"author":1,"featured_media":0,"parent":0,"menu_order":0,"comment_status":"closed","ping_status":"closed","template":"","meta":{"footnotes":""},"class_list":["post-10290","page","type-page","status-publish","hentry"],"_links":{"self":[{"href":"https:\/\/electro-tot-menage.es\/index.php\/wp-json\/wp\/v2\/pages\/10290"}],"collection":[{"href":"https:\/\/electro-tot-menage.es\/index.php\/wp-json\/wp\/v2\/pages"}],"about":[{"href":"https:\/\/electro-tot-menage.es\/index.php\/wp-json\/wp\/v2\/types\/page"}],"author":[{"embeddable":true,"href":"https:\/\/electro-tot-menage.es\/index.php\/wp-json\/wp\/v2\/users\/1"}],"replies":[{"embeddable":true,"href":"https:\/\/electro-tot-menage.es\/index.php\/wp-json\/wp\/v2\/comments?post=10290"}],"version-history":[{"count":7,"href":"https:\/\/electro-tot-menage.es\/index.php\/wp-json\/wp\/v2\/pages\/10290\/revisions"}],"predecessor-version":[{"id":13623,"href":"https:\/\/electro-tot-menage.es\/index.php\/wp-json\/wp\/v2\/pages\/10290\/revisions\/13623"}],"wp:attachment":[{"href":"https:\/\/electro-tot-menage.es\/index.php\/wp-json\/wp\/v2\/media?parent=10290"}],"curies":[{"name":"wp","href":"https:\/\/api.w.org\/{rel}","templated":true}]}}