{"id":10286,"date":"2023-08-31T17:26:30","date_gmt":"2023-08-31T15:26:30","guid":{"rendered":"https:\/\/electro-tot-menage.es\/?page_id=10286"},"modified":"2025-04-19T13:26:59","modified_gmt":"2025-04-19T11:26:59","slug":"condiciones-de-venta","status":"publish","type":"page","link":"https:\/\/electro-tot-menage.es\/index.php\/condiciones-de-venta\/","title":{"rendered":"Condiciones de venta"},"content":{"rendered":"\n<h2 class=\"wp-block-heading\">Condiciones de venta<\/h2>\n\n\n\n<p>T\u00e9rminos y condiciones de venta<br>Art\u00edculo 1: Nuestras ofertas<\/p>\n\n\n\n<p>1.1 General<\/p>\n\n\n\n<p>Las presentes Condiciones Generales de Venta se aplican a todos los pedidos realizados en o a trav\u00e9s del sitio web https:\/\/electro-tot-menage.es\/.<\/p>\n\n\n\n<p>Estos t\u00e9rminos y condiciones se aplican con exclusi\u00f3n de todos los dem\u00e1s t\u00e9rminos y condiciones.<\/p>\n\n\n\n<p>Cualquier pedido realizado en el sitio web de ELECTRO TOT MENAGE SL implica el conocimiento de las presentes condiciones as\u00ed como la aceptaci\u00f3n plena, sin reservas e incondicional de las Condiciones Generales de Venta (CGV) vigentes el d\u00eda de la realizaci\u00f3n del pedido por el cliente.<\/p>\n\n\n\n<p>A efectos de los presentes T\u00e9rminos y Condiciones, se considerar\u00e1 Cliente aquella parte con la que se concluye la relaci\u00f3n de compra\/venta y a quien se factura el pedido.<\/p>\n\n\n\n<p>1.2 El alcance del marketing<\/p>\n\n\n\n<p>Los productos que ofrecemos cumplen con las leyes y normas aplicables en Francia. Si reside fuera del territorio franc\u00e9s, tenga en cuenta que usted sigue siendo el importador (o comprador intracomunitario) de los productos en cuesti\u00f3n.<br>Todos los derechos de aduana, impuestos locales, derechos de importaci\u00f3n o impuestos gubernamentales aplicables son su responsabilidad.<br>Adem\u00e1s, deber\u00e1 consultar con las autoridades locales sobre las posibilidades de importar o utilizar los productos o servicios que pretende transportar.<br>En particular, si lo hace entregar en un lugar distinto del territorio franc\u00e9s, deber\u00e1 pagar a las autoridades de su territorio todos los impuestos, regal\u00edas o c\u00e1nones debidos por copia privada o, m\u00e1s generalmente, por derechos de propiedad.<br>Si no cumple con la legislaci\u00f3n del pa\u00eds al que import\u00f3 los productos, no seremos responsables.<\/p>\n\n\n\n<p>1.3 Identificaci\u00f3n del producto: Informaci\u00f3n de contacto proporcionada<\/p>\n\n\n\n<p>Las fotograf\u00edas, textos, gr\u00e1ficos y fichas t\u00e9cnicas proceden en gran parte de documentaci\u00f3n elaborada por los fabricantes o dise\u00f1adores y se reproducen bajo su control y con su consentimiento.<\/p>\n\n\n\n<p>1.4 Precios<\/p>\n\n\n\n<p>Todos los precios de los productos puestos a la venta en el sitio web de ELECTRO TOT MENAGE SL est\u00e1n indicados en euros, incluidos todos los impuestos, excluidos los gastos de tramitaci\u00f3n y env\u00edo (si los hubiera).<br>El sitio web de Gros M\u00e9nager se reserva el derecho de modificar sus precios de venta en cualquier momento, pero se compromete a aplicar el precio vigente en el momento de la validaci\u00f3n del pedido, sujeto a la disponibilidad del producto.<\/p>\n\n\n\n<p>Art\u00edculo 2: La orden<\/p>\n\n\n\n<p>2.1 Disponibilidad<\/p>\n\n\n\n<p>2.1 Las ofertas de productos y precios son v\u00e1lidas mientras est\u00e9n visibles en el sitio web de Gros M\u00e9nager y hasta agotar existencias.<\/p>\n\n\n\n<p>2.2 Si el producto no est\u00e1 disponible despu\u00e9s de realizar el pedido, se contactar\u00e1 al cliente con la fecha l\u00edmite en la que el producto estar\u00e1 disponible. Si el cliente no desea esperar esta disponibilidad o si el producto no est\u00e1 disponible de forma permanente, se le reembolsar\u00e1 la totalidad del importe pagado (si se ha debitado su cuenta bancaria) en los 14 d\u00edas siguientes a la cancelaci\u00f3n del pedido y de conformidad con el art\u00edculo L. 138-3 del C\u00f3digo del Consumidor.<\/p>\n\n\n\n<p>2.2 Datos de contacto al realizar el pedido: Informaci\u00f3n a proporcionar<\/p>\n\n\n\n<p>Debe comprobar la integridad y exactitud de la informaci\u00f3n que proporciona al realizar su pedido, en particular la direcci\u00f3n de entrega.<br>No podemos aceptar ninguna responsabilidad por errores de entrada y las consecuencias resultantes.<br>En este contexto, los costes originados por el reenv\u00edo del pedido correr\u00e1n a tu cargo.<\/p>\n\n\n\n<p>Art\u00edculo 3: Pago<\/p>\n\n\n\n<p>3.1 M\u00e9todos de pago<\/p>\n\n\n\n<p>Para pagar su pedido, puede utilizar todos los m\u00e9todos de pago propuestos durante la validaci\u00f3n final del formulario de pedido:<\/p>\n\n\n\n<p>Tarjeta bancaria<\/p>\n\n\n\n<p>Transferencia bancaria<\/p>\n\n\n\n<p>3.2 Pago total: El principio<\/p>\n\n\n\n<p>Usted paga el precio total del producto al momento de realizar el pedido.<\/p>\n\n\n\n<p>Nos reservamos el derecho de rechazar la entrega o de completar un pedido si no lo ha pagado en su totalidad.<\/p>\n\n\n\n<p>3.3 Seguridad del pago<\/p>\n\n\n\n<p>Los contactos relacionados con la tarjeta de cr\u00e9dito del cliente se benefician del proceso de encriptaci\u00f3n SSL. Estos contactos se dirigen directamente al banco del sitio de ELECTRO TOT MENAGE SL, por lo que no se reenv\u00edan ni se almacenan en los servidores del sitio de ELECTRO TOT MENAGE SL.<\/p>\n\n\n\n<p>Art\u00edculo 4: Entrega<\/p>\n\n\n\n<p>4.1. Transporte: Tipos y costes<\/p>\n\n\n\n<p>Los productos se entregar\u00e1n en la direcci\u00f3n que usted proporcion\u00f3 en el formulario de pedido.<br>Nos reservamos el derecho de cobrar una tarifa de env\u00edo. La participaci\u00f3n deseada se detallar\u00e1 y especificar\u00e1 antes de confirmar el pedido.<\/p>\n\n\n\n<p>4.2. Retraso en la entrega<\/p>\n\n\n\n<p>Antes de realizar su pedido, se le proporcionar\u00e1 una fecha de entrega estimada. Esta fecha de entrega no tiene en cuenta los controles antifraude ni las solicitudes de recibos que en ocasiones se le puedan exigir.<\/p>\n\n\n\n<p>El plazo de entrega dado a t\u00edtulo indicativo es, en funci\u00f3n del producto, de 48 horas laborables para el env\u00edo por Colissimo sin recargo y de 24 horas laborables para el transportista Chronpost con un recargo de 3 euros. Esto s\u00f3lo se aplica a todos los pedidos realizados y confirmados antes del mediod\u00eda de lunes a viernes, excepto d\u00edas festivos, para entrega en Francia continental.<br>Estos plazos son s\u00f3lo orientativos y podr\u00e1n ser ampliados en caso de situaci\u00f3n excepcional o retraso por parte de la empresa de transporte.<\/p>\n\n\n\n<p>Dependiendo del tipo, peso y volumen de los productos solicitados, el sitio web de ELECTRO TOT MENAGE SL se reserva el derecho de utilizar otras empresas o medios de transporte.<\/p>\n\n\n\n<p>4.3 P\u00e9rdida o retraso en la entrega<\/p>\n\n\n\n<p>En caso de p\u00e9rdida del paquete o retraso en la entrega debido a la empresa de transporte, la web de ELECTRO TOT MENAGE SL iniciar\u00e1 una b\u00fasqueda lo antes posible.<br>En caso de p\u00e9rdida o da\u00f1o comprobado, se enviar\u00e1 al cliente un nuevo producto, seg\u00fan disponibilidad, o se efectuar\u00e1 el reembolso si el producto no est\u00e1 disponible.<br>Si la b\u00fasqueda no tiene \u00e9xito en los 15 d\u00edas siguientes al env\u00edo, el sitio web de ELECTRO TOT MENAGE SL se compromete, a elecci\u00f3n del cliente, a devolver un nuevo producto o a reembolsar el importe del pedido.<\/p>\n\n\n\n<p>Art\u00edculo 5: Recepci\u00f3n del pedido<\/p>\n\n\n\n<p>5.1. Verificaci\u00f3n inicial: \u00bfQu\u00e9 precauciones hay que tomar?<\/p>\n\n\n\n<p>En el momento de la entrega, siempre hay que asegurarse de que el producto no presente da\u00f1os (ni de forma evidente ni tras desembalarlo). El transportista est\u00e1 obligado a darle el tiempo necesario para desembalar el producto para su inspecci\u00f3n.<br>Si el producto resulta da\u00f1ado, tienes dos opciones: o aceptas el producto de todos modos, en cuyo caso los costes de cualquier devoluci\u00f3n posterior correr\u00e1n a tu cargo. O bien rechazas el producto y el transportista es responsable de devolverlo al vendedor.<br>En todo caso, la normativa de transporte exige que comuniques cualquier incidencia a la recepci\u00f3n en el plazo de tres d\u00edas laborables mediante correo certificado con acuse de recibo. Si decide conservar el producto, es importante que mantenga los art\u00edculos en las condiciones en las que le fueron entregados (incluidos los accesorios, las instrucciones, los embalajes y los embalajes exteriores).<\/p>\n\n\n\n<p>5.2. El producto no fue entregado seg\u00fan el pedido: \u00bfqu\u00e9 debo hacer?<\/p>\n\n\n\n<p>En caso de un producto no conforme, puede dirigir sus reclamaciones a nuestro servicio de atenci\u00f3n al cliente. Se le pedir\u00e1 que proporcione una descripci\u00f3n detallada de las razones que justifican el incumplimiento.<br>Si considera que el producto no cumple con sus expectativas, le rogamos que nos lo devuelva a nuestro cargo. Sin embargo, si se determina que el producto corresponde a las caracter\u00edsticas pero usted no est\u00e1 satisfecho, puede devolv\u00e9rnoslo en el marco del derecho legal de desistimiento (v\u00e9ase 6.1).<\/p>\n\n\n\n<p>Art\u00edculo 6: El derecho de desistimiento<\/p>\n\n\n\n<p>6.1 El derecho de desistimiento<\/p>\n\n\n\n<p>De conformidad con los art\u00edculos L.121-21 y siguientes. del C\u00f3digo del Consumo, el cliente dispone de 14 d\u00edas naturales desde la recepci\u00f3n de su art\u00edculo para ejercer su derecho de desistimiento, sin tener que justificar su decisi\u00f3n ni incurrir en ning\u00fan otro coste, salvo los gastos de devoluci\u00f3n, que corren a su cargo.<\/p>\n\n\n\n<p>Si pides varios art\u00edculos que se entregan individualmente, el plazo comienza a partir de la recepci\u00f3n del \u00faltimo art\u00edculo.<\/p>\n\n\n\n<p>6.2 Ejercicio del derecho de desistimiento<\/p>\n\n\n\n<p>Para ejercer su derecho de desistimiento, deber\u00e1 notificarnos su decisi\u00f3n de desistir de su pedido ya sea contactando con el Servicio de Atenci\u00f3n al Cliente o utilizando el formulario de desistimiento (anexo a estos T\u00e9rminos y Condiciones).<\/p>\n\n\n\n<p>6.3 Excepciones<\/p>\n\n\n\n<p>Tenga en cuenta que los productos copiables est\u00e1n sujetos a derechos de uso personales y espec\u00edficos que rigen la copia, la distribuci\u00f3n p\u00fablica y la reproducci\u00f3n. Para ejercer su derecho de desistimiento, no debe haber abierto el embalaje de los productos copiables.<br>Le recordamos que la ley sigue excluyendo los bienes que se fabrican seg\u00fan especificaciones precisas, son bienes personalizables o no son aptos para devoluci\u00f3n debido a su naturaleza o corren el riesgo de estropearse o caducar.<\/p>\n\n\n\n<p>6.4 Condiciones para la devoluci\u00f3n de art\u00edculos<\/p>\n\n\n\n<p>El cliente dispone de 14 d\u00edas naturales desde la fecha de notificaci\u00f3n de su decisi\u00f3n de desistimiento para devolver su art\u00edculo a la p\u00e1gina web de ELECTRO TOT MENAGE SL, siendo los gastos de devoluci\u00f3n a cargo del cliente.<\/p>\n\n\n\n<p>El cliente deber\u00e1 devolver su art\u00edculo a la siguiente direcci\u00f3n:<\/p>\n\n\n\n<p>ELECTRO TOT MENAGE SL &#8211; Rafael de Casanovas. 76-78, 08100 Mollet Des Vall\u00e8s, Espa\u00f1a<\/p>\n\n\n\n<p>El cliente tambi\u00e9n puede llevar su art\u00edculo a la direcci\u00f3n indicada; El per\u00edodo de reembolso seguir\u00e1 siendo el mismo.<\/p>\n\n\n\n<p>Caso especial<\/p>\n\n\n\n<p>Para los art\u00edculos que no puedan devolverse por correo debido a su naturaleza y\/o tama\u00f1o (por ejemplo m\u00e1s de 30 kg), el cliente encontrar\u00e1 a continuaci\u00f3n una estimaci\u00f3n de los costes de devoluci\u00f3n con un transportista de su elecci\u00f3n. El importe de los gastos de env\u00edo de la devoluci\u00f3n corre a cargo del cliente.<br>(Esta estimaci\u00f3n no es vinculante en el sitio web de Gros M\u00e9nager. El precio de la devoluci\u00f3n del art\u00edculo puede variar seg\u00fan el transportista elegido.)<\/p>\n\n\n\n<p>6.5 Reembolso<\/p>\n\n\n\n<p>Tras su solicitud de desistimiento, el sitio web de ELECTRO TOT MENAGE SL le reembolsar\u00e1, de conformidad con la legislaci\u00f3n vigente, dentro de los 14 d\u00edas siguientes a la notificaci\u00f3n de la solicitud de desistimiento. Si no recibe el producto en este plazo o no aporta justificante del env\u00edo de su producto, el sitio web de ELECTRO TOT MENAGE SL se reserva el derecho de posponer el reembolso hasta la recepci\u00f3n del producto.<br>El pago se realizar\u00e1 mediante el mismo medio de pago utilizado por el Cliente para la transacci\u00f3n original, salvo imposibilidad t\u00e9cnica.<br>Si el cliente ha elegido expresamente un m\u00e9todo de env\u00edo m\u00e1s caro que el m\u00e9todo de env\u00edo est\u00e1ndar, solo se reembolsar\u00e1 el importe del env\u00edo est\u00e1ndar.<\/p>\n\n\n\n<p>Sin embargo, de conformidad con el art\u00edculo L.121-21-3 del C\u00f3digo del Consumo, la responsabilidad del cliente podr\u00e1 invocarse en caso de depreciaci\u00f3n de los bienes resultante de una manipulaci\u00f3n distinta a la necesaria para establecer la naturaleza, las caracter\u00edsticas y el buen funcionamiento del producto. Para ello, el cliente deber\u00e1 manipular e inspeccionar el producto con todas las precauciones necesarias.<br>El cliente tambi\u00e9n deber\u00e1 asegurarse de que el pedido que est\u00e1 cancelando se devuelva en su totalidad.<\/p>\n\n\n\n<p>6.6 El efecto del derecho de desistimiento<\/p>\n\n\n\n<p>De acuerdo con el art\u00edculo L 121-21-7, el ejercicio del derecho de desistimiento de un contrato principal pone fin autom\u00e1ticamente a cualquier contrato accesorio, a menos que el contrato accesorio se haya celebrado antes de la expiraci\u00f3n del plazo de desistimiento.<\/p>\n\n\n\n<p>Art\u00edculo 7: Garant\u00edas<\/p>\n\n\n\n<p>7.1 Garant\u00edas legales<\/p>\n\n\n\n<p>Se recuerda que, en el marco de la garant\u00eda legal de conformidad, el consumidor:<\/p>\n\n\n\n<p>\u2013 Disfrutar de un plazo de dos a\u00f1os desde la entrega del inmueble para interponer acciones.<\/p>\n\n\n\n<p>\u2013 Puede elegir entre la reparaci\u00f3n o la sustituci\u00f3n del bien, con sujeci\u00f3n a las condiciones de coste previstas en el art\u00edculo L. 211-9 del C\u00f3digo del Consumo.<\/p>\n\n\n\n<p>\u2013 est\u00e1 exento de la obligaci\u00f3n de probar que los bienes no son conformes al contrato durante un per\u00edodo de seis meses a partir de la entrega de los bienes. Este plazo se ampl\u00eda a veinticuatro meses a partir del 18 de marzo de 2016, con excepci\u00f3n de los bienes de segunda mano.<\/p>\n\n\n\n<p>\u2013 La garant\u00eda legal de conformidad se aplica independientemente de la garant\u00eda comercial que pueda cubrir su propiedad.<\/p>\n\n\n\n<p>Se recuerda que el consumidor puede decidir invocar la garant\u00eda contra los vicios ocultos de la cosa vendida en el sentido del art\u00edculo 1641 del C\u00f3digo Civil y que, en este caso, puede tener la opci\u00f3n entre rescindir la compra o reducir el precio con el art\u00edculo 1644 del C\u00f3digo Civil.<\/p>\n\n\n\n<p>Art\u00edculo L211-4 del C\u00f3digo del Consumo<\/p>\n\n\n\n<p>El vendedor est\u00e1 obligado a entregar la mercanc\u00eda de conformidad con el contrato y es responsable de cualquier falta de conformidad existente en el momento de la entrega.<\/p>\n\n\n\n<p>Tambi\u00e9n ser\u00e1 responsable de cualquier falta de conformidad resultante del embalaje, de las instrucciones de montaje o de la instalaci\u00f3n si \u00e9stas le son imputables contractualmente o se han realizado bajo su responsabilidad.<\/p>\n\n\n\n<p>Art\u00edculo L211-5 del C\u00f3digo del Consumo<\/p>\n\n\n\n<p>Para cumplir con el contrato, el inmueble deber\u00e1:<\/p>\n\n\n\n<p>1 Deber\u00e1n ser aptos para el uso normalmente esperado de productos similares y, en su caso:<\/p>\n\n\n\n<p>\u2013 corresponden a la descripci\u00f3n del vendedor y tienen las caracter\u00edsticas que el vendedor present\u00f3 al comprador en forma de muestra o modelo<\/p>\n\n\n\n<p>\u2013 representan las caracter\u00edsticas que un comprador puede razonablemente esperar a la luz de las declaraciones p\u00fablicas hechas por el vendedor, el fabricante o su representante, en particular en la publicidad o el etiquetado<\/p>\n\n\n\n<p>2 O tener las caracter\u00edsticas definidas de com\u00fan acuerdo entre las partes o ser apto para un uso particular deseado por el comprador, puesto en conocimiento del vendedor y aceptado por \u00e9ste.<\/p>\n\n\n\n<p>Art\u00edculo L211-12 del C\u00f3digo del Consumo<\/p>\n\n\n\n<p>El plazo de prescripci\u00f3n de las acciones por falta de contrato es de 2 a\u00f1os desde la entrega de la mercanc\u00eda.<\/p>\n\n\n\n<p>Art\u00edculo L211-16 del C\u00f3digo del Consumo<\/p>\n\n\n\n<p>Si el comprador solicita al vendedor, durante la vigencia de la garant\u00eda comercial que se le concedi\u00f3 con motivo de la adquisici\u00f3n o reparaci\u00f3n de un bien mueble, se a\u00f1adir\u00e1 al per\u00edodo de garant\u00eda restante un posible per\u00edodo de inactividad de al menos siete d\u00edas. Este plazo comenzar\u00e1 a correr a partir de la solicitud de intervenci\u00f3n del comprador o de la puesta a disposici\u00f3n del bien en cuesti\u00f3n para su reparaci\u00f3n, si dicha puesta a disposici\u00f3n se produce despu\u00e9s de la solicitud de intervenci\u00f3n.<\/p>\n\n\n\n<p>Art\u00edculo 1641 del C\u00f3digo Civil<\/p>\n\n\n\n<p>El vendedor queda obligado por la garant\u00eda por los vicios ocultos de la cosa vendida que la hagan inadecuada para el uso al que est\u00e1 destinada o que perjudiquen este uso de tal manera que el comprador no la habr\u00eda adquirido o no la habr\u00eda utilizado. Habr\u00eda dado un precio m\u00e1s bajo si la hubiera conocido.<\/p>\n\n\n\n<p>Art\u00edculo 1648 apartado 1 del C\u00f3digo Civil<\/p>\n\n\n\n<p>Las reclamaciones por defectos materiales deber\u00e1n ser presentadas por el comprador dentro de los 2 a\u00f1os siguientes al descubrimiento del defecto.<\/p>\n\n\n\n<p>La existencia y el alcance de la garant\u00eda del fabricante se indican en la ficha del art\u00edculo.<\/p>\n\n\n\n<p>La garant\u00eda solo cubre piezas, mano de obra y costos de env\u00edo de devoluci\u00f3n del dispositivo despu\u00e9s de la reparaci\u00f3n. El env\u00edo del producto para su reparaci\u00f3n es responsabilidad del cliente.<br>La garant\u00eda no cubre el desgaste normal de un producto (por ejemplo, filtros, cepillos, etc.); Tampoco cubre la reparaci\u00f3n de da\u00f1os resultantes de una causa externa al dispositivo (por ejemplo, debido a un accidente, un golpe, la ca\u00edda de un rayo, una tormenta, la presencia de arena y\/o agua, polvo (y m\u00e1s generalmente debido a cuerpos extra\u00f1os en el interior del dispositivo, fluctuaciones de corriente, oxidaci\u00f3n, etc.), uso, uso inadecuado, instalaci\u00f3n o conexi\u00f3n que no cumpla con las especificaciones o instrucciones del fabricante, uso que comprometa la conservaci\u00f3n del dispositivo, uso profesional, uso de perif\u00e9ricos, accesorios o consumibles no adaptados o incluso dispositivos modificados por un taller no autorizado.<br>En todo caso, usted se beneficia de la garant\u00eda legal contra vicios ocultos y su cumplimiento, que se aplica de conformidad con la ley.<br>Art\u00edculo 8: Uso de cookies<\/p>\n\n\n\n<p>Al navegar por el sitio web legaud-menager.com es posible que se instalen cookies en su ordenador. Los contactos recibidos no son personales y se utilizan para mejorar tu experiencia de navegaci\u00f3n, proporcionarnos estad\u00edsticas de tr\u00e1fico del sitio web y permitirte publicar en tus redes sociales desde nuestro sitio web.<\/p>\n\n\n\n<p>Puede configurar su navegador para rechazar las cookies. Sin embargo, esto puede generar cambios en la forma en la que usted accede u opera muchos sitios web.<br>Los siguientes enlaces explican c\u00f3mo puede rechazar o cambiar la configuraci\u00f3n de estas cookies:<\/p>\n\n\n\n<p>Para Internet Explorer: haga clic aqu\u00ed<br>Para Chrome: haga clic aqu\u00ed<br>Para Firefox: haga clic aqu\u00ed<br>Para Safari: haga clic aqu\u00ed<br>Art\u00edculo 9: Avisos legales y responsabilidades<\/p>\n\n\n\n<p>9.1. Derecho de contacto, ficheros y libertades<\/p>\n\n\n\n<p>De conformidad con la ley francesa \u00abContacto y Libertades\u00bb n.\u00ba 78-17 del 6 de enero de 1978, usted tiene derecho a acceder y rectificar los datos que le conciernen y puede ejercer este derecho enviando una carta a la siguiente direcci\u00f3n: contacto@electro-tot-menage.es<\/p>\n\n\n\n<p>ELECTRO TOT MENAGE SL &#8211; Rafael de Casanovas. 76-78, 08100 Mollet Des Vall\u00e8s, Espa\u00f1a<\/p>\n\n\n\n<p>Correo electr\u00f3nico: contacto@electro-tot-menage.es<\/p>\n\n\n\n<p>9.2. Medios de comunicaci\u00f3n<\/p>\n\n\n\n<p>Puede ponerse en contacto con nosotros en la siguiente direcci\u00f3n de correo electr\u00f3nico: contacto@electro-tot-menage.es para toda la informaci\u00f3n relativa al seguimiento de su pedido, el derecho de desistimiento y el ejercicio de la garant\u00eda de su producto.<\/p>\n\n\n\n<p>Ap\u00e9ndice 1: Formulario de cancelaci\u00f3n<\/p>\n\n\n\n<p>FORMULARIO DE CANCELACI\u00d3N<\/p>\n\n\n\n<p>Por favor, complete y devuelva este formulario \u00fanicamente si desea desistir del pedido realizado en o a trav\u00e9s del sitio web: legaud-menager.com, salvo las exclusiones o limitaciones al ejercicio del derecho de desistimiento previstas en el art\u00edculo 6 de nuestras condiciones generales de venta.<\/p>\n\n\n\n<p>A la atenci\u00f3n de:<\/p>\n\n\n\n<p>ELECTRO TOT MENAGE SL &#8211; Rafael de Casanovas. 76-78, 08100 Mollet Des Vall\u00e8s, Espa\u00f1a<\/p>\n\n\n\n<p>Pedido el\/Recibido el:<\/p>\n\n\n\n<p>N\u00famero de orden:<\/p>\n\n\n\n<p>Nombre del cliente:<\/p>\n\n\n\n<p>Direcci\u00f3n de correo electr\u00f3nico (utilizada para realizar pedidos):<\/p>\n\n\n\n<p>Direcci\u00f3n del cliente (direcci\u00f3n de entrega):<\/p>\n\n\n\n<p>Firma del cliente:<\/p>\n\n\n\n<p>Fecha :<\/p>\n\n\n\n<p>Despu\u00e9s de recibir su correo, le enviaremos un acuse de recibo de su correo por correo electr\u00f3nico junto con los documentos necesarios para devolver su paquete.<\/p>\n","protected":false},"excerpt":{"rendered":"<p>Condiciones de venta T\u00e9rminos y condiciones de ventaArt\u00edculo 1: Nuestras ofertas 1.1 General Las presentes Condiciones Generales de Venta se<\/p>\n","protected":false},"author":1,"featured_media":0,"parent":0,"menu_order":0,"comment_status":"closed","ping_status":"closed","template":"","meta":{"footnotes":""},"class_list":["post-10286","page","type-page","status-publish","hentry"],"_links":{"self":[{"href":"https:\/\/electro-tot-menage.es\/index.php\/wp-json\/wp\/v2\/pages\/10286"}],"collection":[{"href":"https:\/\/electro-tot-menage.es\/index.php\/wp-json\/wp\/v2\/pages"}],"about":[{"href":"https:\/\/electro-tot-menage.es\/index.php\/wp-json\/wp\/v2\/types\/page"}],"author":[{"embeddable":true,"href":"https:\/\/electro-tot-menage.es\/index.php\/wp-json\/wp\/v2\/users\/1"}],"replies":[{"embeddable":true,"href":"https:\/\/electro-tot-menage.es\/index.php\/wp-json\/wp\/v2\/comments?post=10286"}],"version-history":[{"count":7,"href":"https:\/\/electro-tot-menage.es\/index.php\/wp-json\/wp\/v2\/pages\/10286\/revisions"}],"predecessor-version":[{"id":13591,"href":"https:\/\/electro-tot-menage.es\/index.php\/wp-json\/wp\/v2\/pages\/10286\/revisions\/13591"}],"wp:attachment":[{"href":"https:\/\/electro-tot-menage.es\/index.php\/wp-json\/wp\/v2\/media?parent=10286"}],"curies":[{"name":"wp","href":"https:\/\/api.w.org\/{rel}","templated":true}]}}