{"id":10284,"date":"2023-08-31T17:15:35","date_gmt":"2023-08-31T15:15:35","guid":{"rendered":"https:\/\/electro-tot-menage.es\/?page_id=10284"},"modified":"2025-04-19T13:16:04","modified_gmt":"2025-04-19T11:16:04","slug":"condiciones-de-uso","status":"publish","type":"page","link":"https:\/\/electro-tot-menage.es\/index.php\/condiciones-de-uso\/","title":{"rendered":"Condiciones de uso"},"content":{"rendered":"\n<h2 class=\"wp-block-heading\">Condiciones de uso<\/h2>\n\n\n\n<p>\u00a1Bienvenidos a ELECTRO TOT MENAGE SL!<\/p>\n\n\n\n<p>Estos T\u00e9rminos y Condiciones describen la<br>Normas y regulaciones sobre el uso del sitio web de ELECTRO TOT MENAGE SL en www.electro-tot-menage.es.<\/p>\n\n\n\n<p>Al acceder a este sitio web asumimos que usted<br>Usted acepta estos t\u00e9rminos y condiciones. No contin\u00fae utilizando ELECTRO TOT MENAGE SL si no est\u00e1 de acuerdo con todos los t\u00e9rminos y condiciones<br>que se exponen en esta p\u00e1gina.<\/p>\n\n\n\n<p>Galletas :<\/p>\n\n\n\n<p>El sitio web utiliza cookies para ayudar<br>Personaliza tu experiencia en l\u00ednea. Al acceder a ELECTRO TOT MENAGE SL,<br>Usted ha aceptado el uso de cookies necesarias.<\/p>\n\n\n\n<p>Una cookie es un archivo de texto que el servidor de un sitio web almacena en su disco duro. Las cookies no se pueden utilizar para ejecutar programas o transmitir virus a su ordenador. Las cookies se asignan exclusivamente a usted y solo pueden ser le\u00eddas por un servidor web en el dominio que emiti\u00f3 la cookie.<\/p>\n\n\n\n<p>Podemos utilizar cookies para recopilar, almacenar y rastrear informaci\u00f3n con fines estad\u00edsticos o de marketing para operar nuestro sitio web. Tiene la opci\u00f3n de aceptar o rechazar las cookies opcionales. Hay ciertas cookies obligatorias que son necesarias para el funcionamiento de nuestro sitio web. Estas cookies no requieren consentimiento ya que siempre funcionan. Recuerde que al aceptar las cookies necesarias tambi\u00e9n acepta las cookies de terceros que pueden utilizarse a trav\u00e9s de servicios proporcionados por terceros cuando utiliza dichos servicios en nuestro sitio web, por ejemplo, un visor de v\u00eddeo proporcionado por un tercero e integrado en nuestro sitio web.<\/p>\n\n\n\n<p>Licencia:<\/p>\n\n\n\n<p>A menos que se indique lo contrario, ELECTRO TOT MENAGE SL y\/o sus licenciantes poseen los derechos de propiedad intelectual de todo el material de ELECTRO TOT MENAGE SL. Todos los derechos de propiedad intelectual est\u00e1n reservados. Podr\u00e1 acceder a este desde ELECTRO TOT MENAGE SL para su uso personal sujeto a las restricciones establecidas en estos t\u00e9rminos y condiciones.<\/p>\n\n\n\n<p>No debes:<\/p>\n\n\n\n<p>Copiar o publicar material de ELECTRO TOT MENAGE SL. Vender, alquilar o sublicenciar material de ELECTRO TOT MENAGE SL. Reproducir, duplicar o copiar material de ELECTRO TOT MENAGE SL. Redistribuir contenido de ELECTRO TOT MENAGE SL. El presente Acuerdo comenzar\u00e1 a regir a partir de la fecha del presente.<\/p>\n\n\n\n<p>Ciertas partes de este sitio web ofrecen a los usuarios la oportunidad de publicar e intercambiar opiniones e informaci\u00f3n en ciertas \u00e1reas del sitio web. ELECTRO TOT MENAGE SL no filtra, edita, publica ni revisa los Comentarios antes de su aparici\u00f3n en el sitio web. Los comentarios no reflejan las opiniones y puntos de vista de ELECTRO TOT MENAGE SL, sus agentes y\/o afiliados. Los comentarios reflejan las opiniones y puntos de vista de la persona que los publica. En la medida en que lo permitan las leyes aplicables, ELECTRO TOT MENAGE SL no ser\u00e1 responsable de los Comentarios ni de ninguna responsabilidad, da\u00f1o o gasto causado y\/o sufrido como resultado de cualquier uso y\/o visualizaci\u00f3n y\/o aparici\u00f3n de los Comentarios en este sitio web. ELECTRO TOT MENAGE SL se reserva el derecho de supervisar todos los Comentarios y eliminar aquellos que puedan considerarse inapropiados, ofensivos o que infrinjan estos T\u00e9rminos y Condiciones.<\/p>\n\n\n\n<p>Usted garantiza y declara que:<\/p>\n\n\n\n<p>Usted tiene derecho a publicar comentarios en nuestro sitio web y cuenta con todas las licencias y consentimientos necesarios para hacerlo;<br>Los comentarios no infringen ning\u00fan derecho de propiedad intelectual, en particular los derechos de autor,<br>la patente o marca de un tercero;<br>Los comentarios no contienen ning\u00fan material difamatorio, calumnioso, ofensivo, indecente o de otro modo ilegal que constituya una invasi\u00f3n de la privacidad.<br>Los comentarios no se utilizar\u00e1n para solicitar o promover ning\u00fan negocio o costumbre ni para presentar actividades comerciales o actividades ilegales.<br>Por la presente, usted otorga a ELECTRO TOT MENAGE SL una licencia no exclusiva para usar, reproducir, editar y autorizar a otros<br>Personas que puedan utilizar, reproducir y editar sus comentarios en cualquier forma, formato o medio.<\/p>\n\n\n\n<p><\/p>\n","protected":false},"excerpt":{"rendered":"<p>Condiciones de uso \u00a1Bienvenidos a ELECTRO TOT MENAGE SL! Estos T\u00e9rminos y Condiciones describen laNormas y regulaciones sobre el uso<\/p>\n","protected":false},"author":1,"featured_media":0,"parent":0,"menu_order":0,"comment_status":"closed","ping_status":"closed","template":"","meta":{"footnotes":""},"class_list":["post-10284","page","type-page","status-publish","hentry"],"_links":{"self":[{"href":"https:\/\/electro-tot-menage.es\/index.php\/wp-json\/wp\/v2\/pages\/10284"}],"collection":[{"href":"https:\/\/electro-tot-menage.es\/index.php\/wp-json\/wp\/v2\/pages"}],"about":[{"href":"https:\/\/electro-tot-menage.es\/index.php\/wp-json\/wp\/v2\/types\/page"}],"author":[{"embeddable":true,"href":"https:\/\/electro-tot-menage.es\/index.php\/wp-json\/wp\/v2\/users\/1"}],"replies":[{"embeddable":true,"href":"https:\/\/electro-tot-menage.es\/index.php\/wp-json\/wp\/v2\/comments?post=10284"}],"version-history":[{"count":5,"href":"https:\/\/electro-tot-menage.es\/index.php\/wp-json\/wp\/v2\/pages\/10284\/revisions"}],"predecessor-version":[{"id":13589,"href":"https:\/\/electro-tot-menage.es\/index.php\/wp-json\/wp\/v2\/pages\/10284\/revisions\/13589"}],"wp:attachment":[{"href":"https:\/\/electro-tot-menage.es\/index.php\/wp-json\/wp\/v2\/media?parent=10284"}],"curies":[{"name":"wp","href":"https:\/\/api.w.org\/{rel}","templated":true}]}}