{"id":10280,"date":"2023-08-31T17:01:07","date_gmt":"2023-08-31T15:01:07","guid":{"rendered":"https:\/\/electro-tot-menage.es\/?page_id=10280"},"modified":"2025-04-19T13:07:10","modified_gmt":"2025-04-19T11:07:10","slug":"avisos-legales","status":"publish","type":"page","link":"https:\/\/electro-tot-menage.es\/index.php\/avisos-legales\/","title":{"rendered":"Avisos legales"},"content":{"rendered":"\n<h2 class=\"wp-block-heading\">Avisos legales<\/h2>\n\n\n\n<p>Editor del sitio web: ELECTRO TOT MENAGE SL<\/p>\n\n\n\n<p>N\u00famero de identificaci\u00f3n fiscal: B61452983<br>N\u00famero de IVA: ESB61452983<\/p>\n\n\n\n<p>https:\/\/electro-tot-menage.es\/<br>Contacto@electro-tot-menage.es<br>Rafael de Casanovas. 76-78, 08100 Mollet Des Valles, Espa\u00f1a<\/p>\n\n\n\n<p>Para m\u00e1s informaci\u00f3n o asesoramiento, p\u00f3ngase en contacto con nosotros:<\/p>\n\n\n\n<p>En l\u00ednea, a trav\u00e9s de su \u00e1rea de cliente.<br>Hacemos todo lo posible para ofrecer a nuestros usuarios la mejor experiencia de navegaci\u00f3n posible e informaci\u00f3n completa y relevante. Si observa alg\u00fan contenido inapropiado o ilegal, le invitamos a informarnoslo en nuestra p\u00e1gina \u201cContacto\u201d.<\/p>\n\n\n\n<p>ELECTRO TOT MENAGE es titular y\/o cuenta con las autorizaciones necesarias para distribuir o poner a disposici\u00f3n a trav\u00e9s del Sitio Web todos los contenidos, incluyendo a t\u00edtulo enunciativo pero no limitativo textos, dibujos, gr\u00e1ficos, im\u00e1genes, fotograf\u00edas, marcas y logotipos. Este contenido est\u00e1 protegido por derechos de propiedad intelectual; Por lo tanto, se le proh\u00edbe copiar, modificar, transcribir, extraer, reutilizar y, en general, reproducir y distribuir este contenido sin nuestro permiso.<\/p>\n\n\n\n<p>Llamamos su atenci\u00f3n sobre el hecho de que la infracci\u00f3n de los derechos de propiedad intelectual constituye un delito penal de falsificaci\u00f3n y est\u00e1 penado por la ley.<br>Le recordamos que nuestras condiciones generales de venta y suscripci\u00f3n son accesibles en cualquier momento durante su navegaci\u00f3n en la parte inferior de cada p\u00e1gina de nuestro sitio web haciendo clic en el enlace &#8220;Condiciones generales de venta&#8221;.<br>Para obtener m\u00e1s informaci\u00f3n sobre la protecci\u00f3n y el tratamiento de sus datos personales y de las cookies, le invitamos a consultar nuestra p\u00e1gina \u201cPrivacidad y Cookies\u201d, que encontrar\u00e1 al final de cada p\u00e1gina del Sitio.<\/p>\n\n\n\n<p>Derechos de autor \u00a9<br>Toda la informaci\u00f3n o documentos contenidos en el Sitio Web, as\u00ed como todos los elementos creados para el Sitio Web, son propiedad de la empresa editora del Sitio Web o est\u00e1n sujetos a los derechos de uso, reproducci\u00f3n y representaci\u00f3n que le son concedidos. Estas informaciones, documentos o elementos estar\u00e1n sujetos a derechos de autor tan pronto como se pongan a disposici\u00f3n del p\u00fablico en este sitio web. Las copias de los documentos contenidos en este sitio web s\u00f3lo podr\u00e1n realizarse con fines informativos y \u00fanicamente para uso privado. Con respecto a los derechos de propiedad intelectual, no se concede a nadie ninguna licencia o derecho que no sea el derecho de utilizar el Sitio Web. La reproducci\u00f3n de los documentos del sitio web est\u00e1 permitida \u00fanicamente con fines informativos para uso personal y privado: cualquier reproducci\u00f3n y utilizaci\u00f3n de copias realizadas con otros fines est\u00e1 expresamente prohibida y requiere la autorizaci\u00f3n previa y expresa de la empresa. Editor del sitio web. En todos los casos, cualquier reproducci\u00f3n autorizada de la informaci\u00f3n contenida en este sitio web debe incluir la fuente correspondiente y el aviso de propiedad.<\/p>\n","protected":false},"excerpt":{"rendered":"<p>Avisos legales Editor del sitio web: ELECTRO TOT MENAGE SL N\u00famero de identificaci\u00f3n fiscal: B61452983N\u00famero de IVA: ESB61452983 https:\/\/electro-tot-menage.es\/Contacto@electro-tot-menage.esRafael de<\/p>\n","protected":false},"author":1,"featured_media":0,"parent":0,"menu_order":0,"comment_status":"closed","ping_status":"closed","template":"","meta":{"footnotes":""},"class_list":["post-10280","page","type-page","status-publish","hentry"],"_links":{"self":[{"href":"https:\/\/electro-tot-menage.es\/index.php\/wp-json\/wp\/v2\/pages\/10280"}],"collection":[{"href":"https:\/\/electro-tot-menage.es\/index.php\/wp-json\/wp\/v2\/pages"}],"about":[{"href":"https:\/\/electro-tot-menage.es\/index.php\/wp-json\/wp\/v2\/types\/page"}],"author":[{"embeddable":true,"href":"https:\/\/electro-tot-menage.es\/index.php\/wp-json\/wp\/v2\/users\/1"}],"replies":[{"embeddable":true,"href":"https:\/\/electro-tot-menage.es\/index.php\/wp-json\/wp\/v2\/comments?post=10280"}],"version-history":[{"count":6,"href":"https:\/\/electro-tot-menage.es\/index.php\/wp-json\/wp\/v2\/pages\/10280\/revisions"}],"predecessor-version":[{"id":13586,"href":"https:\/\/electro-tot-menage.es\/index.php\/wp-json\/wp\/v2\/pages\/10280\/revisions\/13586"}],"wp:attachment":[{"href":"https:\/\/electro-tot-menage.es\/index.php\/wp-json\/wp\/v2\/media?parent=10280"}],"curies":[{"name":"wp","href":"https:\/\/api.w.org\/{rel}","templated":true}]}}